{"id":80443,"date":"2023-06-13T10:49:09","date_gmt":"2023-06-13T07:49:09","guid":{"rendered":"https:\/\/exlibris.ee\/toode\/stress-mit-luna-und-andere-geschichten-epub-download\/"},"modified":"2026-04-07T21:27:29","modified_gmt":"2026-04-07T18:27:29","slug":"stress-mit-luna-und-andere-geschichten-epub-download","status":"publish","type":"product","link":"https:\/\/exlibris.ee\/en\/product\/stress-mit-luna-und-andere-geschichten-epub-download\/","title":{"rendered":"Stress mit Luna und andere Geschichten  EPUB-Download"},"content":{"rendered":"<p>Zielgruppe: Jugendliche von 12-16 Jahren (Niveaustufe A2) Jakob ist total im Stress. Zuerst die Sommergrippe. Zwei Wochen lang konnte er nicht zur Schule gehen \u2013 jetzt muss er vor den Ferien alle Pr\u00fcfungen schreiben. Einen Praktikumsplatz hat er auch noch nicht. Und seine beste Freundin Luna ist nur noch mit Ben unterwegs und hat keine Zeit f\u00fcr seine Probleme. Oder etwa doch? Am Ende wartet eine \u00dcberraschung auf Jakob \u2026 Acht am\u00fcsante Kurzgeschichten erz\u00e4hlen von Freundschaft und Verantwortung, von Schule und Praktika, von ungew\u00f6hnlichen Ferienerlebnissen und echten Abenteuern.<\/p>\n","protected":false},"excerpt":{"rendered":"<p>Zielgruppe: Jugendliche von 12-16 Jahren (Niveaustufe A2) Jakob ist total im Stress. Zuerst die Sommergrippe. Zwei Wochen lang konnte er nicht zur Schule gehen \u2013 jetzt muss er vor den Ferien alle Pr\u00fcfungen schreiben. Einen Praktikumsplatz hat er auch noch&#8230;<\/p>\n","protected":false},"featured_media":80437,"template":"","meta":{"_acf_changed":false,"inline_featured_image":false},"product_brand":[],"product_cat":[851],"product_tag":[],"series":[{"id":1282,"name":"Stress mit Luna","slug":"stress-mit-luna"}],"publisher":[{"id":497,"name":"Hueber Verlag","slug":"hueber-verlag"}],"class_list":{"0":"post-80443","1":"product","2":"type-product","3":"status-publish","4":"has-post-thumbnail","6":"product_cat-lesetexte-deutsch","7":"series-stress-mit-luna","8":"publisher-hueber-verlag","10":"first","11":"onbackorder","12":"taxable","13":"shipping-taxable","14":"purchasable","15":"product-type-simple"},"acf":[],"_links":{"self":[{"href":"https:\/\/exlibris.ee\/en\/wp-json\/wp\/v2\/product\/80443","targetHints":{"allow":["GET"]}}],"collection":[{"href":"https:\/\/exlibris.ee\/en\/wp-json\/wp\/v2\/product"}],"about":[{"href":"https:\/\/exlibris.ee\/en\/wp-json\/wp\/v2\/types\/product"}],"wp:featuredmedia":[{"embeddable":true,"href":"https:\/\/exlibris.ee\/en\/wp-json\/wp\/v2\/media\/80437"}],"wp:attachment":[{"href":"https:\/\/exlibris.ee\/en\/wp-json\/wp\/v2\/media?parent=80443"}],"wp:term":[{"taxonomy":"product_brand","embeddable":true,"href":"https:\/\/exlibris.ee\/en\/wp-json\/wp\/v2\/product_brand?post=80443"},{"taxonomy":"product_cat","embeddable":true,"href":"https:\/\/exlibris.ee\/en\/wp-json\/wp\/v2\/product_cat?post=80443"},{"taxonomy":"product_tag","embeddable":true,"href":"https:\/\/exlibris.ee\/en\/wp-json\/wp\/v2\/product_tag?post=80443"},{"taxonomy":"series","embeddable":true,"href":"https:\/\/exlibris.ee\/en\/wp-json\/wp\/v2\/series?post=80443"},{"taxonomy":"publisher","embeddable":true,"href":"https:\/\/exlibris.ee\/en\/wp-json\/wp\/v2\/publisher?post=80443"}],"curies":[{"name":"wp","href":"https:\/\/api.w.org\/{rel}","templated":true}]}}