{"id":80461,"date":"2023-06-13T10:50:01","date_gmt":"2023-06-13T07:50:01","guid":{"rendered":"https:\/\/exlibris.ee\/toode\/sprachen-lernen-im-alter-leitfaden-fur-sprachkursleiterinnen-und-sprachkursleiter-pdf-download\/"},"modified":"2026-04-18T17:18:57","modified_gmt":"2026-04-18T14:18:57","slug":"sprachen-lernen-im-alter-leitfaden-fur-sprachkursleiterinnen-und-sprachkursleiter-pdf-download","status":"publish","type":"product","link":"https:\/\/exlibris.ee\/en\/product\/sprachen-lernen-im-alter-leitfaden-fur-sprachkursleiterinnen-und-sprachkursleiter-pdf-download\/","title":{"rendered":"Sprachen lernen im Alter  Leitfaden f\u00fcr Sprachkursleiterinnen und Sprachkursleiter \/ PDF-Download"},"content":{"rendered":"<p>speziell entwickelt f\u00fcr Kursleiter\/innen an Volkshochschulen, die \u00e4ltere Lerner\/innen unterrichten &#8211; mit zahlreichen praxisbezogenen Tipps und Hinweisen f\u00fcr einen Unterricht, der auf die speziellen Bed\u00fcrfnisse \u00e4lterer Kursteilnehmer\/innen zugeschnitten ist.<\/p>\n","protected":false},"excerpt":{"rendered":"<p>speziell entwickelt f\u00fcr Kursleiter\/innen an Volkshochschulen, die \u00e4ltere Lerner\/innen unterrichten &#8211; mit zahlreichen praxisbezogenen Tipps und Hinweisen f\u00fcr einen Unterricht, der auf die speziellen Bed\u00fcrfnisse \u00e4lterer Kursteilnehmer\/innen zugeschnitten ist.<\/p>\n","protected":false},"featured_media":338583,"template":"","meta":{"_acf_changed":false,"inline_featured_image":false},"product_brand":[],"product_cat":[538],"product_tag":[],"series":[],"publisher":[{"id":497,"name":"Hueber Verlag","slug":"hueber-verlag"}],"class_list":{"0":"post-80461","1":"product","2":"type-product","3":"status-publish","4":"has-post-thumbnail","6":"product_cat-lehrwerke-fur-erwachsene","7":"publisher-hueber-verlag","9":"first","10":"onbackorder","11":"taxable","12":"shipping-taxable","13":"purchasable","14":"product-type-simple"},"acf":[],"_links":{"self":[{"href":"https:\/\/exlibris.ee\/en\/wp-json\/wp\/v2\/product\/80461","targetHints":{"allow":["GET"]}}],"collection":[{"href":"https:\/\/exlibris.ee\/en\/wp-json\/wp\/v2\/product"}],"about":[{"href":"https:\/\/exlibris.ee\/en\/wp-json\/wp\/v2\/types\/product"}],"wp:featuredmedia":[{"embeddable":true,"href":"https:\/\/exlibris.ee\/en\/wp-json\/wp\/v2\/media\/338583"}],"wp:attachment":[{"href":"https:\/\/exlibris.ee\/en\/wp-json\/wp\/v2\/media?parent=80461"}],"wp:term":[{"taxonomy":"product_brand","embeddable":true,"href":"https:\/\/exlibris.ee\/en\/wp-json\/wp\/v2\/product_brand?post=80461"},{"taxonomy":"product_cat","embeddable":true,"href":"https:\/\/exlibris.ee\/en\/wp-json\/wp\/v2\/product_cat?post=80461"},{"taxonomy":"product_tag","embeddable":true,"href":"https:\/\/exlibris.ee\/en\/wp-json\/wp\/v2\/product_tag?post=80461"},{"taxonomy":"series","embeddable":true,"href":"https:\/\/exlibris.ee\/en\/wp-json\/wp\/v2\/series?post=80461"},{"taxonomy":"publisher","embeddable":true,"href":"https:\/\/exlibris.ee\/en\/wp-json\/wp\/v2\/publisher?post=80461"}],"curies":[{"name":"wp","href":"https:\/\/api.w.org\/{rel}","templated":true}]}}