{"id":80465,"date":"2023-06-13T10:50:01","date_gmt":"2023-06-13T07:50:01","guid":{"rendered":"https:\/\/exlibris.ee\/toode\/sicher-aktuell-b2-2-lehrerhandbuch\/"},"modified":"2026-04-18T17:19:05","modified_gmt":"2026-04-18T14:19:05","slug":"sicher-aktuell-b2-2-lehrerhandbuch","status":"publish","type":"product","link":"https:\/\/exlibris.ee\/en\/product\/sicher-aktuell-b2-2-lehrerhandbuch\/","title":{"rendered":"Sicher! aktuell B2.2  Lehrerhandbuch"},"content":{"rendered":"<p>Lehrerhandbuch zu Sicher! aktuell B2\/2 Sicher! aktuell ist die Aktualisierung des bestehenden Lehrwerks Sicher! mit Fokus auf die ge\u00e4nderten Pr\u00fcfungsformate des neuen Goethe-Zertifikats B2 (ab Januar 2019) sowie der Pr\u00fcfungen Telc B2, Telc B1-B2 Beruf und \u00d6SD ZB2. Zahlreiche neue Aufgaben decken die ge\u00e4nderten Pr\u00fcfungsformate dieser vier Pr\u00fcfungen ab. Im Anhang findet sich eine detaillierte \u00dcbersicht aller im Buch ge\u00fcbten Pr\u00fcfungsformate.<\/p>\n","protected":false},"excerpt":{"rendered":"<p>Lehrerhandbuch zu Sicher! aktuell B2\/2 Sicher! aktuell ist die Aktualisierung des bestehenden Lehrwerks Sicher! mit Fokus auf die ge\u00e4nderten Pr\u00fcfungsformate des neuen Goethe-Zertifikats B2 (ab Januar 2019) sowie der Pr\u00fcfungen Telc B2, Telc B1-B2 Beruf und \u00d6SD ZB2. Zahlreiche neue&#8230;<\/p>\n","protected":false},"featured_media":338677,"template":"","meta":{"_acf_changed":false,"inline_featured_image":false},"product_brand":[],"product_cat":[885],"product_tag":[],"series":[{"id":1280,"name":"Sicher! aktuell B2","slug":"sicher-aktuell-b2"}],"publisher":[{"id":497,"name":"Hueber Verlag","slug":"hueber-verlag"}],"class_list":{"0":"post-80465","1":"product","2":"type-product","3":"status-publish","4":"has-post-thumbnail","6":"product_cat-berufssprache","7":"series-sicher-aktuell-b2","8":"publisher-hueber-verlag","10":"first","11":"onbackorder","12":"taxable","13":"shipping-taxable","14":"purchasable","15":"product-type-simple"},"acf":[],"_links":{"self":[{"href":"https:\/\/exlibris.ee\/en\/wp-json\/wp\/v2\/product\/80465","targetHints":{"allow":["GET"]}}],"collection":[{"href":"https:\/\/exlibris.ee\/en\/wp-json\/wp\/v2\/product"}],"about":[{"href":"https:\/\/exlibris.ee\/en\/wp-json\/wp\/v2\/types\/product"}],"wp:featuredmedia":[{"embeddable":true,"href":"https:\/\/exlibris.ee\/en\/wp-json\/wp\/v2\/media\/338677"}],"wp:attachment":[{"href":"https:\/\/exlibris.ee\/en\/wp-json\/wp\/v2\/media?parent=80465"}],"wp:term":[{"taxonomy":"product_brand","embeddable":true,"href":"https:\/\/exlibris.ee\/en\/wp-json\/wp\/v2\/product_brand?post=80465"},{"taxonomy":"product_cat","embeddable":true,"href":"https:\/\/exlibris.ee\/en\/wp-json\/wp\/v2\/product_cat?post=80465"},{"taxonomy":"product_tag","embeddable":true,"href":"https:\/\/exlibris.ee\/en\/wp-json\/wp\/v2\/product_tag?post=80465"},{"taxonomy":"series","embeddable":true,"href":"https:\/\/exlibris.ee\/en\/wp-json\/wp\/v2\/series?post=80465"},{"taxonomy":"publisher","embeddable":true,"href":"https:\/\/exlibris.ee\/en\/wp-json\/wp\/v2\/publisher?post=80465"}],"curies":[{"name":"wp","href":"https:\/\/api.w.org\/{rel}","templated":true}]}}