{"id":80495,"date":"2023-06-13T10:50:56","date_gmt":"2023-06-13T07:50:56","guid":{"rendered":"https:\/\/exlibris.ee\/toode\/schwierige-worter-ubungen-zu-verben-nomen-und-adjektiven-pdf-download\/"},"modified":"2026-04-16T17:50:02","modified_gmt":"2026-04-16T14:50:02","slug":"schwierige-worter-ubungen-zu-verben-nomen-und-adjektiven-pdf-download","status":"publish","type":"product","link":"https:\/\/exlibris.ee\/en\/product\/schwierige-worter-ubungen-zu-verben-nomen-und-adjektiven-pdf-download\/","title":{"rendered":"Schwierige W\u00f6rter  \u00dcbungen zu Verben, Nomen und Adjektiven \/ PDF-Download"},"content":{"rendered":"<p>Ein Lern- und \u00dcbungsbuch f\u00fcr Deutschlerner mit Grundkenntnissen &#8211; Schwierige W\u00f6rter und ihren Gebrauch lernen, \u00fcben und nachschlagen &#8211; \u00dcbungsschwerpunkte: Rektion von Verben, Nomen und Adjektiven, Beseitigung entscheidender Fehlerquellen &#8211; Beispiels\u00e4tze und Einsetz\u00fcbungen zu jedem Wort &#8211; Alphabetisches Register mit allen behandelten W\u00f6rtern zum Nachschlagen &#8211; Direkte Lernkontrolle durch integrierten L\u00f6sungsschl\u00fcssel &#8211; Zum Selbstlernen und als Erg\u00e4nzung zum Unterricht.<\/p>\n","protected":false},"excerpt":{"rendered":"<p>Ein Lern- und \u00dcbungsbuch f\u00fcr Deutschlerner mit Grundkenntnissen &#8211; Schwierige W\u00f6rter und ihren Gebrauch lernen, \u00fcben und nachschlagen &#8211; \u00dcbungsschwerpunkte: Rektion von Verben, Nomen und Adjektiven, Beseitigung entscheidender Fehlerquellen &#8211; Beispiels\u00e4tze und Einsetz\u00fcbungen zu jedem Wort &#8211; Alphabetisches Register mit&#8230;<\/p>\n","protected":false},"featured_media":304492,"template":"","meta":{"_acf_changed":false,"inline_featured_image":false},"product_brand":[],"product_cat":[480],"product_tag":[],"series":[],"publisher":[{"id":497,"name":"Hueber Verlag","slug":"hueber-verlag"}],"class_list":{"0":"post-80495","1":"product","2":"type-product","3":"status-publish","4":"has-post-thumbnail","6":"product_cat-grammatiken","7":"publisher-hueber-verlag","9":"first","10":"onbackorder","11":"taxable","12":"shipping-taxable","13":"purchasable","14":"product-type-simple"},"acf":[],"_links":{"self":[{"href":"https:\/\/exlibris.ee\/en\/wp-json\/wp\/v2\/product\/80495","targetHints":{"allow":["GET"]}}],"collection":[{"href":"https:\/\/exlibris.ee\/en\/wp-json\/wp\/v2\/product"}],"about":[{"href":"https:\/\/exlibris.ee\/en\/wp-json\/wp\/v2\/types\/product"}],"wp:featuredmedia":[{"embeddable":true,"href":"https:\/\/exlibris.ee\/en\/wp-json\/wp\/v2\/media\/304492"}],"wp:attachment":[{"href":"https:\/\/exlibris.ee\/en\/wp-json\/wp\/v2\/media?parent=80495"}],"wp:term":[{"taxonomy":"product_brand","embeddable":true,"href":"https:\/\/exlibris.ee\/en\/wp-json\/wp\/v2\/product_brand?post=80495"},{"taxonomy":"product_cat","embeddable":true,"href":"https:\/\/exlibris.ee\/en\/wp-json\/wp\/v2\/product_cat?post=80495"},{"taxonomy":"product_tag","embeddable":true,"href":"https:\/\/exlibris.ee\/en\/wp-json\/wp\/v2\/product_tag?post=80495"},{"taxonomy":"series","embeddable":true,"href":"https:\/\/exlibris.ee\/en\/wp-json\/wp\/v2\/series?post=80495"},{"taxonomy":"publisher","embeddable":true,"href":"https:\/\/exlibris.ee\/en\/wp-json\/wp\/v2\/publisher?post=80495"}],"curies":[{"name":"wp","href":"https:\/\/api.w.org\/{rel}","templated":true}]}}