{"id":80906,"date":"2023-07-11T10:34:04","date_gmt":"2023-07-11T07:34:04","guid":{"rendered":"https:\/\/exlibris.ee\/toode\/logisch-neu-a1-intensivtrainer\/"},"modified":"2026-04-03T09:11:38","modified_gmt":"2026-04-03T06:11:38","slug":"logisch-neu-a1-intensivtrainer","status":"publish","type":"product","link":"https:\/\/exlibris.ee\/en\/product\/logisch-neu-a1-intensivtrainer\/","title":{"rendered":"Logisch! neu A1 Intensivtrainer"},"content":{"rendered":"<p>Im Intensivtrainer finden die Lernenden zu jedem Kapitel auf 4 Seiten zus\u00e4tzliche \u00dcbungen zu Grammatik und Wortschatz. Im Anhang gibt es u. a. eine Grammatik\u00fcbersicht. Der Intensivtrainer eignet sich insbesondere zur Wiederholung und zur Vertiefung zu Hause.<\/p>\n","protected":false},"excerpt":{"rendered":"<p>Im Intensivtrainer finden die Lernenden zu jedem Kapitel auf 4 Seiten zus\u00e4tzliche \u00dcbungen zu Grammatik und Wortschatz. Im Anhang gibt es u. a. eine Grammatik\u00fcbersicht. Der Intensivtrainer eignet sich insbesondere zur Wiederholung und zur Vertiefung zu Hause.<\/p>\n","protected":false},"featured_media":80721,"template":"","meta":{"_acf_changed":false,"inline_featured_image":false},"product_brand":[],"product_cat":[477],"product_tag":[],"series":[{"id":902,"name":"Logisch! neu","slug":"logisch-neu"}],"publisher":[{"id":473,"name":"Klett Verlag","slug":"klett-verlag"}],"class_list":{"0":"post-80906","1":"product","2":"type-product","3":"status-publish","4":"has-post-thumbnail","6":"product_cat-lehrwerke-fur-jugendliche","7":"series-logisch-neu","8":"publisher-klett-verlag","10":"first","11":"instock","12":"taxable","13":"shipping-taxable","14":"purchasable","15":"product-type-simple"},"acf":[],"_links":{"self":[{"href":"https:\/\/exlibris.ee\/en\/wp-json\/wp\/v2\/product\/80906","targetHints":{"allow":["GET"]}}],"collection":[{"href":"https:\/\/exlibris.ee\/en\/wp-json\/wp\/v2\/product"}],"about":[{"href":"https:\/\/exlibris.ee\/en\/wp-json\/wp\/v2\/types\/product"}],"wp:featuredmedia":[{"embeddable":true,"href":"https:\/\/exlibris.ee\/en\/wp-json\/wp\/v2\/media\/80721"}],"wp:attachment":[{"href":"https:\/\/exlibris.ee\/en\/wp-json\/wp\/v2\/media?parent=80906"}],"wp:term":[{"taxonomy":"product_brand","embeddable":true,"href":"https:\/\/exlibris.ee\/en\/wp-json\/wp\/v2\/product_brand?post=80906"},{"taxonomy":"product_cat","embeddable":true,"href":"https:\/\/exlibris.ee\/en\/wp-json\/wp\/v2\/product_cat?post=80906"},{"taxonomy":"product_tag","embeddable":true,"href":"https:\/\/exlibris.ee\/en\/wp-json\/wp\/v2\/product_tag?post=80906"},{"taxonomy":"series","embeddable":true,"href":"https:\/\/exlibris.ee\/en\/wp-json\/wp\/v2\/series?post=80906"},{"taxonomy":"publisher","embeddable":true,"href":"https:\/\/exlibris.ee\/en\/wp-json\/wp\/v2\/publisher?post=80906"}],"curies":[{"name":"wp","href":"https:\/\/api.w.org\/{rel}","templated":true}]}}