{"id":80912,"date":"2023-07-11T10:34:05","date_gmt":"2023-07-11T07:34:05","guid":{"rendered":"https:\/\/exlibris.ee\/toode\/genil-klick-a1-2-arbeitsbuch\/"},"modified":"2026-04-24T01:25:06","modified_gmt":"2026-04-23T22:25:06","slug":"genil-klick-a1-2-arbeitsbuch","status":"publish","type":"product","link":"https:\/\/exlibris.ee\/en\/product\/genil-klick-a1-2-arbeitsbuch\/","title":{"rendered":"geni@l klick A1.2, Arbeitsbuch"},"content":{"rendered":"<p>Das Arbeitsbuch zu geni@l klick A1.2 (Kapitel 7\u201312) bietet zu jeder Doppelseite im Kursbuch eine passende Doppelseite mit vertiefenden \u00dcbungen regt die Lernenden zur selbstst\u00e4ndigen Wiederholung und zur Evaluation ihres Lernfortschritts an bereitet auf die Pr\u00fcfung \u201eFit in Deutsch 1\u201c vor mit Audio-Dateien zum Download.<\/p>\n","protected":false},"excerpt":{"rendered":"<p>Das Arbeitsbuch zu geni@l klick A1.2 (Kapitel 7\u201312) bietet zu jeder Doppelseite im Kursbuch eine passende Doppelseite mit vertiefenden \u00dcbungen regt die Lernenden zur selbstst\u00e4ndigen Wiederholung und zur Evaluation ihres Lernfortschritts an bereitet auf die Pr\u00fcfung \u201eFit in Deutsch 1\u201c&#8230;<\/p>\n","protected":false},"featured_media":439063,"template":"","meta":{"_acf_changed":false,"inline_featured_image":false},"product_brand":[],"product_cat":[477],"product_tag":[],"series":[{"id":909,"name":"geni@l klick","slug":"genil-klick"}],"publisher":[{"id":473,"name":"Klett Verlag","slug":"klett-verlag"}],"class_list":{"0":"post-80912","1":"product","2":"type-product","3":"status-publish","4":"has-post-thumbnail","6":"product_cat-lehrwerke-fur-jugendliche","7":"series-genil-klick","8":"publisher-klett-verlag","10":"first","11":"onbackorder","12":"taxable","13":"shipping-taxable","14":"purchasable","15":"product-type-simple"},"acf":[],"_links":{"self":[{"href":"https:\/\/exlibris.ee\/en\/wp-json\/wp\/v2\/product\/80912","targetHints":{"allow":["GET"]}}],"collection":[{"href":"https:\/\/exlibris.ee\/en\/wp-json\/wp\/v2\/product"}],"about":[{"href":"https:\/\/exlibris.ee\/en\/wp-json\/wp\/v2\/types\/product"}],"wp:featuredmedia":[{"embeddable":true,"href":"https:\/\/exlibris.ee\/en\/wp-json\/wp\/v2\/media\/439063"}],"wp:attachment":[{"href":"https:\/\/exlibris.ee\/en\/wp-json\/wp\/v2\/media?parent=80912"}],"wp:term":[{"taxonomy":"product_brand","embeddable":true,"href":"https:\/\/exlibris.ee\/en\/wp-json\/wp\/v2\/product_brand?post=80912"},{"taxonomy":"product_cat","embeddable":true,"href":"https:\/\/exlibris.ee\/en\/wp-json\/wp\/v2\/product_cat?post=80912"},{"taxonomy":"product_tag","embeddable":true,"href":"https:\/\/exlibris.ee\/en\/wp-json\/wp\/v2\/product_tag?post=80912"},{"taxonomy":"series","embeddable":true,"href":"https:\/\/exlibris.ee\/en\/wp-json\/wp\/v2\/series?post=80912"},{"taxonomy":"publisher","embeddable":true,"href":"https:\/\/exlibris.ee\/en\/wp-json\/wp\/v2\/publisher?post=80912"}],"curies":[{"name":"wp","href":"https:\/\/api.w.org\/{rel}","templated":true}]}}