{"id":80941,"date":"2023-07-11T10:34:08","date_gmt":"2023-07-11T07:34:08","guid":{"rendered":"https:\/\/exlibris.ee\/toode\/klasse-a1-2-ubungsbuch-mit-audios-zum-dl\/"},"modified":"2026-04-14T19:14:35","modified_gmt":"2026-04-14T16:14:35","slug":"klasse-a1-2-ubungsbuch-mit-audios-zum-dl","status":"publish","type":"product","link":"https:\/\/exlibris.ee\/en\/product\/klasse-a1-2-ubungsbuch-mit-audios-zum-dl\/","title":{"rendered":"Klasse A1.2 \u00dcbungsbuch mit Audios zum DL"},"content":{"rendered":"<p>6 Kapitel mit \u00dcbungen passend zum Kursbuch A1.2 Testtraining mit Pr\u00fcfungsstrategien Partner\u00fcbungen, Schreibaufgaben und Aussprache\u00fcbungen \u00dcbungen zur Selbstevaluation und zu Lernen lernen Online-\u00dcbungen zur Binnendifferenzierung Kapitelwortschatz am Ende jedes Kapitels Alle Audios sind kostenlos online abrufbar.<\/p>\n","protected":false},"excerpt":{"rendered":"<p>6 Kapitel mit \u00dcbungen passend zum Kursbuch A1.2 Testtraining mit Pr\u00fcfungsstrategien Partner\u00fcbungen, Schreibaufgaben und Aussprache\u00fcbungen \u00dcbungen zur Selbstevaluation und zu Lernen lernen Online-\u00dcbungen zur Binnendifferenzierung Kapitelwortschatz am Ende jedes Kapitels Alle Audios sind kostenlos online abrufbar.<\/p>\n","protected":false},"featured_media":268667,"template":"","meta":{"_acf_changed":false,"inline_featured_image":false},"product_brand":[],"product_cat":[477],"product_tag":[],"series":[{"id":916,"name":"Klasse","slug":"klasse"}],"publisher":[{"id":473,"name":"Klett Verlag","slug":"klett-verlag"}],"class_list":{"0":"post-80941","1":"product","2":"type-product","3":"status-publish","4":"has-post-thumbnail","6":"product_cat-lehrwerke-fur-jugendliche","7":"series-klasse","8":"publisher-klett-verlag","10":"first","11":"instock","12":"taxable","13":"shipping-taxable","14":"purchasable","15":"product-type-simple"},"acf":[],"_links":{"self":[{"href":"https:\/\/exlibris.ee\/en\/wp-json\/wp\/v2\/product\/80941","targetHints":{"allow":["GET"]}}],"collection":[{"href":"https:\/\/exlibris.ee\/en\/wp-json\/wp\/v2\/product"}],"about":[{"href":"https:\/\/exlibris.ee\/en\/wp-json\/wp\/v2\/types\/product"}],"wp:featuredmedia":[{"embeddable":true,"href":"https:\/\/exlibris.ee\/en\/wp-json\/wp\/v2\/media\/268667"}],"wp:attachment":[{"href":"https:\/\/exlibris.ee\/en\/wp-json\/wp\/v2\/media?parent=80941"}],"wp:term":[{"taxonomy":"product_brand","embeddable":true,"href":"https:\/\/exlibris.ee\/en\/wp-json\/wp\/v2\/product_brand?post=80941"},{"taxonomy":"product_cat","embeddable":true,"href":"https:\/\/exlibris.ee\/en\/wp-json\/wp\/v2\/product_cat?post=80941"},{"taxonomy":"product_tag","embeddable":true,"href":"https:\/\/exlibris.ee\/en\/wp-json\/wp\/v2\/product_tag?post=80941"},{"taxonomy":"series","embeddable":true,"href":"https:\/\/exlibris.ee\/en\/wp-json\/wp\/v2\/series?post=80941"},{"taxonomy":"publisher","embeddable":true,"href":"https:\/\/exlibris.ee\/en\/wp-json\/wp\/v2\/publisher?post=80941"}],"curies":[{"name":"wp","href":"https:\/\/api.w.org\/{rel}","templated":true}]}}