{"id":80943,"date":"2023-07-11T10:34:08","date_gmt":"2023-07-11T07:34:08","guid":{"rendered":"https:\/\/exlibris.ee\/toode\/klasse-a2-intensivtrainer\/"},"modified":"2026-04-03T09:12:23","modified_gmt":"2026-04-03T06:12:23","slug":"klasse-a2-intensivtrainer","status":"publish","type":"product","link":"https:\/\/exlibris.ee\/en\/product\/klasse-a2-intensivtrainer\/","title":{"rendered":"Klasse! A2, Intensivtrainer"},"content":{"rendered":"<p>Intensivtrainer mit zus\u00e4tzlichen \u00dcbungen passend zu den Kursbuchkapiteln: \u00dcbungen zu Wortschatz, Grammatik und Redemitteln.<\/p>\n","protected":false},"excerpt":{"rendered":"<p>Intensivtrainer mit zus\u00e4tzlichen \u00dcbungen passend zu den Kursbuchkapiteln: \u00dcbungen zu Wortschatz, Grammatik und Redemitteln.<\/p>\n","protected":false},"featured_media":80886,"template":"","meta":{"_acf_changed":false,"inline_featured_image":false},"product_brand":[],"product_cat":[477],"product_tag":[],"series":[{"id":916,"name":"Klasse","slug":"klasse"}],"publisher":[{"id":473,"name":"Klett Verlag","slug":"klett-verlag"}],"class_list":{"0":"post-80943","1":"product","2":"type-product","3":"status-publish","4":"has-post-thumbnail","6":"product_cat-lehrwerke-fur-jugendliche","7":"series-klasse","8":"publisher-klett-verlag","10":"first","11":"onbackorder","12":"taxable","13":"shipping-taxable","14":"purchasable","15":"product-type-simple"},"acf":[],"_links":{"self":[{"href":"https:\/\/exlibris.ee\/en\/wp-json\/wp\/v2\/product\/80943","targetHints":{"allow":["GET"]}}],"collection":[{"href":"https:\/\/exlibris.ee\/en\/wp-json\/wp\/v2\/product"}],"about":[{"href":"https:\/\/exlibris.ee\/en\/wp-json\/wp\/v2\/types\/product"}],"wp:featuredmedia":[{"embeddable":true,"href":"https:\/\/exlibris.ee\/en\/wp-json\/wp\/v2\/media\/80886"}],"wp:attachment":[{"href":"https:\/\/exlibris.ee\/en\/wp-json\/wp\/v2\/media?parent=80943"}],"wp:term":[{"taxonomy":"product_brand","embeddable":true,"href":"https:\/\/exlibris.ee\/en\/wp-json\/wp\/v2\/product_brand?post=80943"},{"taxonomy":"product_cat","embeddable":true,"href":"https:\/\/exlibris.ee\/en\/wp-json\/wp\/v2\/product_cat?post=80943"},{"taxonomy":"product_tag","embeddable":true,"href":"https:\/\/exlibris.ee\/en\/wp-json\/wp\/v2\/product_tag?post=80943"},{"taxonomy":"series","embeddable":true,"href":"https:\/\/exlibris.ee\/en\/wp-json\/wp\/v2\/series?post=80943"},{"taxonomy":"publisher","embeddable":true,"href":"https:\/\/exlibris.ee\/en\/wp-json\/wp\/v2\/publisher?post=80943"}],"curies":[{"name":"wp","href":"https:\/\/api.w.org\/{rel}","templated":true}]}}