{"id":81081,"date":"2023-07-11T10:35:09","date_gmt":"2023-07-11T07:35:09","guid":{"rendered":"https:\/\/exlibris.ee\/toode\/wir-alle-b1-testheft-mit-audios\/"},"modified":"2026-04-04T21:15:25","modified_gmt":"2026-04-04T18:15:25","slug":"wir-alle-b1-testheft-mit-audios","status":"publish","type":"product","link":"https:\/\/exlibris.ee\/en\/product\/wir-alle-b1-testheft-mit-audios\/","title":{"rendered":"Wir alle B1 Testheft mit Audios"},"content":{"rendered":"<p>12 Lektionstests mit Aufgaben zu Wortschatz, Grammatik und Leseverstehen Fertigkeitentests (H\u00f6ren, Lesen, Schreiben) zu jedem Modul Aufgaben zum Sprechen separat am Ende \u2013 f\u00fcr mehr Flexibilit\u00e4t ein zus\u00e4tzliches Angebot an Aufgaben zur Mediation Transkription der H\u00f6rtexte und L\u00f6sungen im Anhang.<\/p>\n","protected":false},"excerpt":{"rendered":"<p>12 Lektionstests mit Aufgaben zu Wortschatz, Grammatik und Leseverstehen Fertigkeitentests (H\u00f6ren, Lesen, Schreiben) zu jedem Modul Aufgaben zum Sprechen separat am Ende \u2013 f\u00fcr mehr Flexibilit\u00e4t ein zus\u00e4tzliches Angebot an Aufgaben zur Mediation Transkription der H\u00f6rtexte und L\u00f6sungen im Anhang.<\/p>\n","protected":false},"featured_media":80995,"template":"","meta":{"_acf_changed":false,"inline_featured_image":false},"product_brand":[],"product_cat":[477],"product_tag":[],"series":[{"id":1289,"name":"Wir alle","slug":"wir-alle"}],"publisher":[{"id":473,"name":"Klett Verlag","slug":"klett-verlag"}],"class_list":{"0":"post-81081","1":"product","2":"type-product","3":"status-publish","4":"has-post-thumbnail","6":"product_cat-lehrwerke-fur-jugendliche","7":"series-wir-alle","8":"publisher-klett-verlag","10":"first","11":"onbackorder","12":"taxable","13":"shipping-taxable","14":"purchasable","15":"product-type-simple"},"acf":[],"_links":{"self":[{"href":"https:\/\/exlibris.ee\/en\/wp-json\/wp\/v2\/product\/81081","targetHints":{"allow":["GET"]}}],"collection":[{"href":"https:\/\/exlibris.ee\/en\/wp-json\/wp\/v2\/product"}],"about":[{"href":"https:\/\/exlibris.ee\/en\/wp-json\/wp\/v2\/types\/product"}],"wp:featuredmedia":[{"embeddable":true,"href":"https:\/\/exlibris.ee\/en\/wp-json\/wp\/v2\/media\/80995"}],"wp:attachment":[{"href":"https:\/\/exlibris.ee\/en\/wp-json\/wp\/v2\/media?parent=81081"}],"wp:term":[{"taxonomy":"product_brand","embeddable":true,"href":"https:\/\/exlibris.ee\/en\/wp-json\/wp\/v2\/product_brand?post=81081"},{"taxonomy":"product_cat","embeddable":true,"href":"https:\/\/exlibris.ee\/en\/wp-json\/wp\/v2\/product_cat?post=81081"},{"taxonomy":"product_tag","embeddable":true,"href":"https:\/\/exlibris.ee\/en\/wp-json\/wp\/v2\/product_tag?post=81081"},{"taxonomy":"series","embeddable":true,"href":"https:\/\/exlibris.ee\/en\/wp-json\/wp\/v2\/series?post=81081"},{"taxonomy":"publisher","embeddable":true,"href":"https:\/\/exlibris.ee\/en\/wp-json\/wp\/v2\/publisher?post=81081"}],"curies":[{"name":"wp","href":"https:\/\/api.w.org\/{rel}","templated":true}]}}