{"id":81321,"date":"2023-07-11T10:36:27","date_gmt":"2023-07-11T07:36:27","guid":{"rendered":"https:\/\/exlibris.ee\/toode\/maximal-a1-lhb-cd-rom-2-audio-cds-zum-kb-1-audio-cd-zum-ab\/"},"modified":"2026-04-20T09:30:09","modified_gmt":"2026-04-20T06:30:09","slug":"maximal-a1-lhb-cd-rom-2-audio-cds-zum-kb-1-audio-cd-zum-ab","status":"publish","type":"product","link":"https:\/\/exlibris.ee\/en\/product\/maximal-a1-lhb-cd-rom-2-audio-cds-zum-kb-1-audio-cd-zum-ab\/","title":{"rendered":"Maximal A1, LHB+ CD ROM + 2 Audio-CDs zum KB + 1 Audio-CD zum AB"},"content":{"rendered":"<p>Tipps und Hinweise zur Unterrichtsplanung Vorschl\u00e4ge zur Binnendifferenzierung Transkriptionen zu den Audios und Videos L\u00f6sungen zum Kurs- und Arbeitsbuch CD-ROM mit Lehrskizzen, Arbeitsbl\u00e4ttern zu den Videos und Tests 2 Audio-CDs zum Kursbuch 1 Audio-CD zum Arbeitsbuch.<\/p>\n","protected":false},"excerpt":{"rendered":"<p>Tipps und Hinweise zur Unterrichtsplanung Vorschl\u00e4ge zur Binnendifferenzierung Transkriptionen zu den Audios und Videos L\u00f6sungen zum Kurs- und Arbeitsbuch CD-ROM mit Lehrskizzen, Arbeitsbl\u00e4ttern zu den Videos und Tests 2 Audio-CDs zum Kursbuch 1 Audio-CD zum Arbeitsbuch.<\/p>\n","protected":false},"featured_media":372127,"template":"","meta":{"_acf_changed":false,"inline_featured_image":false},"product_brand":[],"product_cat":[477],"product_tag":[],"series":[{"id":1291,"name":"Maximal","slug":"maximal"}],"publisher":[{"id":473,"name":"Klett Verlag","slug":"klett-verlag"}],"class_list":{"0":"post-81321","1":"product","2":"type-product","3":"status-publish","4":"has-post-thumbnail","6":"product_cat-lehrwerke-fur-jugendliche","7":"series-maximal","8":"publisher-klett-verlag","10":"first","11":"onbackorder","12":"taxable","13":"shipping-taxable","14":"purchasable","15":"product-type-simple"},"acf":[],"_links":{"self":[{"href":"https:\/\/exlibris.ee\/en\/wp-json\/wp\/v2\/product\/81321","targetHints":{"allow":["GET"]}}],"collection":[{"href":"https:\/\/exlibris.ee\/en\/wp-json\/wp\/v2\/product"}],"about":[{"href":"https:\/\/exlibris.ee\/en\/wp-json\/wp\/v2\/types\/product"}],"wp:featuredmedia":[{"embeddable":true,"href":"https:\/\/exlibris.ee\/en\/wp-json\/wp\/v2\/media\/372127"}],"wp:attachment":[{"href":"https:\/\/exlibris.ee\/en\/wp-json\/wp\/v2\/media?parent=81321"}],"wp:term":[{"taxonomy":"product_brand","embeddable":true,"href":"https:\/\/exlibris.ee\/en\/wp-json\/wp\/v2\/product_brand?post=81321"},{"taxonomy":"product_cat","embeddable":true,"href":"https:\/\/exlibris.ee\/en\/wp-json\/wp\/v2\/product_cat?post=81321"},{"taxonomy":"product_tag","embeddable":true,"href":"https:\/\/exlibris.ee\/en\/wp-json\/wp\/v2\/product_tag?post=81321"},{"taxonomy":"series","embeddable":true,"href":"https:\/\/exlibris.ee\/en\/wp-json\/wp\/v2\/series?post=81321"},{"taxonomy":"publisher","embeddable":true,"href":"https:\/\/exlibris.ee\/en\/wp-json\/wp\/v2\/publisher?post=81321"}],"curies":[{"name":"wp","href":"https:\/\/api.w.org\/{rel}","templated":true}]}}