{"id":81334,"date":"2023-07-11T10:36:28","date_gmt":"2023-07-11T07:36:28","guid":{"rendered":"https:\/\/exlibris.ee\/toode\/themen-aktuell-1-kursbuch-mit-cd-rom\/"},"modified":"2026-04-07T21:20:26","modified_gmt":"2026-04-07T18:20:26","slug":"themen-aktuell-1-kursbuch-mit-cd-rom","status":"publish","type":"product","link":"https:\/\/exlibris.ee\/en\/product\/themen-aktuell-1-kursbuch-mit-cd-rom\/","title":{"rendered":"Themen aktuell 1  Kursbuch mit CD-ROM"},"content":{"rendered":"<p>Themen aktuell ist die aktualisierte und optisch v\u00f6llig \u00fcberarbeitete Ausgabe von Themen neu. Themen aktuell bietet durchgehend neue Zeichnungen und Fotos in einem modernen Layout. Einige Texte und \u00dcbungen wurden inhaltlich der heutigen Zeit angepasst. Zielgruppe: Erwachsene Anf\u00e4nger in Grundstufenkursen an Volkshochschulen, Goethe-Instituten, Universit\u00e4ten, privaten Sprachschulen und anderen Institutionen weltweit, die Kurse in Deutsch als Fremdsprache besuchen.<\/p>\n","protected":false},"excerpt":{"rendered":"<p>Themen aktuell ist die aktualisierte und optisch v\u00f6llig \u00fcberarbeitete Ausgabe von Themen neu. Themen aktuell bietet durchgehend neue Zeichnungen und Fotos in einem modernen Layout. Einige Texte und \u00dcbungen wurden inhaltlich der heutigen Zeit angepasst. Zielgruppe: Erwachsene Anf\u00e4nger in Grundstufenkursen&#8230;<\/p>\n","protected":false},"featured_media":81245,"template":"","meta":{"_acf_changed":false,"inline_featured_image":false},"product_brand":[],"product_cat":[897],"product_tag":[],"series":[{"id":1292,"name":"Themen aktuell","slug":"themen-aktuell"}],"publisher":[{"id":497,"name":"Hueber Verlag","slug":"hueber-verlag"}],"class_list":{"0":"post-81334","1":"product","2":"type-product","3":"status-publish","4":"has-post-thumbnail","6":"product_cat-keeleope-leiunurk","7":"series-themen-aktuell","8":"publisher-hueber-verlag","10":"first","11":"instock","12":"taxable","13":"shipping-taxable","14":"purchasable","15":"product-type-simple"},"acf":[],"_links":{"self":[{"href":"https:\/\/exlibris.ee\/en\/wp-json\/wp\/v2\/product\/81334","targetHints":{"allow":["GET"]}}],"collection":[{"href":"https:\/\/exlibris.ee\/en\/wp-json\/wp\/v2\/product"}],"about":[{"href":"https:\/\/exlibris.ee\/en\/wp-json\/wp\/v2\/types\/product"}],"wp:featuredmedia":[{"embeddable":true,"href":"https:\/\/exlibris.ee\/en\/wp-json\/wp\/v2\/media\/81245"}],"wp:attachment":[{"href":"https:\/\/exlibris.ee\/en\/wp-json\/wp\/v2\/media?parent=81334"}],"wp:term":[{"taxonomy":"product_brand","embeddable":true,"href":"https:\/\/exlibris.ee\/en\/wp-json\/wp\/v2\/product_brand?post=81334"},{"taxonomy":"product_cat","embeddable":true,"href":"https:\/\/exlibris.ee\/en\/wp-json\/wp\/v2\/product_cat?post=81334"},{"taxonomy":"product_tag","embeddable":true,"href":"https:\/\/exlibris.ee\/en\/wp-json\/wp\/v2\/product_tag?post=81334"},{"taxonomy":"series","embeddable":true,"href":"https:\/\/exlibris.ee\/en\/wp-json\/wp\/v2\/series?post=81334"},{"taxonomy":"publisher","embeddable":true,"href":"https:\/\/exlibris.ee\/en\/wp-json\/wp\/v2\/publisher?post=81334"}],"curies":[{"name":"wp","href":"https:\/\/api.w.org\/{rel}","templated":true}]}}