{"id":81343,"date":"2023-07-11T10:36:29","date_gmt":"2023-07-11T07:36:29","guid":{"rendered":"https:\/\/exlibris.ee\/toode\/zertifikat-deutsch-ubungsbuch-mit-4-audio-cds\/"},"modified":"2026-04-17T15:33:05","modified_gmt":"2026-04-17T12:33:05","slug":"zertifikat-deutsch-ubungsbuch-mit-4-audio-cds","status":"publish","type":"product","link":"https:\/\/exlibris.ee\/en\/product\/zertifikat-deutsch-ubungsbuch-mit-4-audio-cds\/","title":{"rendered":"Zertifikat Deutsch  \u00dcbungsbuch mit 4 Audio-CDs"},"content":{"rendered":"<p>Voraussetzungen: Kenntnisse auf dem Niveau B1 des Europ\u00e4ischen Referenzrahmens Zielgruppe: Lernende, die sich auf das Zertifikat Deutsch vorbereiten Lernziel: Pr\u00fcfung Zertifikat Deutsch Konzeption: Das Buch enth\u00e4lt 15 komplette Modelltests zu allen Pr\u00fcfungsteilen. Die Modelltests k\u00f6nnen jedes Grundstufenlehrwerk begleiten. Texte und Aufgaben weisen eine ansteigende Progression auf und k\u00f6nnen zur Heranf\u00fchrung und zur gezielten Vorbereitung auf die Pr\u00fcfung eingesetzt werden. Am Anfang des Buches informiert eine \u00dcbersicht \u00fcber den Aufbau der Pr\u00fcfung, den vorgegebenen Zeitrahmen und die Bewertung der einzelnen Pr\u00fcfungsteile.<\/p>\n","protected":false},"excerpt":{"rendered":"<p>Voraussetzungen: Kenntnisse auf dem Niveau B1 des Europ\u00e4ischen Referenzrahmens Zielgruppe: Lernende, die sich auf das Zertifikat Deutsch vorbereiten Lernziel: Pr\u00fcfung Zertifikat Deutsch Konzeption: Das Buch enth\u00e4lt 15 komplette Modelltests zu allen Pr\u00fcfungsteilen. Die Modelltests k\u00f6nnen jedes Grundstufenlehrwerk begleiten. Texte und&#8230;<\/p>\n","protected":false},"featured_media":320786,"template":"","meta":{"_acf_changed":false,"inline_featured_image":false},"product_brand":[],"product_cat":[507],"product_tag":[],"series":[],"publisher":[{"id":1297,"name":"Karabatos Verlag","slug":"karabatos-verlag"}],"class_list":{"0":"post-81343","1":"product","2":"type-product","3":"status-publish","4":"has-post-thumbnail","6":"product_cat-prufungsvorbereitung","7":"publisher-karabatos-verlag","9":"first","10":"onbackorder","11":"taxable","12":"shipping-taxable","13":"purchasable","14":"product-type-simple"},"acf":[],"_links":{"self":[{"href":"https:\/\/exlibris.ee\/en\/wp-json\/wp\/v2\/product\/81343","targetHints":{"allow":["GET"]}}],"collection":[{"href":"https:\/\/exlibris.ee\/en\/wp-json\/wp\/v2\/product"}],"about":[{"href":"https:\/\/exlibris.ee\/en\/wp-json\/wp\/v2\/types\/product"}],"wp:featuredmedia":[{"embeddable":true,"href":"https:\/\/exlibris.ee\/en\/wp-json\/wp\/v2\/media\/320786"}],"wp:attachment":[{"href":"https:\/\/exlibris.ee\/en\/wp-json\/wp\/v2\/media?parent=81343"}],"wp:term":[{"taxonomy":"product_brand","embeddable":true,"href":"https:\/\/exlibris.ee\/en\/wp-json\/wp\/v2\/product_brand?post=81343"},{"taxonomy":"product_cat","embeddable":true,"href":"https:\/\/exlibris.ee\/en\/wp-json\/wp\/v2\/product_cat?post=81343"},{"taxonomy":"product_tag","embeddable":true,"href":"https:\/\/exlibris.ee\/en\/wp-json\/wp\/v2\/product_tag?post=81343"},{"taxonomy":"series","embeddable":true,"href":"https:\/\/exlibris.ee\/en\/wp-json\/wp\/v2\/series?post=81343"},{"taxonomy":"publisher","embeddable":true,"href":"https:\/\/exlibris.ee\/en\/wp-json\/wp\/v2\/publisher?post=81343"}],"curies":[{"name":"wp","href":"https:\/\/api.w.org\/{rel}","templated":true}]}}