{"id":81455,"date":"2023-07-11T10:37:43","date_gmt":"2023-07-11T07:37:43","guid":{"rendered":"https:\/\/exlibris.ee\/toode\/themen-aktuell-3-zertifikatsband-arbeitsbuch\/"},"modified":"2026-04-23T05:40:29","modified_gmt":"2026-04-23T02:40:29","slug":"themen-aktuell-3-zertifikatsband-arbeitsbuch","status":"publish","type":"product","link":"https:\/\/exlibris.ee\/en\/product\/themen-aktuell-3-zertifikatsband-arbeitsbuch\/","title":{"rendered":"Themen aktuell 3 \u2013 Zertifikatsband  Arbeitsbuch"},"content":{"rendered":"<p>Einfache Erkl\u00e4rung (B1)<br \/>\nDas Arbeitsbuch zu Themen aktuell 3 hat \u2013 wie alle B\u00fccher aus der Reihe Themen aktuell \u2013 systematische \u00dcbungen zu Wortschatz und Grammatik.<br \/>\nWeil es einen L\u00f6sungsschl\u00fcssel gibt, kann man das Arbeitsbuch auch allein zu Hause benutzen und damit selbst lernen.<\/p>\n","protected":false},"excerpt":{"rendered":"<p>Einfache Erkl\u00e4rung (B1) Das Arbeitsbuch zu Themen aktuell 3 hat \u2013 wie alle B\u00fccher aus der Reihe Themen aktuell \u2013 systematische \u00dcbungen zu Wortschatz und Grammatik. Weil es einen L\u00f6sungsschl\u00fcssel gibt, kann man das Arbeitsbuch auch allein zu Hause benutzen&#8230;<\/p>\n","protected":false},"featured_media":423110,"template":"","meta":{"_acf_changed":false,"inline_featured_image":false},"product_brand":[],"product_cat":[897],"product_tag":[],"series":[{"id":1292,"name":"Themen aktuell","slug":"themen-aktuell"}],"publisher":[{"id":497,"name":"Hueber Verlag","slug":"hueber-verlag"}],"class_list":{"0":"post-81455","1":"product","2":"type-product","3":"status-publish","4":"has-post-thumbnail","6":"product_cat-keeleope-leiunurk","7":"series-themen-aktuell","8":"publisher-hueber-verlag","10":"first","11":"instock","12":"taxable","13":"shipping-taxable","14":"purchasable","15":"product-type-simple"},"acf":[],"_links":{"self":[{"href":"https:\/\/exlibris.ee\/en\/wp-json\/wp\/v2\/product\/81455","targetHints":{"allow":["GET"]}}],"collection":[{"href":"https:\/\/exlibris.ee\/en\/wp-json\/wp\/v2\/product"}],"about":[{"href":"https:\/\/exlibris.ee\/en\/wp-json\/wp\/v2\/types\/product"}],"wp:featuredmedia":[{"embeddable":true,"href":"https:\/\/exlibris.ee\/en\/wp-json\/wp\/v2\/media\/423110"}],"wp:attachment":[{"href":"https:\/\/exlibris.ee\/en\/wp-json\/wp\/v2\/media?parent=81455"}],"wp:term":[{"taxonomy":"product_brand","embeddable":true,"href":"https:\/\/exlibris.ee\/en\/wp-json\/wp\/v2\/product_brand?post=81455"},{"taxonomy":"product_cat","embeddable":true,"href":"https:\/\/exlibris.ee\/en\/wp-json\/wp\/v2\/product_cat?post=81455"},{"taxonomy":"product_tag","embeddable":true,"href":"https:\/\/exlibris.ee\/en\/wp-json\/wp\/v2\/product_tag?post=81455"},{"taxonomy":"series","embeddable":true,"href":"https:\/\/exlibris.ee\/en\/wp-json\/wp\/v2\/series?post=81455"},{"taxonomy":"publisher","embeddable":true,"href":"https:\/\/exlibris.ee\/en\/wp-json\/wp\/v2\/publisher?post=81455"}],"curies":[{"name":"wp","href":"https:\/\/api.w.org\/{rel}","templated":true}]}}