{"id":81591,"date":"2023-07-11T10:38:59","date_gmt":"2023-07-11T07:38:59","guid":{"rendered":"https:\/\/exlibris.ee\/toode\/telefonieren-im-beruf-deutsch-fur-den-beruf-pdf-download\/"},"modified":"2026-04-17T15:36:07","modified_gmt":"2026-04-17T12:36:07","slug":"telefonieren-im-beruf-deutsch-fur-den-beruf-pdf-download","status":"publish","type":"product","link":"https:\/\/exlibris.ee\/en\/product\/telefonieren-im-beruf-deutsch-fur-den-beruf-pdf-download\/","title":{"rendered":"Telefonieren im Beruf  Deutsch f\u00fcr den Beruf \/ PDF-Download"},"content":{"rendered":"<p>Erarbeitet am Goethe-Institut Br\u00fcssel. Telefonieren im Beruf trainiert Kommunikationssituationen des beruflichen Alltags (Standardsituaitionen und ausgew\u00e4hlte Problemf\u00e4lle des Telefonierens). Voraussetzungen: Deutschkenntnisse der Grundstufe. Zielgruppe: Telefonieren im Beruf ist kurstragendes Material in einem berufsorientierten Kurs Deutsch als Fremdsprache &#8211; in allen anderen DaF-Kursen mit Fortgeschrittenen ist es eine wertvolle Erg\u00e4nzung.<\/p>\n","protected":false},"excerpt":{"rendered":"<p>Erarbeitet am Goethe-Institut Br\u00fcssel. Telefonieren im Beruf trainiert Kommunikationssituationen des beruflichen Alltags (Standardsituaitionen und ausgew\u00e4hlte Problemf\u00e4lle des Telefonierens). Voraussetzungen: Deutschkenntnisse der Grundstufe. Zielgruppe: Telefonieren im Beruf ist kurstragendes Material in einem berufsorientierten Kurs Deutsch als Fremdsprache &#8211; in allen anderen&#8230;<\/p>\n","protected":false},"featured_media":320902,"template":"","meta":{"_acf_changed":false,"inline_featured_image":false},"product_brand":[],"product_cat":[885],"product_tag":[],"series":[{"id":1319,"name":"Telefonieren im Beruf","slug":"telefonieren-im-beruf"}],"publisher":[{"id":1315,"name":"Verlag f\u00fcr Deutsch","slug":"verlag-fur-deutsch"}],"class_list":{"0":"post-81591","1":"product","2":"type-product","3":"status-publish","4":"has-post-thumbnail","6":"product_cat-berufssprache","7":"series-telefonieren-im-beruf","8":"publisher-verlag-fur-deutsch","10":"first","11":"onbackorder","12":"taxable","13":"shipping-taxable","14":"purchasable","15":"product-type-simple"},"acf":[],"_links":{"self":[{"href":"https:\/\/exlibris.ee\/en\/wp-json\/wp\/v2\/product\/81591","targetHints":{"allow":["GET"]}}],"collection":[{"href":"https:\/\/exlibris.ee\/en\/wp-json\/wp\/v2\/product"}],"about":[{"href":"https:\/\/exlibris.ee\/en\/wp-json\/wp\/v2\/types\/product"}],"wp:featuredmedia":[{"embeddable":true,"href":"https:\/\/exlibris.ee\/en\/wp-json\/wp\/v2\/media\/320902"}],"wp:attachment":[{"href":"https:\/\/exlibris.ee\/en\/wp-json\/wp\/v2\/media?parent=81591"}],"wp:term":[{"taxonomy":"product_brand","embeddable":true,"href":"https:\/\/exlibris.ee\/en\/wp-json\/wp\/v2\/product_brand?post=81591"},{"taxonomy":"product_cat","embeddable":true,"href":"https:\/\/exlibris.ee\/en\/wp-json\/wp\/v2\/product_cat?post=81591"},{"taxonomy":"product_tag","embeddable":true,"href":"https:\/\/exlibris.ee\/en\/wp-json\/wp\/v2\/product_tag?post=81591"},{"taxonomy":"series","embeddable":true,"href":"https:\/\/exlibris.ee\/en\/wp-json\/wp\/v2\/series?post=81591"},{"taxonomy":"publisher","embeddable":true,"href":"https:\/\/exlibris.ee\/en\/wp-json\/wp\/v2\/publisher?post=81591"}],"curies":[{"name":"wp","href":"https:\/\/api.w.org\/{rel}","templated":true}]}}