{"id":81699,"date":"2023-07-11T10:40:12","date_gmt":"2023-07-11T07:40:12","guid":{"rendered":"https:\/\/exlibris.ee\/toode\/treffend-b2-wortschatztraining-ubungsbuch\/"},"modified":"2026-04-20T09:37:40","modified_gmt":"2026-04-20T06:37:40","slug":"treffend-b2-wortschatztraining-ubungsbuch","status":"publish","type":"product","link":"https:\/\/exlibris.ee\/en\/product\/treffend-b2-wortschatztraining-ubungsbuch\/","title":{"rendered":"treffend! B2 &#8211; Wortschatztraining  \u00dcbungsbuch"},"content":{"rendered":"<p>treffend! B2 ist ein Wortschatztrainer und kann begleitend zu jedem B2-Lehrwerk eingesetzt werden. Rund 1600 W\u00f6rter und Wendungen werden eingef\u00fchrt und ge\u00fcbt. Der Wortschatz wird in 16 Kapiteln pr\u00e4sentiert. 15 Kapitel decken die wichtigen Themenbereiche der Niveaustufe B2 ab, das 16. Kapitel \u00fcbt Redemittel. Innerhalb eines Kapitels ist der Wortschatz in \u00fcberschaubare, kleine Lerneinheiten unterteilt, so wird ein systematisches und leichtes Lernen gew\u00e4hrleistet. Fantasievolle und abwechslungsreiche \u00dcbungen zu den Lerneinheiten garantieren den Lernerfolg und eine anhaltende Motivation der Lernenden. L\u00f6sungen als kostenloser Download online verf\u00fcgbar.<\/p>\n","protected":false},"excerpt":{"rendered":"<p>treffend! B2 ist ein Wortschatztrainer und kann begleitend zu jedem B2-Lehrwerk eingesetzt werden. Rund 1600 W\u00f6rter und Wendungen werden eingef\u00fchrt und ge\u00fcbt. Der Wortschatz wird in 16 Kapiteln pr\u00e4sentiert. 15 Kapitel decken die wichtigen Themenbereiche der Niveaustufe B2 ab, das&#8230;<\/p>\n","protected":false},"featured_media":372429,"template":"","meta":{"_acf_changed":false,"inline_featured_image":false},"product_brand":[],"product_cat":[558],"product_tag":[],"series":[{"id":1324,"name":"Wortschatztraining","slug":"wortschatztraining"}],"publisher":[{"id":1297,"name":"Karabatos Verlag","slug":"karabatos-verlag"}],"class_list":{"0":"post-81699","1":"product","2":"type-product","3":"status-publish","4":"has-post-thumbnail","6":"product_cat-deutsch-uben","7":"series-wortschatztraining","8":"publisher-karabatos-verlag","10":"first","11":"onbackorder","12":"taxable","13":"shipping-taxable","14":"purchasable","15":"product-type-simple"},"acf":[],"_links":{"self":[{"href":"https:\/\/exlibris.ee\/en\/wp-json\/wp\/v2\/product\/81699","targetHints":{"allow":["GET"]}}],"collection":[{"href":"https:\/\/exlibris.ee\/en\/wp-json\/wp\/v2\/product"}],"about":[{"href":"https:\/\/exlibris.ee\/en\/wp-json\/wp\/v2\/types\/product"}],"wp:featuredmedia":[{"embeddable":true,"href":"https:\/\/exlibris.ee\/en\/wp-json\/wp\/v2\/media\/372429"}],"wp:attachment":[{"href":"https:\/\/exlibris.ee\/en\/wp-json\/wp\/v2\/media?parent=81699"}],"wp:term":[{"taxonomy":"product_brand","embeddable":true,"href":"https:\/\/exlibris.ee\/en\/wp-json\/wp\/v2\/product_brand?post=81699"},{"taxonomy":"product_cat","embeddable":true,"href":"https:\/\/exlibris.ee\/en\/wp-json\/wp\/v2\/product_cat?post=81699"},{"taxonomy":"product_tag","embeddable":true,"href":"https:\/\/exlibris.ee\/en\/wp-json\/wp\/v2\/product_tag?post=81699"},{"taxonomy":"series","embeddable":true,"href":"https:\/\/exlibris.ee\/en\/wp-json\/wp\/v2\/series?post=81699"},{"taxonomy":"publisher","embeddable":true,"href":"https:\/\/exlibris.ee\/en\/wp-json\/wp\/v2\/publisher?post=81699"}],"curies":[{"name":"wp","href":"https:\/\/api.w.org\/{rel}","templated":true}]}}