{"id":81701,"date":"2023-07-11T10:40:12","date_gmt":"2023-07-11T07:40:12","guid":{"rendered":"https:\/\/exlibris.ee\/toode\/wortverdreher-deutsch-die-lustigste-art-die-richtigen-worte-zu-finden-sprachspiel\/"},"modified":"2026-04-18T15:37:26","modified_gmt":"2026-04-18T12:37:26","slug":"wortverdreher-deutsch-die-lustigste-art-die-richtigen-worte-zu-finden-sprachspiel","status":"publish","type":"product","link":"https:\/\/exlibris.ee\/en\/product\/wortverdreher-deutsch-die-lustigste-art-die-richtigen-worte-zu-finden-sprachspiel\/","title":{"rendered":"Wortverdreher Deutsch  Die lustigste Art die richtigen Worte zu finden \/ Sprachspiel"},"content":{"rendered":"<p>Es its eagl, in wlehcer Rienhelfoge die Bcuhtsbaen in eniem Wrot sethen! Nach diesem Prinzip pr\u00e4sentiert reihum ein Spieler Wortsch\u00f6pfungen, die die Mitspieler schnellstm\u00f6glich erraten m\u00fcssen, um auf der ABC-Punkteleiste vorr\u00fccken zu d\u00fcrfen. Dabei rieselt die Sanduhr in 15 Sekunden-Intervallen. Err\u00e4t ein Spieler das gesuchte Wort in den ersten 15 Sekunden, darf er drei Felder ziehen. Gelingt es ihm im zweiten Intervall, geht es nur zwei Felder vorw\u00e4rts. Err\u00e4t niemand das Wort, geht der Wortumsteller leer aus, alle Mitspieler d\u00fcrfen ein Feld weiter. Wer zuerst den Buchstaben Z auf dem ABC-Parcour erreicht, gewinnt. Der kurzweilige Ratespa\u00df f\u00fcr bis zu 6 Spieler enth\u00e4lt 500 W\u00f6rter aus dem Basiswortschatz und bietet einen gro\u00dfen Lerneffekt durch intensive Besch\u00e4ftigung mit den einzelnen Vokabeln. F\u00fcr 2 &#8211; 6 Spieler ab 10 Jahren Spieldauer: ca. 20 Minuten Spielmaterial: &#8211; Buchstabenablagebank mit Sichtschutz &#8211; 96 Buchstabenpl\u00e4ttchen im Setzkastenf\u00e4cher &#8211; 100 Karten mit je 5 W\u00f6rtern &#8211; Sanduhr &#8211; ABC-Spielplan &#8211; 6 Holzmarker.<\/p>\n","protected":false},"excerpt":{"rendered":"<p>Es its eagl, in wlehcer Rienhelfoge die Bcuhtsbaen in eniem Wrot sethen! Nach diesem Prinzip pr\u00e4sentiert reihum ein Spieler Wortsch\u00f6pfungen, die die Mitspieler schnellstm\u00f6glich erraten m\u00fcssen, um auf der ABC-Punkteleiste vorr\u00fccken zu d\u00fcrfen. Dabei rieselt die Sanduhr in 15 Sekunden-Intervallen&#8230;.<\/p>\n","protected":false},"featured_media":337987,"template":"","meta":{"_acf_changed":false,"inline_featured_image":false},"product_brand":[],"product_cat":[503],"product_tag":[],"series":[],"publisher":[{"id":983,"name":"Grubbe Media","slug":"grubbe-media"}],"class_list":{"0":"post-81701","1":"product","2":"type-product","3":"status-publish","4":"has-post-thumbnail","6":"product_cat-lernen-mit-bildern-und-spielen","7":"publisher-grubbe-media","9":"first","10":"onbackorder","11":"taxable","12":"shipping-taxable","13":"purchasable","14":"product-type-simple"},"acf":[],"_links":{"self":[{"href":"https:\/\/exlibris.ee\/en\/wp-json\/wp\/v2\/product\/81701","targetHints":{"allow":["GET"]}}],"collection":[{"href":"https:\/\/exlibris.ee\/en\/wp-json\/wp\/v2\/product"}],"about":[{"href":"https:\/\/exlibris.ee\/en\/wp-json\/wp\/v2\/types\/product"}],"wp:featuredmedia":[{"embeddable":true,"href":"https:\/\/exlibris.ee\/en\/wp-json\/wp\/v2\/media\/337987"}],"wp:attachment":[{"href":"https:\/\/exlibris.ee\/en\/wp-json\/wp\/v2\/media?parent=81701"}],"wp:term":[{"taxonomy":"product_brand","embeddable":true,"href":"https:\/\/exlibris.ee\/en\/wp-json\/wp\/v2\/product_brand?post=81701"},{"taxonomy":"product_cat","embeddable":true,"href":"https:\/\/exlibris.ee\/en\/wp-json\/wp\/v2\/product_cat?post=81701"},{"taxonomy":"product_tag","embeddable":true,"href":"https:\/\/exlibris.ee\/en\/wp-json\/wp\/v2\/product_tag?post=81701"},{"taxonomy":"series","embeddable":true,"href":"https:\/\/exlibris.ee\/en\/wp-json\/wp\/v2\/series?post=81701"},{"taxonomy":"publisher","embeddable":true,"href":"https:\/\/exlibris.ee\/en\/wp-json\/wp\/v2\/publisher?post=81701"}],"curies":[{"name":"wp","href":"https:\/\/api.w.org\/{rel}","templated":true}]}}