{"id":81706,"date":"2023-07-11T10:40:13","date_gmt":"2023-07-11T07:40:13","guid":{"rendered":"https:\/\/exlibris.ee\/toode\/beste-freunde-a1-1-intensivtrainer-mit-audios-online\/"},"modified":"2026-04-22T09:54:30","modified_gmt":"2026-04-22T06:54:30","slug":"beste-freunde-a1-1-intensivtrainer-mit-audios-online","status":"publish","type":"product","link":"https:\/\/exlibris.ee\/en\/product\/beste-freunde-a1-1-intensivtrainer-mit-audios-online\/","title":{"rendered":"Beste Freunde A1.1  Intensivtrainer mit Audios online"},"content":{"rendered":"<p>Der Intensivtrainer begleitet die ersten drei Module (Lektion 1 \u2013 9) aus Beste Freunde A1.1. Er bietet zu jeder Lektion vertiefende \u00dcbungen. Trainiert werden die Fertigkeiten H\u00f6ren, Lesen, Sprechen, Schreiben sowie Wortschatz und Grammatik. In jeder Lektion gibt es gekennzeichnete \u00dcbungen auf anspruchsvollem Niveau. Diese \u00dcbungen trainieren nicht nur den aktiven Lernwortschatz der jeweiligen Lektion, sondern auch den passiven Wortschatz. Die Audios und die L\u00f6sungen finden Sie im Lehrwerkservice.<\/p>\n","protected":false},"excerpt":{"rendered":"<p>Der Intensivtrainer begleitet die ersten drei Module (Lektion 1 \u2013 9) aus Beste Freunde A1.1. Er bietet zu jeder Lektion vertiefende \u00dcbungen. Trainiert werden die Fertigkeiten H\u00f6ren, Lesen, Sprechen, Schreiben sowie Wortschatz und Grammatik. In jeder Lektion gibt es gekennzeichnete&#8230;<\/p>\n","protected":false},"featured_media":406578,"template":"","meta":{"_acf_changed":false,"inline_featured_image":false},"product_brand":[],"product_cat":[558],"product_tag":[],"series":[{"id":997,"name":"Beste Freunde","slug":"beste-freunde"}],"publisher":[{"id":1297,"name":"Karabatos Verlag","slug":"karabatos-verlag"}],"class_list":{"0":"post-81706","1":"product","2":"type-product","3":"status-publish","4":"has-post-thumbnail","6":"product_cat-deutsch-uben","7":"series-beste-freunde","8":"publisher-karabatos-verlag","10":"first","11":"onbackorder","12":"taxable","13":"shipping-taxable","14":"purchasable","15":"product-type-simple"},"acf":[],"_links":{"self":[{"href":"https:\/\/exlibris.ee\/en\/wp-json\/wp\/v2\/product\/81706","targetHints":{"allow":["GET"]}}],"collection":[{"href":"https:\/\/exlibris.ee\/en\/wp-json\/wp\/v2\/product"}],"about":[{"href":"https:\/\/exlibris.ee\/en\/wp-json\/wp\/v2\/types\/product"}],"wp:featuredmedia":[{"embeddable":true,"href":"https:\/\/exlibris.ee\/en\/wp-json\/wp\/v2\/media\/406578"}],"wp:attachment":[{"href":"https:\/\/exlibris.ee\/en\/wp-json\/wp\/v2\/media?parent=81706"}],"wp:term":[{"taxonomy":"product_brand","embeddable":true,"href":"https:\/\/exlibris.ee\/en\/wp-json\/wp\/v2\/product_brand?post=81706"},{"taxonomy":"product_cat","embeddable":true,"href":"https:\/\/exlibris.ee\/en\/wp-json\/wp\/v2\/product_cat?post=81706"},{"taxonomy":"product_tag","embeddable":true,"href":"https:\/\/exlibris.ee\/en\/wp-json\/wp\/v2\/product_tag?post=81706"},{"taxonomy":"series","embeddable":true,"href":"https:\/\/exlibris.ee\/en\/wp-json\/wp\/v2\/series?post=81706"},{"taxonomy":"publisher","embeddable":true,"href":"https:\/\/exlibris.ee\/en\/wp-json\/wp\/v2\/publisher?post=81706"}],"curies":[{"name":"wp","href":"https:\/\/api.w.org\/{rel}","templated":true}]}}