{"id":81829,"date":"2023-07-11T10:41:35","date_gmt":"2023-07-11T07:41:35","guid":{"rendered":"https:\/\/exlibris.ee\/toode\/armstrong-die-abenteuerliche-reise-einer-maus-zum-mond-kinderbuch-deutsch-russisch-mit-mp3-horbuch-zum-herunterladen\/"},"modified":"2026-04-07T21:24:33","modified_gmt":"2026-04-07T18:24:33","slug":"armstrong-die-abenteuerliche-reise-einer-maus-zum-mond-kinderbuch-deutsch-russisch-mit-mp3-horbuch-zum-herunterladen","status":"publish","type":"product","link":"https:\/\/exlibris.ee\/en\/product\/armstrong-die-abenteuerliche-reise-einer-maus-zum-mond-kinderbuch-deutsch-russisch-mit-mp3-horbuch-zum-herunterladen\/","title":{"rendered":"Armstrong  Die abenteuerliche Reise einer Maus zum Mond \/ Kinderbuch Deutsch-Russisch mit MP3-H\u00f6rbuch zum Herunterladen"},"content":{"rendered":"<p>Zweisprachiges Kinderbuch Deutsch-Russisch ab 6 Jahren Amerika in den 1950er Jahren\u2026 Eine kleine, wissbegierige Maus beobachtet jede Nacht den Mond durch ein Fernrohr, w\u00e4hrend ihre Artgenossen einem h\u00f6chst unwissenschaftlichen K\u00e4sekult verfallen sind. Kann der Mond wirklich aus K\u00e4se sein? Angespornt durch die Pionierleistungen der M\u00e4useluftfahrt, beschlie\u00dft die kleine Maus, der Frage auf den Grund zu gehen. Sie fasst einen gro\u00dfen Entschluss: Sie wird als erste Maus zum Mond fliegen! Auch in seinem zweiten gro\u00dfen Abenteuer einer kleinen Maus zeigt Torben Kuhlmann seine ganze Meisterschaft sowohl als Illustrator als auch als raffinierter Erz\u00e4hler.<\/p>\n","protected":false},"excerpt":{"rendered":"<p>Zweisprachiges Kinderbuch Deutsch-Russisch ab 6 Jahren Amerika in den 1950er Jahren\u2026 Eine kleine, wissbegierige Maus beobachtet jede Nacht den Mond durch ein Fernrohr, w\u00e4hrend ihre Artgenossen einem h\u00f6chst unwissenschaftlichen K\u00e4sekult verfallen sind. Kann der Mond wirklich aus K\u00e4se sein? Angespornt&#8230;<\/p>\n","protected":false},"featured_media":81728,"template":"","meta":{"_acf_changed":false,"inline_featured_image":false},"product_brand":[],"product_cat":[471],"product_tag":[],"series":[],"publisher":[{"id":1308,"name":"NordS\u00fcd","slug":"nordsud"}],"class_list":{"0":"post-81829","1":"product","2":"type-product","3":"status-publish","4":"has-post-thumbnail","6":"product_cat-lehrwerke-fur-kinder","7":"publisher-nordsud","9":"first","10":"onbackorder","11":"taxable","12":"shipping-taxable","13":"purchasable","14":"product-type-simple"},"acf":[],"_links":{"self":[{"href":"https:\/\/exlibris.ee\/en\/wp-json\/wp\/v2\/product\/81829","targetHints":{"allow":["GET"]}}],"collection":[{"href":"https:\/\/exlibris.ee\/en\/wp-json\/wp\/v2\/product"}],"about":[{"href":"https:\/\/exlibris.ee\/en\/wp-json\/wp\/v2\/types\/product"}],"wp:featuredmedia":[{"embeddable":true,"href":"https:\/\/exlibris.ee\/en\/wp-json\/wp\/v2\/media\/81728"}],"wp:attachment":[{"href":"https:\/\/exlibris.ee\/en\/wp-json\/wp\/v2\/media?parent=81829"}],"wp:term":[{"taxonomy":"product_brand","embeddable":true,"href":"https:\/\/exlibris.ee\/en\/wp-json\/wp\/v2\/product_brand?post=81829"},{"taxonomy":"product_cat","embeddable":true,"href":"https:\/\/exlibris.ee\/en\/wp-json\/wp\/v2\/product_cat?post=81829"},{"taxonomy":"product_tag","embeddable":true,"href":"https:\/\/exlibris.ee\/en\/wp-json\/wp\/v2\/product_tag?post=81829"},{"taxonomy":"series","embeddable":true,"href":"https:\/\/exlibris.ee\/en\/wp-json\/wp\/v2\/series?post=81829"},{"taxonomy":"publisher","embeddable":true,"href":"https:\/\/exlibris.ee\/en\/wp-json\/wp\/v2\/publisher?post=81829"}],"curies":[{"name":"wp","href":"https:\/\/api.w.org\/{rel}","templated":true}]}}