{"id":81838,"date":"2023-07-11T10:41:36","date_gmt":"2023-07-11T07:41:36","guid":{"rendered":"https:\/\/exlibris.ee\/toode\/plakat-sprichworter-ubungsheft-und-1-plakat\/"},"modified":"2026-04-24T01:48:46","modified_gmt":"2026-04-23T22:48:46","slug":"plakat-sprichworter-ubungsheft-und-1-plakat","status":"publish","type":"product","link":"https:\/\/exlibris.ee\/en\/product\/plakat-sprichworter-ubungsheft-und-1-plakat\/","title":{"rendered":"Plakat Sprichw\u00f6rter  \u00dcbungsheft und 1 Plakat"},"content":{"rendered":"<p>Zielgruppe: Sch\u00fcler und Erwachsene, die sich wichtige Sprichw\u00f6rter optisch einpr\u00e4gen wollen. \u00dcbungsheft und Plakat \u00dcbungsheft (16 Seiten, Kopie des Plakats auf DIN A4, Kopiervorlagen mit Vorschl\u00e4gen f\u00fcr den Unterricht) und 1 Plakat, DIN A1, gefalzt auf DIN A4, vierfarbig mit vielen Karikaturen und Fotos, verpackt in einer transparenten Aufbewahrungsmappe. Das Plakat stellt 30 Sprichw\u00f6rter vor, die in der Alltagssprache st\u00e4ndig vorkommen und die wir fast t\u00e4glich in allen Medien entdecken k\u00f6nnen. Sie zu verstehen und auch richtig anzuwenden ist das Ziel des \u00dcbungshefts, das die n\u00f6tigen Erkl\u00e4rungen gibt und mit kreativen \u00dcbungen zur Abwechslung im Unterricht beitr\u00e4gt. Motivierend sind vor allem die humorvollen Karikaturen und Fotos, mit denen zu arbeiten Spa\u00df macht, die motivieren und den Unterricht bereichern. Auch zusammen mit dem \u00dcbungsheft und dem Plakat Redewendungen erh\u00e4ltlich.<\/p>\n","protected":false},"excerpt":{"rendered":"<p>Zielgruppe: Sch\u00fcler und Erwachsene, die sich wichtige Sprichw\u00f6rter optisch einpr\u00e4gen wollen. \u00dcbungsheft und Plakat \u00dcbungsheft (16 Seiten, Kopie des Plakats auf DIN A4, Kopiervorlagen mit Vorschl\u00e4gen f\u00fcr den Unterricht) und 1 Plakat, DIN A1, gefalzt auf DIN A4, vierfarbig mit&#8230;<\/p>\n","protected":false},"featured_media":440185,"template":"","meta":{"_acf_changed":false,"inline_featured_image":false},"product_brand":[],"product_cat":[503],"product_tag":[],"series":[{"id":1327,"name":"Plakat","slug":"plakat-2"}],"publisher":[{"id":1315,"name":"Verlag f\u00fcr Deutsch","slug":"verlag-fur-deutsch"}],"class_list":{"0":"post-81838","1":"product","2":"type-product","3":"status-publish","4":"has-post-thumbnail","6":"product_cat-lernen-mit-bildern-und-spielen","7":"series-plakat-2","8":"publisher-verlag-fur-deutsch","10":"first","11":"onbackorder","12":"taxable","13":"shipping-taxable","14":"purchasable","15":"product-type-simple"},"acf":[],"_links":{"self":[{"href":"https:\/\/exlibris.ee\/en\/wp-json\/wp\/v2\/product\/81838","targetHints":{"allow":["GET"]}}],"collection":[{"href":"https:\/\/exlibris.ee\/en\/wp-json\/wp\/v2\/product"}],"about":[{"href":"https:\/\/exlibris.ee\/en\/wp-json\/wp\/v2\/types\/product"}],"wp:featuredmedia":[{"embeddable":true,"href":"https:\/\/exlibris.ee\/en\/wp-json\/wp\/v2\/media\/440185"}],"wp:attachment":[{"href":"https:\/\/exlibris.ee\/en\/wp-json\/wp\/v2\/media?parent=81838"}],"wp:term":[{"taxonomy":"product_brand","embeddable":true,"href":"https:\/\/exlibris.ee\/en\/wp-json\/wp\/v2\/product_brand?post=81838"},{"taxonomy":"product_cat","embeddable":true,"href":"https:\/\/exlibris.ee\/en\/wp-json\/wp\/v2\/product_cat?post=81838"},{"taxonomy":"product_tag","embeddable":true,"href":"https:\/\/exlibris.ee\/en\/wp-json\/wp\/v2\/product_tag?post=81838"},{"taxonomy":"series","embeddable":true,"href":"https:\/\/exlibris.ee\/en\/wp-json\/wp\/v2\/series?post=81838"},{"taxonomy":"publisher","embeddable":true,"href":"https:\/\/exlibris.ee\/en\/wp-json\/wp\/v2\/publisher?post=81838"}],"curies":[{"name":"wp","href":"https:\/\/api.w.org\/{rel}","templated":true}]}}