{"id":81843,"date":"2023-07-11T10:41:36","date_gmt":"2023-07-11T07:41:36","guid":{"rendered":"https:\/\/exlibris.ee\/toode\/plakate-sprichworter-und-redewendungen-2-ubungshefte-und-2-plakate\/"},"modified":"2026-04-05T15:33:00","modified_gmt":"2026-04-05T12:33:00","slug":"plakate-sprichworter-und-redewendungen-2-ubungshefte-und-2-plakate","status":"publish","type":"product","link":"https:\/\/exlibris.ee\/en\/product\/plakate-sprichworter-und-redewendungen-2-ubungshefte-und-2-plakate\/","title":{"rendered":"Plakate Sprichw\u00f6rter und Redewendungen  2 \u00dcbungshefte und 2 Plakate"},"content":{"rendered":"<p>Zielgruppe: Sch\u00fcler und Erwachsene, die sich wichtige Sprichw\u00f6rter und Redewendungen optisch einpr\u00e4gen wollen. Die Mappe enth\u00e4lt 2 Plakate und 2 \u00dcbungshefte. Die Plakate stellen 30 Sprichw\u00f6rter und 30 Redewendungen vor, die in der Alltagssprache st\u00e4ndig vorkommen und die wir fast t\u00e4glich in allen Medien entdecken k\u00f6nnen. Sie zu verstehen und auch richtig anzuwenden ist das Ziel der \u00dcbungshefte, die die n\u00f6tigen Erkl\u00e4rungen geben und mit kreativen \u00dcbungen zur Abwechslung im Unterricht beitragen. Motivierend sind vor allem die humorvollen Karikaturen und Fotos, mit denen zu arbeiten Spa\u00df macht und die den Unterricht bereichern.<\/p>\n","protected":false},"excerpt":{"rendered":"<p>Zielgruppe: Sch\u00fcler und Erwachsene, die sich wichtige Sprichw\u00f6rter und Redewendungen optisch einpr\u00e4gen wollen. Die Mappe enth\u00e4lt 2 Plakate und 2 \u00dcbungshefte. Die Plakate stellen 30 Sprichw\u00f6rter und 30 Redewendungen vor, die in der Alltagssprache st\u00e4ndig vorkommen und die wir fast&#8230;<\/p>\n","protected":false},"featured_media":81770,"template":"","meta":{"_acf_changed":false,"inline_featured_image":false},"product_brand":[],"product_cat":[503],"product_tag":[],"series":[{"id":1327,"name":"Plakat","slug":"plakat-2"}],"publisher":[{"id":1315,"name":"Verlag f\u00fcr Deutsch","slug":"verlag-fur-deutsch"}],"class_list":{"0":"post-81843","1":"product","2":"type-product","3":"status-publish","4":"has-post-thumbnail","6":"product_cat-lernen-mit-bildern-und-spielen","7":"series-plakat-2","8":"publisher-verlag-fur-deutsch","10":"first","11":"onbackorder","12":"taxable","13":"shipping-taxable","14":"purchasable","15":"product-type-simple"},"acf":[],"_links":{"self":[{"href":"https:\/\/exlibris.ee\/en\/wp-json\/wp\/v2\/product\/81843","targetHints":{"allow":["GET"]}}],"collection":[{"href":"https:\/\/exlibris.ee\/en\/wp-json\/wp\/v2\/product"}],"about":[{"href":"https:\/\/exlibris.ee\/en\/wp-json\/wp\/v2\/types\/product"}],"wp:featuredmedia":[{"embeddable":true,"href":"https:\/\/exlibris.ee\/en\/wp-json\/wp\/v2\/media\/81770"}],"wp:attachment":[{"href":"https:\/\/exlibris.ee\/en\/wp-json\/wp\/v2\/media?parent=81843"}],"wp:term":[{"taxonomy":"product_brand","embeddable":true,"href":"https:\/\/exlibris.ee\/en\/wp-json\/wp\/v2\/product_brand?post=81843"},{"taxonomy":"product_cat","embeddable":true,"href":"https:\/\/exlibris.ee\/en\/wp-json\/wp\/v2\/product_cat?post=81843"},{"taxonomy":"product_tag","embeddable":true,"href":"https:\/\/exlibris.ee\/en\/wp-json\/wp\/v2\/product_tag?post=81843"},{"taxonomy":"series","embeddable":true,"href":"https:\/\/exlibris.ee\/en\/wp-json\/wp\/v2\/series?post=81843"},{"taxonomy":"publisher","embeddable":true,"href":"https:\/\/exlibris.ee\/en\/wp-json\/wp\/v2\/publisher?post=81843"}],"curies":[{"name":"wp","href":"https:\/\/api.w.org\/{rel}","templated":true}]}}