{"id":81850,"date":"2023-07-11T10:41:37","date_gmt":"2023-07-11T07:41:37","guid":{"rendered":"https:\/\/exlibris.ee\/toode\/topfit-b1-trainingskurs-zur-prufung-zertifikat-b1-lehrerbuch\/"},"modified":"2026-04-05T15:33:03","modified_gmt":"2026-04-05T12:33:03","slug":"topfit-b1-trainingskurs-zur-prufung-zertifikat-b1-lehrerbuch","status":"publish","type":"product","link":"https:\/\/exlibris.ee\/en\/product\/topfit-b1-trainingskurs-zur-prufung-zertifikat-b1-lehrerbuch\/","title":{"rendered":"Topfit B1  Trainingskurs zur Pr\u00fcfung Zertifikat B1 \/ Lehrerbuch"},"content":{"rendered":"<p>Trainingskurs f\u00fcr Lernende, die sich auf die Pr\u00fcfung Zertifikat B1 (Goethe-Institut und \u00d6SD) vorbereiten wollen. \u2022 Das \u00dcbungsbuch kann begleitend zu jedem Jugendlichen- oder Erwachsenenlehrwerk eingesetzt werden. \u2022 12 Kapitel mit 24 thematischen Einheiten, die jeweils Modelltestaufgaben zu allen vier Modulen der Pr\u00fcfung sowie vorbereitende \u00dcbungen umfassen. \u2022 Die \u00dcbungen zu Wortschatz, Grammatik, Redemitteln und Sprachhandlungen wiederholen den gesamten pr\u00fcfungsrelevanten Stoff der B1-Stufe und bereiten zugleich auf die Pr\u00fcfungsaufgaben vor.<\/p>\n","protected":false},"excerpt":{"rendered":"<p>Trainingskurs f\u00fcr Lernende, die sich auf die Pr\u00fcfung Zertifikat B1 (Goethe-Institut und \u00d6SD) vorbereiten wollen. \u2022 Das \u00dcbungsbuch kann begleitend zu jedem Jugendlichen- oder Erwachsenenlehrwerk eingesetzt werden. \u2022 12 Kapitel mit 24 thematischen Einheiten, die jeweils Modelltestaufgaben zu allen vier&#8230;<\/p>\n","protected":false},"featured_media":81791,"template":"","meta":{"_acf_changed":false,"inline_featured_image":false},"product_brand":[],"product_cat":[507],"product_tag":[],"series":[{"id":1326,"name":"Trainingskurs zur Pr\u00fcfung","slug":"trainingskurs-zur-prufung"}],"publisher":[{"id":1297,"name":"Karabatos Verlag","slug":"karabatos-verlag"}],"class_list":{"0":"post-81850","1":"product","2":"type-product","3":"status-publish","4":"has-post-thumbnail","6":"product_cat-prufungsvorbereitung","7":"series-trainingskurs-zur-prufung","8":"publisher-karabatos-verlag","10":"first","11":"instock","12":"taxable","13":"shipping-taxable","14":"purchasable","15":"product-type-simple"},"acf":[],"_links":{"self":[{"href":"https:\/\/exlibris.ee\/en\/wp-json\/wp\/v2\/product\/81850","targetHints":{"allow":["GET"]}}],"collection":[{"href":"https:\/\/exlibris.ee\/en\/wp-json\/wp\/v2\/product"}],"about":[{"href":"https:\/\/exlibris.ee\/en\/wp-json\/wp\/v2\/types\/product"}],"wp:featuredmedia":[{"embeddable":true,"href":"https:\/\/exlibris.ee\/en\/wp-json\/wp\/v2\/media\/81791"}],"wp:attachment":[{"href":"https:\/\/exlibris.ee\/en\/wp-json\/wp\/v2\/media?parent=81850"}],"wp:term":[{"taxonomy":"product_brand","embeddable":true,"href":"https:\/\/exlibris.ee\/en\/wp-json\/wp\/v2\/product_brand?post=81850"},{"taxonomy":"product_cat","embeddable":true,"href":"https:\/\/exlibris.ee\/en\/wp-json\/wp\/v2\/product_cat?post=81850"},{"taxonomy":"product_tag","embeddable":true,"href":"https:\/\/exlibris.ee\/en\/wp-json\/wp\/v2\/product_tag?post=81850"},{"taxonomy":"series","embeddable":true,"href":"https:\/\/exlibris.ee\/en\/wp-json\/wp\/v2\/series?post=81850"},{"taxonomy":"publisher","embeddable":true,"href":"https:\/\/exlibris.ee\/en\/wp-json\/wp\/v2\/publisher?post=81850"}],"curies":[{"name":"wp","href":"https:\/\/api.w.org\/{rel}","templated":true}]}}