{"id":81860,"date":"2023-07-11T10:41:38","date_gmt":"2023-07-11T07:41:38","guid":{"rendered":"https:\/\/exlibris.ee\/toode\/daf-palette-1-verb-adjektiv-nomen-praposition-ubungsbuch\/"},"modified":"2026-04-14T19:28:00","modified_gmt":"2026-04-14T16:28:00","slug":"daf-palette-1-verb-adjektiv-nomen-praposition-ubungsbuch","status":"publish","type":"product","link":"https:\/\/exlibris.ee\/en\/product\/daf-palette-1-verb-adjektiv-nomen-praposition-ubungsbuch\/","title":{"rendered":"DaF-Palette 1: Verb, Adjektiv, Nomen + Pr\u00e4position  \u00dcbungsbuch"},"content":{"rendered":"<p>Zielgruppe: Jugendliche und Erwachsene; f\u00fcr Selbstlernende oder als kursbegleitendes Material geeignet (Niveau B1) \u2022 Lernlisten aller Verben, Adjektive und Nomen des Grundstufenbereichs, die mit Pr\u00e4position verwendet werden \u2022 50 \u00dcbungen mit ansteigendem Schwierigkeitsgrad \u2022 L\u00f6sungsschl\u00fcssel im Anhang.<\/p>\n","protected":false},"excerpt":{"rendered":"<p>Zielgruppe: Jugendliche und Erwachsene; f\u00fcr Selbstlernende oder als kursbegleitendes Material geeignet (Niveau B1) \u2022 Lernlisten aller Verben, Adjektive und Nomen des Grundstufenbereichs, die mit Pr\u00e4position verwendet werden \u2022 50 \u00dcbungen mit ansteigendem Schwierigkeitsgrad \u2022 L\u00f6sungsschl\u00fcssel im Anhang.<\/p>\n","protected":false},"featured_media":269664,"template":"","meta":{"_acf_changed":false,"inline_featured_image":false},"product_brand":[],"product_cat":[558],"product_tag":[],"series":[{"id":1329,"name":"DaF-Palette","slug":"daf-palette"}],"publisher":[{"id":1297,"name":"Karabatos Verlag","slug":"karabatos-verlag"}],"class_list":{"0":"post-81860","1":"product","2":"type-product","3":"status-publish","4":"has-post-thumbnail","6":"product_cat-deutsch-uben","7":"series-daf-palette","8":"publisher-karabatos-verlag","10":"first","11":"instock","12":"taxable","13":"shipping-taxable","14":"purchasable","15":"product-type-simple"},"acf":[],"_links":{"self":[{"href":"https:\/\/exlibris.ee\/en\/wp-json\/wp\/v2\/product\/81860","targetHints":{"allow":["GET"]}}],"collection":[{"href":"https:\/\/exlibris.ee\/en\/wp-json\/wp\/v2\/product"}],"about":[{"href":"https:\/\/exlibris.ee\/en\/wp-json\/wp\/v2\/types\/product"}],"wp:featuredmedia":[{"embeddable":true,"href":"https:\/\/exlibris.ee\/en\/wp-json\/wp\/v2\/media\/269664"}],"wp:attachment":[{"href":"https:\/\/exlibris.ee\/en\/wp-json\/wp\/v2\/media?parent=81860"}],"wp:term":[{"taxonomy":"product_brand","embeddable":true,"href":"https:\/\/exlibris.ee\/en\/wp-json\/wp\/v2\/product_brand?post=81860"},{"taxonomy":"product_cat","embeddable":true,"href":"https:\/\/exlibris.ee\/en\/wp-json\/wp\/v2\/product_cat?post=81860"},{"taxonomy":"product_tag","embeddable":true,"href":"https:\/\/exlibris.ee\/en\/wp-json\/wp\/v2\/product_tag?post=81860"},{"taxonomy":"series","embeddable":true,"href":"https:\/\/exlibris.ee\/en\/wp-json\/wp\/v2\/series?post=81860"},{"taxonomy":"publisher","embeddable":true,"href":"https:\/\/exlibris.ee\/en\/wp-json\/wp\/v2\/publisher?post=81860"}],"curies":[{"name":"wp","href":"https:\/\/api.w.org\/{rel}","templated":true}]}}