{"id":81967,"date":"2023-07-11T10:42:51","date_gmt":"2023-07-11T07:42:51","guid":{"rendered":"https:\/\/exlibris.ee\/toode\/daf-palette-2-verb-prapositionalobjekt-ubungsbuch\/"},"modified":"2026-04-14T19:28:01","modified_gmt":"2026-04-14T16:28:01","slug":"daf-palette-2-verb-prapositionalobjekt-ubungsbuch","status":"publish","type":"product","link":"https:\/\/exlibris.ee\/en\/product\/daf-palette-2-verb-prapositionalobjekt-ubungsbuch\/","title":{"rendered":"DaF-Palette 2: Verb + Pr\u00e4positionalobjekt  \u00dcbungsbuch"},"content":{"rendered":"<p>Zielgruppe: Jugendliche und Erwachsene; f\u00fcr Selbstlernende oder als kursbegleitendes Material geeignet (Niveau B2 &#8211; C1; auch zur Wiederholung in Niveaustufe C2) \u2022 alphabetisch und nach Pr\u00e4positionen geordnete Lernlisten aller wichtigen Verben mit Pr\u00e4positionalobjekt zum Lernen und Nachschlagen \u2022 110 \u00dcbungen mit ansteigendem Schwierigkeitsgrad \u2022 L\u00f6sungsschl\u00fcssel im Anhang.<\/p>\n","protected":false},"excerpt":{"rendered":"<p>Zielgruppe: Jugendliche und Erwachsene; f\u00fcr Selbstlernende oder als kursbegleitendes Material geeignet (Niveau B2 &#8211; C1; auch zur Wiederholung in Niveaustufe C2) \u2022 alphabetisch und nach Pr\u00e4positionen geordnete Lernlisten aller wichtigen Verben mit Pr\u00e4positionalobjekt zum Lernen und Nachschlagen \u2022 110 \u00dcbungen&#8230;<\/p>\n","protected":false},"featured_media":269676,"template":"","meta":{"_acf_changed":false,"inline_featured_image":false},"product_brand":[],"product_cat":[558],"product_tag":[],"series":[{"id":1329,"name":"DaF-Palette","slug":"daf-palette"}],"publisher":[{"id":1297,"name":"Karabatos Verlag","slug":"karabatos-verlag"}],"class_list":{"0":"post-81967","1":"product","2":"type-product","3":"status-publish","4":"has-post-thumbnail","6":"product_cat-deutsch-uben","7":"series-daf-palette","8":"publisher-karabatos-verlag","10":"first","11":"instock","12":"taxable","13":"shipping-taxable","14":"purchasable","15":"product-type-simple"},"acf":[],"_links":{"self":[{"href":"https:\/\/exlibris.ee\/en\/wp-json\/wp\/v2\/product\/81967","targetHints":{"allow":["GET"]}}],"collection":[{"href":"https:\/\/exlibris.ee\/en\/wp-json\/wp\/v2\/product"}],"about":[{"href":"https:\/\/exlibris.ee\/en\/wp-json\/wp\/v2\/types\/product"}],"wp:featuredmedia":[{"embeddable":true,"href":"https:\/\/exlibris.ee\/en\/wp-json\/wp\/v2\/media\/269676"}],"wp:attachment":[{"href":"https:\/\/exlibris.ee\/en\/wp-json\/wp\/v2\/media?parent=81967"}],"wp:term":[{"taxonomy":"product_brand","embeddable":true,"href":"https:\/\/exlibris.ee\/en\/wp-json\/wp\/v2\/product_brand?post=81967"},{"taxonomy":"product_cat","embeddable":true,"href":"https:\/\/exlibris.ee\/en\/wp-json\/wp\/v2\/product_cat?post=81967"},{"taxonomy":"product_tag","embeddable":true,"href":"https:\/\/exlibris.ee\/en\/wp-json\/wp\/v2\/product_tag?post=81967"},{"taxonomy":"series","embeddable":true,"href":"https:\/\/exlibris.ee\/en\/wp-json\/wp\/v2\/series?post=81967"},{"taxonomy":"publisher","embeddable":true,"href":"https:\/\/exlibris.ee\/en\/wp-json\/wp\/v2\/publisher?post=81967"}],"curies":[{"name":"wp","href":"https:\/\/api.w.org\/{rel}","templated":true}]}}