{"id":81977,"date":"2023-07-11T10:42:52","date_gmt":"2023-07-11T07:42:52","guid":{"rendered":"https:\/\/exlibris.ee\/toode\/wissen-landeskunde-deutschland-testaufgaben-auf-dem-niveau-a2-bis-b1-pdf-download\/"},"modified":"2026-04-20T09:43:23","modified_gmt":"2026-04-20T06:43:23","slug":"wissen-landeskunde-deutschland-testaufgaben-auf-dem-niveau-a2-bis-b1-pdf-download","status":"publish","type":"product","link":"https:\/\/exlibris.ee\/en\/product\/wissen-landeskunde-deutschland-testaufgaben-auf-dem-niveau-a2-bis-b1-pdf-download\/","title":{"rendered":"Wissen Landeskunde Deutschland  Testaufgaben auf dem Niveau A2 bis B1 \/ PDF-Download"},"content":{"rendered":"<p>Kurze informative Texte, \u00dcbersichten, vielen Abbildungen und Tests sowie ein umfangreicher Index zu den Themen: &#8211; Erste Orientierung (Dialekte, Bundesl\u00e4nder, F\u00f6deralismus, Bildung, Arbeit) &#8211; Sozialstaat\/Rechtsstaat (Rechte und Pflichten, Staat, Aktive B\u00fcrger) &#8211; Geschichte (Geschichte der Demokratie, Wiedervereinigung, die EU) &#8211; Kultur (Feste, Feiertage, Kulturen, Ess-Kultur) &#8211; Alltag F\u00fcr Selbstlerner zur Pr\u00fcfungsvorbereitung und f\u00fcr alle, die sich schnell \u00fcber Deutschland informieren und ihr Wissen testen wollen.<\/p>\n","protected":false},"excerpt":{"rendered":"<p>Kurze informative Texte, \u00dcbersichten, vielen Abbildungen und Tests sowie ein umfangreicher Index zu den Themen: &#8211; Erste Orientierung (Dialekte, Bundesl\u00e4nder, F\u00f6deralismus, Bildung, Arbeit) &#8211; Sozialstaat\/Rechtsstaat (Rechte und Pflichten, Staat, Aktive B\u00fcrger) &#8211; Geschichte (Geschichte der Demokratie, Wiedervereinigung, die EU) &#8211;&#8230;<\/p>\n","protected":false},"featured_media":372658,"template":"","meta":{"_acf_changed":false,"inline_featured_image":false},"product_brand":[],"product_cat":[490],"product_tag":[],"series":[],"publisher":[{"id":1315,"name":"Verlag f\u00fcr Deutsch","slug":"verlag-fur-deutsch"}],"class_list":{"0":"post-81977","1":"product","2":"type-product","3":"status-publish","4":"has-post-thumbnail","6":"product_cat-landeskunde","7":"publisher-verlag-fur-deutsch","9":"first","10":"onbackorder","11":"taxable","12":"shipping-taxable","13":"purchasable","14":"product-type-simple"},"acf":[],"_links":{"self":[{"href":"https:\/\/exlibris.ee\/en\/wp-json\/wp\/v2\/product\/81977","targetHints":{"allow":["GET"]}}],"collection":[{"href":"https:\/\/exlibris.ee\/en\/wp-json\/wp\/v2\/product"}],"about":[{"href":"https:\/\/exlibris.ee\/en\/wp-json\/wp\/v2\/types\/product"}],"wp:featuredmedia":[{"embeddable":true,"href":"https:\/\/exlibris.ee\/en\/wp-json\/wp\/v2\/media\/372658"}],"wp:attachment":[{"href":"https:\/\/exlibris.ee\/en\/wp-json\/wp\/v2\/media?parent=81977"}],"wp:term":[{"taxonomy":"product_brand","embeddable":true,"href":"https:\/\/exlibris.ee\/en\/wp-json\/wp\/v2\/product_brand?post=81977"},{"taxonomy":"product_cat","embeddable":true,"href":"https:\/\/exlibris.ee\/en\/wp-json\/wp\/v2\/product_cat?post=81977"},{"taxonomy":"product_tag","embeddable":true,"href":"https:\/\/exlibris.ee\/en\/wp-json\/wp\/v2\/product_tag?post=81977"},{"taxonomy":"series","embeddable":true,"href":"https:\/\/exlibris.ee\/en\/wp-json\/wp\/v2\/series?post=81977"},{"taxonomy":"publisher","embeddable":true,"href":"https:\/\/exlibris.ee\/en\/wp-json\/wp\/v2\/publisher?post=81977"}],"curies":[{"name":"wp","href":"https:\/\/api.w.org\/{rel}","templated":true}]}}