{"id":82221,"date":"2023-07-11T10:45:20","date_gmt":"2023-07-11T07:45:20","guid":{"rendered":"https:\/\/exlibris.ee\/toode\/ab-in-die-tute-shoppen-und-deutsch-lernen-das-einkaufspiel-sprachspiel\/"},"modified":"2026-04-20T09:47:13","modified_gmt":"2026-04-20T06:47:13","slug":"ab-in-die-tute-shoppen-und-deutsch-lernen-das-einkaufspiel-sprachspiel","status":"publish","type":"product","link":"https:\/\/exlibris.ee\/en\/product\/ab-in-die-tute-shoppen-und-deutsch-lernen-das-einkaufspiel-sprachspiel\/","title":{"rendered":"Ab in die T\u00fcte! Shoppen und Deutsch lernen  Das Einkaufspiel \/ Sprachspiel"},"content":{"rendered":"<p>Sprachspiel Deutsch f\u00fcr 2 &#8211; 4 Spieler ab 12 Jahren. Spieldauer: ca. 45 Minuten Die Spieler begeben sich auf eine ausgelassene Shopping-Tour durch die Stadt. Auf ihren Einkaufslisten stehen die unterschiedlichsten Produkte \u2013 von Waren des t\u00e4glichen Bedarfs bis zu Luxusg\u00fctern. Durch Spielgeld und Produktpreise wird der Umgang mit den Zahlen in der Fremdsprache ge\u00fcbt. Das Sprachspiel umfasst u. a.: &#8211; 20 Einkaufslisten und 20 Ladenkarten mit zusammen 100 Produkt-Vokabeln &#8211; 96 Aktionskarten mit typischen Situationen und Redewendungen beim Einkaufen sowie \u00dcbersetzung auf der R\u00fcckseite &#8211; Spielanleitung mit Vokabelliste.<\/p>\n","protected":false},"excerpt":{"rendered":"<p>Sprachspiel Deutsch f\u00fcr 2 &#8211; 4 Spieler ab 12 Jahren. Spieldauer: ca. 45 Minuten Die Spieler begeben sich auf eine ausgelassene Shopping-Tour durch die Stadt. Auf ihren Einkaufslisten stehen die unterschiedlichsten Produkte \u2013 von Waren des t\u00e4glichen Bedarfs bis zu&#8230;<\/p>\n","protected":false},"featured_media":372845,"template":"","meta":{"_acf_changed":false,"inline_featured_image":false},"product_brand":[],"product_cat":[503],"product_tag":[],"series":[],"publisher":[{"id":983,"name":"Grubbe Media","slug":"grubbe-media"}],"class_list":{"0":"post-82221","1":"product","2":"type-product","3":"status-publish","4":"has-post-thumbnail","6":"product_cat-lernen-mit-bildern-und-spielen","7":"publisher-grubbe-media","9":"first","10":"onbackorder","11":"taxable","12":"shipping-taxable","13":"purchasable","14":"product-type-simple"},"acf":[],"_links":{"self":[{"href":"https:\/\/exlibris.ee\/en\/wp-json\/wp\/v2\/product\/82221","targetHints":{"allow":["GET"]}}],"collection":[{"href":"https:\/\/exlibris.ee\/en\/wp-json\/wp\/v2\/product"}],"about":[{"href":"https:\/\/exlibris.ee\/en\/wp-json\/wp\/v2\/types\/product"}],"wp:featuredmedia":[{"embeddable":true,"href":"https:\/\/exlibris.ee\/en\/wp-json\/wp\/v2\/media\/372845"}],"wp:attachment":[{"href":"https:\/\/exlibris.ee\/en\/wp-json\/wp\/v2\/media?parent=82221"}],"wp:term":[{"taxonomy":"product_brand","embeddable":true,"href":"https:\/\/exlibris.ee\/en\/wp-json\/wp\/v2\/product_brand?post=82221"},{"taxonomy":"product_cat","embeddable":true,"href":"https:\/\/exlibris.ee\/en\/wp-json\/wp\/v2\/product_cat?post=82221"},{"taxonomy":"product_tag","embeddable":true,"href":"https:\/\/exlibris.ee\/en\/wp-json\/wp\/v2\/product_tag?post=82221"},{"taxonomy":"series","embeddable":true,"href":"https:\/\/exlibris.ee\/en\/wp-json\/wp\/v2\/series?post=82221"},{"taxonomy":"publisher","embeddable":true,"href":"https:\/\/exlibris.ee\/en\/wp-json\/wp\/v2\/publisher?post=82221"}],"curies":[{"name":"wp","href":"https:\/\/api.w.org\/{rel}","templated":true}]}}