{"id":82227,"date":"2023-07-11T10:45:20","date_gmt":"2023-07-11T07:45:20","guid":{"rendered":"https:\/\/exlibris.ee\/toode\/and-then-i-stepped-into-the-fettnapfchen-oder-wie-eine-schottin-deutschland-entdeckt-lekture\/"},"modified":"2026-04-05T15:36:54","modified_gmt":"2026-04-05T12:36:54","slug":"and-then-i-stepped-into-the-fettnapfchen-oder-wie-eine-schottin-deutschland-entdeckt-lekture","status":"publish","type":"product","link":"https:\/\/exlibris.ee\/en\/product\/and-then-i-stepped-into-the-fettnapfchen-oder-wie-eine-schottin-deutschland-entdeckt-lekture\/","title":{"rendered":"&#8230;and then I stepped into the Fettn\u00e4pfchen  Oder: Wie eine Schottin Deutschland entdeckt \/ Lekt\u00fcre"},"content":{"rendered":"<p>Englisch-Lekt\u00fcre aus dem renommierten Verlag f\u00fcr Sprachmagazine Spotlight f\u00fcr Lernende mit erweiterten Grundkenntnissen (Niveau B1): Als Tochter einer deutschen Mutter h\u00e4tte Dagmar Taylor nicht gedacht, dass das Leben in Deutschland sie so \u00fcberraschen k\u00f6nnte \u2026 Da lag sie falsch! Die Schottin nimmt ihre Leser mit auf das h\u00f6chst am\u00fcsante Abenteuer, ihre Wahlheimat Deutschland sprachlich und kulturell zu verstehen. Die Lekt\u00fcre ist mit einem Wendecover und einer vollst\u00e4ndigen deutschen \u00dcbersetzung ausgestattet: Sie k\u00f6nnen sie auf Englisch und von der R\u00fcckseite aus auf Deutsch lesen.<\/p>\n","protected":false},"excerpt":{"rendered":"<p>Englisch-Lekt\u00fcre aus dem renommierten Verlag f\u00fcr Sprachmagazine Spotlight f\u00fcr Lernende mit erweiterten Grundkenntnissen (Niveau B1): Als Tochter einer deutschen Mutter h\u00e4tte Dagmar Taylor nicht gedacht, dass das Leben in Deutschland sie so \u00fcberraschen k\u00f6nnte \u2026 Da lag sie falsch! Die&#8230;<\/p>\n","protected":false},"featured_media":82181,"template":"","meta":{"_acf_changed":false,"inline_featured_image":false},"product_brand":[],"product_cat":[851],"product_tag":[],"series":[],"publisher":[{"id":1340,"name":"Spotlight Verlag","slug":"spotlight-verlag"}],"class_list":{"0":"post-82227","1":"product","2":"type-product","3":"status-publish","4":"has-post-thumbnail","6":"product_cat-lesetexte-deutsch","7":"publisher-spotlight-verlag","9":"first","10":"onbackorder","11":"taxable","12":"shipping-taxable","13":"purchasable","14":"product-type-simple"},"acf":[],"_links":{"self":[{"href":"https:\/\/exlibris.ee\/en\/wp-json\/wp\/v2\/product\/82227","targetHints":{"allow":["GET"]}}],"collection":[{"href":"https:\/\/exlibris.ee\/en\/wp-json\/wp\/v2\/product"}],"about":[{"href":"https:\/\/exlibris.ee\/en\/wp-json\/wp\/v2\/types\/product"}],"wp:featuredmedia":[{"embeddable":true,"href":"https:\/\/exlibris.ee\/en\/wp-json\/wp\/v2\/media\/82181"}],"wp:attachment":[{"href":"https:\/\/exlibris.ee\/en\/wp-json\/wp\/v2\/media?parent=82227"}],"wp:term":[{"taxonomy":"product_brand","embeddable":true,"href":"https:\/\/exlibris.ee\/en\/wp-json\/wp\/v2\/product_brand?post=82227"},{"taxonomy":"product_cat","embeddable":true,"href":"https:\/\/exlibris.ee\/en\/wp-json\/wp\/v2\/product_cat?post=82227"},{"taxonomy":"product_tag","embeddable":true,"href":"https:\/\/exlibris.ee\/en\/wp-json\/wp\/v2\/product_tag?post=82227"},{"taxonomy":"series","embeddable":true,"href":"https:\/\/exlibris.ee\/en\/wp-json\/wp\/v2\/series?post=82227"},{"taxonomy":"publisher","embeddable":true,"href":"https:\/\/exlibris.ee\/en\/wp-json\/wp\/v2\/publisher?post=82227"}],"curies":[{"name":"wp","href":"https:\/\/api.w.org\/{rel}","templated":true}]}}