{"id":82341,"date":"2023-07-11T10:46:33","date_gmt":"2023-07-11T07:46:33","guid":{"rendered":"https:\/\/exlibris.ee\/toode\/indigo-international-das-worterbuch-mit-bildern-buch\/"},"modified":"2026-04-22T11:27:12","modified_gmt":"2026-04-22T08:27:12","slug":"indigo-international-das-worterbuch-mit-bildern-buch","status":"publish","type":"product","link":"https:\/\/exlibris.ee\/en\/product\/indigo-international-das-worterbuch-mit-bildern-buch\/","title":{"rendered":"INDIGO international  Das W\u00f6rterbuch mit Bildern  \/ Buch"},"content":{"rendered":"<p>F\u00fcr Jugendliche und Kinder, die sich durch bildhaftes Lernen die deutsche Sprache aneignen m\u00f6chten Das thematisch angelegte Bildw\u00f6rterbuch Indigo international erm\u00f6glicht ein bildhaftes Lernen und deckt 15 Themen ab, die Kinder und Jugendliche interessieren, wie z. B. In der Schule, Freunde aus aller Welt und Gesundheit. Jedes Thema wird mit einem Situationsbild plus Kernwortschatz eingeleitet, jeder einzelne Eintrag mit einer Illustration verdeutlicht. Eine mehrsprachige Wortliste im W\u00f6rterbuchteil \u00fcbersetzt alle W\u00f6rter in die Sprachen Deutsch, Arabisch, Englisch, Farsi, Franz\u00f6sisch und Spanisch. Dar\u00fcber hinaus gibt es ein umfassendes W\u00f6rterverzeichnis mit dem erweiterten Grundwortschatz und vielen bildlich veranschaulichten Eintr\u00e4gen sowie einen praktischen Teil zum Aufbau der deutschen Sprache (Silben, W\u00f6rter, S\u00e4tze) mit Strategien f\u00fcr das richtige Schreiben.<\/p>\n","protected":false},"excerpt":{"rendered":"<p>F\u00fcr Jugendliche und Kinder, die sich durch bildhaftes Lernen die deutsche Sprache aneignen m\u00f6chten Das thematisch angelegte Bildw\u00f6rterbuch Indigo international erm\u00f6glicht ein bildhaftes Lernen und deckt 15 Themen ab, die Kinder und Jugendliche interessieren, wie z. B. In der Schule,&#8230;<\/p>\n","protected":false},"featured_media":407257,"template":"","meta":{"_acf_changed":false,"inline_featured_image":false},"product_brand":[],"product_cat":[883],"product_tag":[],"series":[],"publisher":[{"id":1343,"name":"Mildenberger Verlag","slug":"mildenberger-verlag"}],"class_list":{"0":"post-82341","1":"product","2":"type-product","3":"status-publish","4":"has-post-thumbnail","6":"product_cat-worterbucher","7":"publisher-mildenberger-verlag","9":"first","10":"onbackorder","11":"taxable","12":"shipping-taxable","13":"purchasable","14":"product-type-simple"},"acf":[],"_links":{"self":[{"href":"https:\/\/exlibris.ee\/en\/wp-json\/wp\/v2\/product\/82341","targetHints":{"allow":["GET"]}}],"collection":[{"href":"https:\/\/exlibris.ee\/en\/wp-json\/wp\/v2\/product"}],"about":[{"href":"https:\/\/exlibris.ee\/en\/wp-json\/wp\/v2\/types\/product"}],"wp:featuredmedia":[{"embeddable":true,"href":"https:\/\/exlibris.ee\/en\/wp-json\/wp\/v2\/media\/407257"}],"wp:attachment":[{"href":"https:\/\/exlibris.ee\/en\/wp-json\/wp\/v2\/media?parent=82341"}],"wp:term":[{"taxonomy":"product_brand","embeddable":true,"href":"https:\/\/exlibris.ee\/en\/wp-json\/wp\/v2\/product_brand?post=82341"},{"taxonomy":"product_cat","embeddable":true,"href":"https:\/\/exlibris.ee\/en\/wp-json\/wp\/v2\/product_cat?post=82341"},{"taxonomy":"product_tag","embeddable":true,"href":"https:\/\/exlibris.ee\/en\/wp-json\/wp\/v2\/product_tag?post=82341"},{"taxonomy":"series","embeddable":true,"href":"https:\/\/exlibris.ee\/en\/wp-json\/wp\/v2\/series?post=82341"},{"taxonomy":"publisher","embeddable":true,"href":"https:\/\/exlibris.ee\/en\/wp-json\/wp\/v2\/publisher?post=82341"}],"curies":[{"name":"wp","href":"https:\/\/api.w.org\/{rel}","templated":true}]}}