{"id":82351,"date":"2023-07-11T10:46:34","date_gmt":"2023-07-11T07:46:34","guid":{"rendered":"https:\/\/exlibris.ee\/toode\/willkommen-in-deutschland-deutsch-als-zweitsprache-fur-jugendliche-heft-ii-ubungsheft-ii-mit-losungen\/"},"modified":"2026-04-17T17:33:48","modified_gmt":"2026-04-17T14:33:48","slug":"willkommen-in-deutschland-deutsch-als-zweitsprache-fur-jugendliche-heft-ii-ubungsheft-ii-mit-losungen","status":"publish","type":"product","link":"https:\/\/exlibris.ee\/en\/product\/willkommen-in-deutschland-deutsch-als-zweitsprache-fur-jugendliche-heft-ii-ubungsheft-ii-mit-losungen\/","title":{"rendered":"Willkommen in Deutschland \u2013 Deutsch als Zweitsprache f\u00fcr Jugendliche, Heft II  \u00dcbungsheft II mit L\u00f6sungen"},"content":{"rendered":"<p>Klassenstufe: 7. bis 13. Schuljahr Die \u00dcbungshefte spiegeln die Lebensbereiche junger Menschen zwischen 12 und ca. 18 Jahren wider, ihre unterschiedlichen Kulturen, Familienformen und Alltagssituationen. Die Gestaltung und die Themen motivieren Jugendliche und zeigen ihnen die M\u00f6glichkeit der unmittelbaren Anwendung ihrer Sprachkenntnisse im Alltag. Die Jugendlichen erlernen und trainieren \u2013 auch durch den Einbezug der Muttersprache \u2013 den Grundwortschatz und einfache Grammatikstrukturen und \u00fcben das Sprechen in der neuen Sprache in Form von kurzen Dialogen und kleinen Gespr\u00e4chen. Offene, handlungsorientierte und spielerische \u00dcbungen steigern dabei die Motivation und f\u00f6rdern den Lernzuwachs.<\/p>\n","protected":false},"excerpt":{"rendered":"<p>Klassenstufe: 7. bis 13. Schuljahr Die \u00dcbungshefte spiegeln die Lebensbereiche junger Menschen zwischen 12 und ca. 18 Jahren wider, ihre unterschiedlichen Kulturen, Familienformen und Alltagssituationen. Die Gestaltung und die Themen motivieren Jugendliche und zeigen ihnen die M\u00f6glichkeit der unmittelbaren Anwendung&#8230;<\/p>\n","protected":false},"featured_media":321769,"template":"","meta":{"_acf_changed":false,"inline_featured_image":false},"product_brand":[],"product_cat":[503],"product_tag":[],"series":[{"id":1346,"name":"Willkommen in Deutschland","slug":"willkommen-in-deutschland"}],"publisher":[{"id":1343,"name":"Mildenberger Verlag","slug":"mildenberger-verlag"}],"class_list":{"0":"post-82351","1":"product","2":"type-product","3":"status-publish","4":"has-post-thumbnail","6":"product_cat-lernen-mit-bildern-und-spielen","7":"series-willkommen-in-deutschland","8":"publisher-mildenberger-verlag","10":"first","11":"onbackorder","12":"taxable","13":"shipping-taxable","14":"purchasable","15":"product-type-simple"},"acf":[],"_links":{"self":[{"href":"https:\/\/exlibris.ee\/en\/wp-json\/wp\/v2\/product\/82351","targetHints":{"allow":["GET"]}}],"collection":[{"href":"https:\/\/exlibris.ee\/en\/wp-json\/wp\/v2\/product"}],"about":[{"href":"https:\/\/exlibris.ee\/en\/wp-json\/wp\/v2\/types\/product"}],"wp:featuredmedia":[{"embeddable":true,"href":"https:\/\/exlibris.ee\/en\/wp-json\/wp\/v2\/media\/321769"}],"wp:attachment":[{"href":"https:\/\/exlibris.ee\/en\/wp-json\/wp\/v2\/media?parent=82351"}],"wp:term":[{"taxonomy":"product_brand","embeddable":true,"href":"https:\/\/exlibris.ee\/en\/wp-json\/wp\/v2\/product_brand?post=82351"},{"taxonomy":"product_cat","embeddable":true,"href":"https:\/\/exlibris.ee\/en\/wp-json\/wp\/v2\/product_cat?post=82351"},{"taxonomy":"product_tag","embeddable":true,"href":"https:\/\/exlibris.ee\/en\/wp-json\/wp\/v2\/product_tag?post=82351"},{"taxonomy":"series","embeddable":true,"href":"https:\/\/exlibris.ee\/en\/wp-json\/wp\/v2\/series?post=82351"},{"taxonomy":"publisher","embeddable":true,"href":"https:\/\/exlibris.ee\/en\/wp-json\/wp\/v2\/publisher?post=82351"}],"curies":[{"name":"wp","href":"https:\/\/api.w.org\/{rel}","templated":true}]}}