{"id":82359,"date":"2023-07-11T10:46:34","date_gmt":"2023-07-11T07:46:34","guid":{"rendered":"https:\/\/exlibris.ee\/toode\/lese-und-lernprofi-2-schulerarbeitsheft-silbierte-ausgabe-sinnerfassend-lesen-lernen-mit-fredi-der-leseratte-leseheft\/"},"modified":"2026-04-18T17:21:18","modified_gmt":"2026-04-18T14:21:18","slug":"lese-und-lernprofi-2-schulerarbeitsheft-silbierte-ausgabe-sinnerfassend-lesen-lernen-mit-fredi-der-leseratte-leseheft","status":"publish","type":"product","link":"https:\/\/exlibris.ee\/en\/product\/lese-und-lernprofi-2-schulerarbeitsheft-silbierte-ausgabe-sinnerfassend-lesen-lernen-mit-fredi-der-leseratte-leseheft\/","title":{"rendered":"Lese- und Lernprofi 2 \u2013 Sch\u00fclerarbeitsheft \u2013 silbierte Ausgabe  Sinnerfassend lesen lernen mit Fredi, der Leseratte \/ Leseheft"},"content":{"rendered":"<p>Klassenstufe: 2. Schuljahr Sinnerfassend lesen lernen mit Fredi, der Leseratte. Das Werk richtet sich an Kinder im zweiten Schuljahr, die den allgemeinen Lese- und Schreiblehrgang bereits abgeschlossen haben. Es f\u00f6rdert das Lesen mit allen Sinnen und verhilft den Kindern durch gezieltes Lesetraining zu mehr Textverst\u00e4ndnis, Lesesicherheit und einem erweiterten Wortschatz. Sinnerfassend lesen zu k\u00f6nnen bildet die Grundlage f\u00fcr jeden Lernprozess. Der \u201eLese- und Lernprofi\u201c konzentriert sich daher darauf, Strategien f\u00fcr das sinnerfassende Lesen vorzustellen und aufzuzeigen, wie einfach diese anzuwenden sind. Der \u201eLese- und Lernprofi\u201c spricht die Kinder dabei direkt an. Das Heft ist so aufgebaut, dass die kleinen Leser in ein Gespr\u00e4ch verwickelt werden. Sie nehmen aktiv am Geschehen teil, stehen im Mittelpunkt und werden aufgefordert, mitzumachen. Die \u00dcbungen sind Schritt f\u00fcr Schritt nachvollziehbar. Um den Sch\u00fclern das Lesen zu erleichtern, sind s\u00e4mtliche einf\u00fchrende und erz\u00e4hlende Texte in Silben gegliedert und gedruckt. Silbierte Ausgabe mit farbigem Silbentrenner in blau\/rot.<\/p>\n","protected":false},"excerpt":{"rendered":"<p>Klassenstufe: 2. Schuljahr Sinnerfassend lesen lernen mit Fredi, der Leseratte. Das Werk richtet sich an Kinder im zweiten Schuljahr, die den allgemeinen Lese- und Schreiblehrgang bereits abgeschlossen haben. Es f\u00f6rdert das Lesen mit allen Sinnen und verhilft den Kindern durch&#8230;<\/p>\n","protected":false},"featured_media":338783,"template":"","meta":{"_acf_changed":false,"inline_featured_image":false},"product_brand":[],"product_cat":[851],"product_tag":[],"series":[{"id":1347,"name":"Lese- und Lernprofi","slug":"lese-und-lernprofi"}],"publisher":[{"id":1343,"name":"Mildenberger Verlag","slug":"mildenberger-verlag"}],"class_list":{"0":"post-82359","1":"product","2":"type-product","3":"status-publish","4":"has-post-thumbnail","6":"product_cat-lesetexte-deutsch","7":"series-lese-und-lernprofi","8":"publisher-mildenberger-verlag","10":"first","11":"onbackorder","12":"taxable","13":"shipping-taxable","14":"purchasable","15":"product-type-simple"},"acf":[],"_links":{"self":[{"href":"https:\/\/exlibris.ee\/en\/wp-json\/wp\/v2\/product\/82359","targetHints":{"allow":["GET"]}}],"collection":[{"href":"https:\/\/exlibris.ee\/en\/wp-json\/wp\/v2\/product"}],"about":[{"href":"https:\/\/exlibris.ee\/en\/wp-json\/wp\/v2\/types\/product"}],"wp:featuredmedia":[{"embeddable":true,"href":"https:\/\/exlibris.ee\/en\/wp-json\/wp\/v2\/media\/338783"}],"wp:attachment":[{"href":"https:\/\/exlibris.ee\/en\/wp-json\/wp\/v2\/media?parent=82359"}],"wp:term":[{"taxonomy":"product_brand","embeddable":true,"href":"https:\/\/exlibris.ee\/en\/wp-json\/wp\/v2\/product_brand?post=82359"},{"taxonomy":"product_cat","embeddable":true,"href":"https:\/\/exlibris.ee\/en\/wp-json\/wp\/v2\/product_cat?post=82359"},{"taxonomy":"product_tag","embeddable":true,"href":"https:\/\/exlibris.ee\/en\/wp-json\/wp\/v2\/product_tag?post=82359"},{"taxonomy":"series","embeddable":true,"href":"https:\/\/exlibris.ee\/en\/wp-json\/wp\/v2\/series?post=82359"},{"taxonomy":"publisher","embeddable":true,"href":"https:\/\/exlibris.ee\/en\/wp-json\/wp\/v2\/publisher?post=82359"}],"curies":[{"name":"wp","href":"https:\/\/api.w.org\/{rel}","templated":true}]}}