{"id":82594,"date":"2023-07-11T10:48:12","date_gmt":"2023-07-11T07:48:12","guid":{"rendered":"https:\/\/exlibris.ee\/toode\/lingoposter-spanisch-lernen-im-vorbeigehen-10-lernposter-paket-sprachposter-trainingskarten-ubungsbuch-app\/"},"modified":"2026-04-05T17:23:44","modified_gmt":"2026-04-05T14:23:44","slug":"lingoposter-spanisch-lernen-im-vorbeigehen-10-lernposter-paket-sprachposter-trainingskarten-ubungsbuch-app","status":"publish","type":"product","link":"https:\/\/exlibris.ee\/en\/product\/lingoposter-spanisch-lernen-im-vorbeigehen-10-lernposter-paket-sprachposter-trainingskarten-ubungsbuch-app\/","title":{"rendered":"Lingoposter: Spanisch lernen im Vorbeigehen  10 Lernposter \/ Paket: Sprachposter + Trainingskarten + \u00dcbungsbuch + App"},"content":{"rendered":"<p>Sprachentraining en passant hei\u00dft es mit dem Lingoposter Spanisch: Die Sprachenlern-Poster sind kluge Zusatzmaterialien, mit denen sich das Fremdsprachenlernen ganz einfach in den Alltag integrieren l\u00e4sst! Die Lingoposter bieten ein ganzes Paket an cleveren Medien, mit denen sich das Sprachenlernen praktisch in den Alltag integrieren l\u00e4sst: 10 Poster zum Aufh\u00e4ngen in der K\u00fcche oder im B\u00fcro, jeweils dazu passende Trainingskarten sowie ein \u00dcbungsbuch mit QR-Code f\u00fcr eine kostenlose Lern-App. So macht Sprachenlernen Spa\u00df! Empfehlung: Jedes Poster nur eine Woche h\u00e4ngen lassen! Nach 10 Wochen wird das Training mit einem Abschlusstest in der App beendet. Zur Wiederholung und Festigung k\u00f6nnen einzelne Poster auch mehrmals aufgeh\u00e4ngt werden. Wiederholung unterst\u00fctzt das Lernen. Darum werden wichtige Vokabeln und Grammatikregeln auf den Postern, im \u00dcbungsbuch, auf den Trainingskarten und in der App wiederholt. Jedes der 10 Poster ist eine Lektion, in der die Nutzer Grammatik trainieren, Redewendungen kennenlernen und mit dem Bildw\u00f6rterbuch ihren Wort-Vokabelschatz erweitern. Alle Lektionen sind auf den Europ\u00e4ischen Referenzrahmen abgestimmt. Der Clou: Die Poster sind durch eine fortlaufende Geschichte miteinander verbunden. Diese Geschichte wird im \u00dcbungsbuch erz\u00e4hlt. In der App werden s\u00e4mtliche Texte des \u00dcbungsbuchs und der Poster vorgelesen. Au\u00dferdem bietet die App Sprachenspiele und einen Vokabeltrainer f\u00fcr unterwegs. Die Lingoposter sind f\u00fcr weitere Sprachen erh\u00e4ltlich.<\/p>\n","protected":false},"excerpt":{"rendered":"<p>Sprachentraining en passant hei\u00dft es mit dem Lingoposter Spanisch: Die Sprachenlern-Poster sind kluge Zusatzmaterialien, mit denen sich das Fremdsprachenlernen ganz einfach in den Alltag integrieren l\u00e4sst! Die Lingoposter bieten ein ganzes Paket an cleveren Medien, mit denen sich das Sprachenlernen&#8230;<\/p>\n","protected":false},"featured_media":82418,"template":"","meta":{"_acf_changed":false,"inline_featured_image":false},"product_brand":[],"product_cat":[503],"product_tag":[],"series":[],"publisher":[{"id":1350,"name":"Lingoplanet","slug":"lingoplanet"}],"class_list":{"0":"post-82594","1":"product","2":"type-product","3":"status-publish","4":"has-post-thumbnail","6":"product_cat-lernen-mit-bildern-und-spielen","7":"publisher-lingoplanet","9":"first","10":"onbackorder","11":"taxable","12":"shipping-taxable","13":"purchasable","14":"product-type-simple"},"acf":[],"_links":{"self":[{"href":"https:\/\/exlibris.ee\/en\/wp-json\/wp\/v2\/product\/82594","targetHints":{"allow":["GET"]}}],"collection":[{"href":"https:\/\/exlibris.ee\/en\/wp-json\/wp\/v2\/product"}],"about":[{"href":"https:\/\/exlibris.ee\/en\/wp-json\/wp\/v2\/types\/product"}],"wp:featuredmedia":[{"embeddable":true,"href":"https:\/\/exlibris.ee\/en\/wp-json\/wp\/v2\/media\/82418"}],"wp:attachment":[{"href":"https:\/\/exlibris.ee\/en\/wp-json\/wp\/v2\/media?parent=82594"}],"wp:term":[{"taxonomy":"product_brand","embeddable":true,"href":"https:\/\/exlibris.ee\/en\/wp-json\/wp\/v2\/product_brand?post=82594"},{"taxonomy":"product_cat","embeddable":true,"href":"https:\/\/exlibris.ee\/en\/wp-json\/wp\/v2\/product_cat?post=82594"},{"taxonomy":"product_tag","embeddable":true,"href":"https:\/\/exlibris.ee\/en\/wp-json\/wp\/v2\/product_tag?post=82594"},{"taxonomy":"series","embeddable":true,"href":"https:\/\/exlibris.ee\/en\/wp-json\/wp\/v2\/series?post=82594"},{"taxonomy":"publisher","embeddable":true,"href":"https:\/\/exlibris.ee\/en\/wp-json\/wp\/v2\/publisher?post=82594"}],"curies":[{"name":"wp","href":"https:\/\/api.w.org\/{rel}","templated":true}]}}