{"id":82604,"date":"2023-07-11T10:48:13","date_gmt":"2023-07-11T07:48:13","guid":{"rendered":"https:\/\/exlibris.ee\/toode\/das-tollste-pony-der-welt-leichter-lesen-lernen-mit-der-silbenmethode-leseheft\/"},"modified":"2026-04-05T17:24:58","modified_gmt":"2026-04-05T14:24:58","slug":"das-tollste-pony-der-welt-leichter-lesen-lernen-mit-der-silbenmethode-leseheft","status":"publish","type":"product","link":"https:\/\/exlibris.ee\/en\/product\/das-tollste-pony-der-welt-leichter-lesen-lernen-mit-der-silbenmethode-leseheft\/","title":{"rendered":"Das tollste Pony der Welt  Leichter lesen lernen mit der Silbenmethode \/ Leseheft"},"content":{"rendered":"<p>Klassenstufe: 1. Schuljahr bis 2. Schuljahr Lesestufe 1 Pony Lulu ist einsam. Doch dann schl\u00e4gt ein Zirkus sein Zelt neben ihrer Wiese auf. Was die Tiere alles k\u00f6nnen! Lulu staunt. Sie kann nur laufen \u2013 vorw\u00e4rts, r\u00fcckw\u00e4rts und im Kreis.<\/p>\n","protected":false},"excerpt":{"rendered":"<p>Klassenstufe: 1. Schuljahr bis 2. Schuljahr Lesestufe 1 Pony Lulu ist einsam. Doch dann schl\u00e4gt ein Zirkus sein Zelt neben ihrer Wiese auf. Was die Tiere alles k\u00f6nnen! Lulu staunt. Sie kann nur laufen \u2013 vorw\u00e4rts, r\u00fcckw\u00e4rts und im Kreis.<\/p>\n","protected":false},"featured_media":82448,"template":"","meta":{"_acf_changed":false,"inline_featured_image":false},"product_brand":[],"product_cat":[886],"product_tag":[],"series":[],"publisher":[{"id":1343,"name":"Mildenberger Verlag","slug":"mildenberger-verlag"}],"class_list":{"0":"post-82604","1":"product","2":"type-product","3":"status-publish","4":"has-post-thumbnail","6":"product_cat-methodik","7":"publisher-mildenberger-verlag","9":"first","10":"onbackorder","11":"taxable","12":"shipping-taxable","13":"purchasable","14":"product-type-simple"},"acf":[],"_links":{"self":[{"href":"https:\/\/exlibris.ee\/en\/wp-json\/wp\/v2\/product\/82604","targetHints":{"allow":["GET"]}}],"collection":[{"href":"https:\/\/exlibris.ee\/en\/wp-json\/wp\/v2\/product"}],"about":[{"href":"https:\/\/exlibris.ee\/en\/wp-json\/wp\/v2\/types\/product"}],"wp:featuredmedia":[{"embeddable":true,"href":"https:\/\/exlibris.ee\/en\/wp-json\/wp\/v2\/media\/82448"}],"wp:attachment":[{"href":"https:\/\/exlibris.ee\/en\/wp-json\/wp\/v2\/media?parent=82604"}],"wp:term":[{"taxonomy":"product_brand","embeddable":true,"href":"https:\/\/exlibris.ee\/en\/wp-json\/wp\/v2\/product_brand?post=82604"},{"taxonomy":"product_cat","embeddable":true,"href":"https:\/\/exlibris.ee\/en\/wp-json\/wp\/v2\/product_cat?post=82604"},{"taxonomy":"product_tag","embeddable":true,"href":"https:\/\/exlibris.ee\/en\/wp-json\/wp\/v2\/product_tag?post=82604"},{"taxonomy":"series","embeddable":true,"href":"https:\/\/exlibris.ee\/en\/wp-json\/wp\/v2\/series?post=82604"},{"taxonomy":"publisher","embeddable":true,"href":"https:\/\/exlibris.ee\/en\/wp-json\/wp\/v2\/publisher?post=82604"}],"curies":[{"name":"wp","href":"https:\/\/api.w.org\/{rel}","templated":true}]}}