{"id":82607,"date":"2023-07-11T10:48:14","date_gmt":"2023-07-11T07:48:14","guid":{"rendered":"https:\/\/exlibris.ee\/toode\/baumhausgeschichten-leichter-lesen-lernen-mit-der-silbenmethode-leseheft\/"},"modified":"2026-04-30T17:20:56","modified_gmt":"2026-04-30T14:20:56","slug":"baumhausgeschichten-leichter-lesen-lernen-mit-der-silbenmethode-leseheft","status":"publish","type":"product","link":"https:\/\/exlibris.ee\/en\/product\/baumhausgeschichten-leichter-lesen-lernen-mit-der-silbenmethode-leseheft\/","title":{"rendered":"Baumhausgeschichten  Leichter lesen lernen mit der Silbenmethode \/ Leseheft"},"content":{"rendered":"<p>Klassenstufe: 1. Schuljahr bis 2. Schuljahr Lesestufe 1 Oben in den B\u00e4umen wohnen V\u00f6gel, Eichh\u00f6rnchen und Kinder. Wieso Kinder? Na klar, die haben sich ein echtes Baumhaus gebaut! Was man darin alles erleben kann, erf\u00e4hrt man in diesen drei spannenden Geschichten.<\/p>\n","protected":false},"excerpt":{"rendered":"<p>Klassenstufe: 1. Schuljahr bis 2. Schuljahr Lesestufe 1 Oben in den B\u00e4umen wohnen V\u00f6gel, Eichh\u00f6rnchen und Kinder. Wieso Kinder? Na klar, die haben sich ein echtes Baumhaus gebaut! Was man darin alles erleben kann, erf\u00e4hrt man in diesen drei spannenden&#8230;<\/p>\n","protected":false},"featured_media":575229,"template":"","meta":{"_acf_changed":false,"inline_featured_image":false},"product_brand":[],"product_cat":[886],"product_tag":[],"series":[],"publisher":[{"id":1343,"name":"Mildenberger Verlag","slug":"mildenberger-verlag"}],"class_list":{"0":"post-82607","1":"product","2":"type-product","3":"status-publish","4":"has-post-thumbnail","6":"product_cat-methodik","7":"publisher-mildenberger-verlag","9":"first","10":"onbackorder","11":"taxable","12":"shipping-taxable","13":"purchasable","14":"product-type-simple"},"acf":[],"_links":{"self":[{"href":"https:\/\/exlibris.ee\/en\/wp-json\/wp\/v2\/product\/82607","targetHints":{"allow":["GET"]}}],"collection":[{"href":"https:\/\/exlibris.ee\/en\/wp-json\/wp\/v2\/product"}],"about":[{"href":"https:\/\/exlibris.ee\/en\/wp-json\/wp\/v2\/types\/product"}],"wp:featuredmedia":[{"embeddable":true,"href":"https:\/\/exlibris.ee\/en\/wp-json\/wp\/v2\/media\/575229"}],"wp:attachment":[{"href":"https:\/\/exlibris.ee\/en\/wp-json\/wp\/v2\/media?parent=82607"}],"wp:term":[{"taxonomy":"product_brand","embeddable":true,"href":"https:\/\/exlibris.ee\/en\/wp-json\/wp\/v2\/product_brand?post=82607"},{"taxonomy":"product_cat","embeddable":true,"href":"https:\/\/exlibris.ee\/en\/wp-json\/wp\/v2\/product_cat?post=82607"},{"taxonomy":"product_tag","embeddable":true,"href":"https:\/\/exlibris.ee\/en\/wp-json\/wp\/v2\/product_tag?post=82607"},{"taxonomy":"series","embeddable":true,"href":"https:\/\/exlibris.ee\/en\/wp-json\/wp\/v2\/series?post=82607"},{"taxonomy":"publisher","embeddable":true,"href":"https:\/\/exlibris.ee\/en\/wp-json\/wp\/v2\/publisher?post=82607"}],"curies":[{"name":"wp","href":"https:\/\/api.w.org\/{rel}","templated":true}]}}