{"id":82610,"date":"2023-07-11T10:48:14","date_gmt":"2023-07-11T07:48:14","guid":{"rendered":"https:\/\/exlibris.ee\/toode\/der-berg-kinderbuch-deutsch-russisch-mit-mp3-horbuch-zum-herunterladen\/"},"modified":"2026-04-24T21:58:02","modified_gmt":"2026-04-24T18:58:02","slug":"der-berg-kinderbuch-deutsch-russisch-mit-mp3-horbuch-zum-herunterladen","status":"publish","type":"product","link":"https:\/\/exlibris.ee\/en\/product\/der-berg-kinderbuch-deutsch-russisch-mit-mp3-horbuch-zum-herunterladen\/","title":{"rendered":"Der Berg  Kinderbuch Deutsch-Russisch mit MP3-H\u00f6rbuch zum Herunterladen"},"content":{"rendered":"<p>Zielgruppe: Kinder ab 4 Jahren Der B\u00e4r wei\u00df genau, wie der Berg aussieht. Auch das Schaf, die G\u00e4mse, die Ameise, der Schneehase und der Oktopus kennen den Berg. Aber f\u00fcr jedes Tier sieht der Berg anders aus. Wie kann das sein? Und wer hat mit seiner Ansicht recht? Erst eine gemeinsame Bergbesteigung weitet den Blick. Und am Ende steht die Einsicht, dass es Platz genug gibt f\u00fcr viele Ansichten. Rebecca Gugger und Simon R\u00f6thlisberger erz\u00e4hlen auf ihre federleichte Art eine Geschichte \u00fcber Toleranz. Durchgehend farbig illustriert, mit H\u00f6rbuch zum Download. Erh\u00e4ltlich in sieben Sprachausgaben.<\/p>\n","protected":false},"excerpt":{"rendered":"<p>Zielgruppe: Kinder ab 4 Jahren Der B\u00e4r wei\u00df genau, wie der Berg aussieht. Auch das Schaf, die G\u00e4mse, die Ameise, der Schneehase und der Oktopus kennen den Berg. Aber f\u00fcr jedes Tier sieht der Berg anders aus. Wie kann das&#8230;<\/p>\n","protected":false},"featured_media":457716,"template":"","meta":{"_acf_changed":false,"inline_featured_image":false},"product_brand":[],"product_cat":[471],"product_tag":[],"series":[],"publisher":[{"id":1308,"name":"NordS\u00fcd","slug":"nordsud"}],"class_list":{"0":"post-82610","1":"product","2":"type-product","3":"status-publish","4":"has-post-thumbnail","6":"product_cat-lehrwerke-fur-kinder","7":"publisher-nordsud","9":"first","10":"onbackorder","11":"taxable","12":"shipping-taxable","13":"purchasable","14":"product-type-simple"},"acf":[],"_links":{"self":[{"href":"https:\/\/exlibris.ee\/en\/wp-json\/wp\/v2\/product\/82610","targetHints":{"allow":["GET"]}}],"collection":[{"href":"https:\/\/exlibris.ee\/en\/wp-json\/wp\/v2\/product"}],"about":[{"href":"https:\/\/exlibris.ee\/en\/wp-json\/wp\/v2\/types\/product"}],"wp:featuredmedia":[{"embeddable":true,"href":"https:\/\/exlibris.ee\/en\/wp-json\/wp\/v2\/media\/457716"}],"wp:attachment":[{"href":"https:\/\/exlibris.ee\/en\/wp-json\/wp\/v2\/media?parent=82610"}],"wp:term":[{"taxonomy":"product_brand","embeddable":true,"href":"https:\/\/exlibris.ee\/en\/wp-json\/wp\/v2\/product_brand?post=82610"},{"taxonomy":"product_cat","embeddable":true,"href":"https:\/\/exlibris.ee\/en\/wp-json\/wp\/v2\/product_cat?post=82610"},{"taxonomy":"product_tag","embeddable":true,"href":"https:\/\/exlibris.ee\/en\/wp-json\/wp\/v2\/product_tag?post=82610"},{"taxonomy":"series","embeddable":true,"href":"https:\/\/exlibris.ee\/en\/wp-json\/wp\/v2\/series?post=82610"},{"taxonomy":"publisher","embeddable":true,"href":"https:\/\/exlibris.ee\/en\/wp-json\/wp\/v2\/publisher?post=82610"}],"curies":[{"name":"wp","href":"https:\/\/api.w.org\/{rel}","templated":true}]}}