{"id":82612,"date":"2023-07-11T10:48:14","date_gmt":"2023-07-11T07:48:14","guid":{"rendered":"https:\/\/exlibris.ee\/toode\/gesprachstraining-deutsch-fur-den-beruf-pdf-download\/"},"modified":"2026-04-18T17:23:20","modified_gmt":"2026-04-18T14:23:20","slug":"gesprachstraining-deutsch-fur-den-beruf-pdf-download","status":"publish","type":"product","link":"https:\/\/exlibris.ee\/en\/product\/gesprachstraining-deutsch-fur-den-beruf-pdf-download\/","title":{"rendered":"Gespr\u00e4chstraining Deutsch f\u00fcr den Beruf  PDF-Download"},"content":{"rendered":"<p>Gespr\u00e4chstraining Deutsch f\u00fcr den Beruf trainiert Kommunikationssituationen des beruflichen und halbberuflichen Alltags. Voraussetzungen: Deutschkenntnisse auf dem Niveau B1. Zielgruppe: Gespr\u00e4chstraining Deutsch f\u00fcr den Beruf ist kurstragendes Zusatzmaterial f\u00fcr berufsorientierte Kommunikationskurse \u2013in allen anderen Kursen mit Fortgeschrittenen ist es eine wertvolle Erg\u00e4nzung. Inhaltliche Schwerpunkte: &#8211; Smalltalk &#8211; Selbstdarstellung &#8211; Pannen vermeiden &#8211; peinliche Situationen entsch\u00e4rfen &#8211; die Meinung sagen (aber wie?) &#8211; sich behaupten &#8211; einlenken &#8211; etwas beschreiben &#8211; etwas kl\u00e4ren &#8211; zuh\u00f6ren (Feedback-Signale).<\/p>\n","protected":false},"excerpt":{"rendered":"<p>Gespr\u00e4chstraining Deutsch f\u00fcr den Beruf trainiert Kommunikationssituationen des beruflichen und halbberuflichen Alltags. Voraussetzungen: Deutschkenntnisse auf dem Niveau B1. Zielgruppe: Gespr\u00e4chstraining Deutsch f\u00fcr den Beruf ist kurstragendes Zusatzmaterial f\u00fcr berufsorientierte Kommunikationskurse \u2013in allen anderen Kursen mit Fortgeschrittenen ist es eine wertvolle&#8230;<\/p>\n","protected":false},"featured_media":338885,"template":"","meta":{"_acf_changed":false,"inline_featured_image":false},"product_brand":[],"product_cat":[885],"product_tag":[],"series":[],"publisher":[{"id":1315,"name":"Verlag f\u00fcr Deutsch","slug":"verlag-fur-deutsch"}],"class_list":{"0":"post-82612","1":"product","2":"type-product","3":"status-publish","4":"has-post-thumbnail","6":"product_cat-berufssprache","7":"publisher-verlag-fur-deutsch","9":"first","10":"onbackorder","11":"taxable","12":"shipping-taxable","13":"purchasable","14":"product-type-simple"},"acf":[],"_links":{"self":[{"href":"https:\/\/exlibris.ee\/en\/wp-json\/wp\/v2\/product\/82612","targetHints":{"allow":["GET"]}}],"collection":[{"href":"https:\/\/exlibris.ee\/en\/wp-json\/wp\/v2\/product"}],"about":[{"href":"https:\/\/exlibris.ee\/en\/wp-json\/wp\/v2\/types\/product"}],"wp:featuredmedia":[{"embeddable":true,"href":"https:\/\/exlibris.ee\/en\/wp-json\/wp\/v2\/media\/338885"}],"wp:attachment":[{"href":"https:\/\/exlibris.ee\/en\/wp-json\/wp\/v2\/media?parent=82612"}],"wp:term":[{"taxonomy":"product_brand","embeddable":true,"href":"https:\/\/exlibris.ee\/en\/wp-json\/wp\/v2\/product_brand?post=82612"},{"taxonomy":"product_cat","embeddable":true,"href":"https:\/\/exlibris.ee\/en\/wp-json\/wp\/v2\/product_cat?post=82612"},{"taxonomy":"product_tag","embeddable":true,"href":"https:\/\/exlibris.ee\/en\/wp-json\/wp\/v2\/product_tag?post=82612"},{"taxonomy":"series","embeddable":true,"href":"https:\/\/exlibris.ee\/en\/wp-json\/wp\/v2\/series?post=82612"},{"taxonomy":"publisher","embeddable":true,"href":"https:\/\/exlibris.ee\/en\/wp-json\/wp\/v2\/publisher?post=82612"}],"curies":[{"name":"wp","href":"https:\/\/api.w.org\/{rel}","templated":true}]}}