{"id":82616,"date":"2023-07-11T10:48:15","date_gmt":"2023-07-11T07:48:15","guid":{"rendered":"https:\/\/exlibris.ee\/toode\/ubungsgrammatik-fur-anfanger-deutsch-als-fremdsprache-mp3-download-horaufnahmen-zur-ubungsgrammatik\/"},"modified":"2026-04-12T13:25:19","modified_gmt":"2026-04-12T10:25:19","slug":"ubungsgrammatik-fur-anfanger-deutsch-als-fremdsprache-mp3-download-horaufnahmen-zur-ubungsgrammatik","status":"publish","type":"product","link":"https:\/\/exlibris.ee\/en\/product\/ubungsgrammatik-fur-anfanger-deutsch-als-fremdsprache-mp3-download-horaufnahmen-zur-ubungsgrammatik\/","title":{"rendered":"\u00dcbungsgrammatik f\u00fcr Anf\u00e4nger  Deutsch als Fremdsprache \/ MP3- Download H\u00f6raufnahmen zur \u00dcbungsgrammatik"},"content":{"rendered":"<p>Eine Auswahl vertonter \u00dcbungen aus der \u00dcbungsgrammatik Deutsch f\u00fcr Anf\u00e4nger als H\u00f6rtraining und zum Vertiefen der Grammatik\u00fcbungen.<\/p>\n","protected":false},"excerpt":{"rendered":"<p>Eine Auswahl vertonter \u00dcbungen aus der \u00dcbungsgrammatik Deutsch f\u00fcr Anf\u00e4nger als H\u00f6rtraining und zum Vertiefen der Grammatik\u00fcbungen.<\/p>\n","protected":false},"featured_media":220030,"template":"","meta":{"_acf_changed":false,"inline_featured_image":false},"product_brand":[],"product_cat":[480],"product_tag":[],"series":[{"id":1299,"name":"\u00dcbungsgrammatik","slug":"ubungsgrammatik"}],"publisher":[{"id":1315,"name":"Verlag f\u00fcr Deutsch","slug":"verlag-fur-deutsch"}],"class_list":{"0":"post-82616","1":"product","2":"type-product","3":"status-publish","4":"has-post-thumbnail","6":"product_cat-grammatiken","7":"series-ubungsgrammatik","8":"publisher-verlag-fur-deutsch","10":"first","11":"onbackorder","12":"taxable","13":"shipping-taxable","14":"purchasable","15":"product-type-simple"},"acf":[],"_links":{"self":[{"href":"https:\/\/exlibris.ee\/en\/wp-json\/wp\/v2\/product\/82616","targetHints":{"allow":["GET"]}}],"collection":[{"href":"https:\/\/exlibris.ee\/en\/wp-json\/wp\/v2\/product"}],"about":[{"href":"https:\/\/exlibris.ee\/en\/wp-json\/wp\/v2\/types\/product"}],"wp:featuredmedia":[{"embeddable":true,"href":"https:\/\/exlibris.ee\/en\/wp-json\/wp\/v2\/media\/220030"}],"wp:attachment":[{"href":"https:\/\/exlibris.ee\/en\/wp-json\/wp\/v2\/media?parent=82616"}],"wp:term":[{"taxonomy":"product_brand","embeddable":true,"href":"https:\/\/exlibris.ee\/en\/wp-json\/wp\/v2\/product_brand?post=82616"},{"taxonomy":"product_cat","embeddable":true,"href":"https:\/\/exlibris.ee\/en\/wp-json\/wp\/v2\/product_cat?post=82616"},{"taxonomy":"product_tag","embeddable":true,"href":"https:\/\/exlibris.ee\/en\/wp-json\/wp\/v2\/product_tag?post=82616"},{"taxonomy":"series","embeddable":true,"href":"https:\/\/exlibris.ee\/en\/wp-json\/wp\/v2\/series?post=82616"},{"taxonomy":"publisher","embeddable":true,"href":"https:\/\/exlibris.ee\/en\/wp-json\/wp\/v2\/publisher?post=82616"}],"curies":[{"name":"wp","href":"https:\/\/api.w.org\/{rel}","templated":true}]}}