{"id":82617,"date":"2023-07-11T10:48:15","date_gmt":"2023-07-11T07:48:15","guid":{"rendered":"https:\/\/exlibris.ee\/toode\/weg-mit-den-typischen-fehlern-1-pdf-download\/"},"modified":"2026-04-23T07:42:27","modified_gmt":"2026-04-23T04:42:27","slug":"weg-mit-den-typischen-fehlern-1-pdf-download","status":"publish","type":"product","link":"https:\/\/exlibris.ee\/en\/product\/weg-mit-den-typischen-fehlern-1-pdf-download\/","title":{"rendered":"Weg mit den typischen Fehlern 1!  PDF-Download"},"content":{"rendered":"<p>Ein \u00dcbungsbuch f\u00fcr Lerner mit Grundkenntnissen und f\u00fcr Fortgeschrittene &#8211; Zur Fehlerkorrektur, zum \u00dcben und Wiederholen &#8211; 95 systematisch gegliederte Kapitel mit gezielten Hinweisen zur Vermeidung h\u00e4ufig vorkommender, typischer Fehler in Grammatik und Wortschatz &#8211; Zahlreiche grammatische Erl\u00e4uterungen mit \u00dcbungen und Tests &#8211; Schwerpunkte: Pr\u00e4positionen, Adjektivdeklination, Kongruenz, Rektion der Verben, Satzstellung &#8211; F\u00fcr das Selbststudium bestens geeignet &#8211; In fortgeschrittenen Grammatikkursen auch kurstragend einsetzbar.<\/p>\n","protected":false},"excerpt":{"rendered":"<p>Ein \u00dcbungsbuch f\u00fcr Lerner mit Grundkenntnissen und f\u00fcr Fortgeschrittene &#8211; Zur Fehlerkorrektur, zum \u00dcben und Wiederholen &#8211; 95 systematisch gegliederte Kapitel mit gezielten Hinweisen zur Vermeidung h\u00e4ufig vorkommender, typischer Fehler in Grammatik und Wortschatz &#8211; Zahlreiche grammatische Erl\u00e4uterungen mit \u00dcbungen&#8230;<\/p>\n","protected":false},"featured_media":424220,"template":"","meta":{"_acf_changed":false,"inline_featured_image":false},"product_brand":[],"product_cat":[558],"product_tag":[],"series":[],"publisher":[{"id":1315,"name":"Verlag f\u00fcr Deutsch","slug":"verlag-fur-deutsch"}],"class_list":{"0":"post-82617","1":"product","2":"type-product","3":"status-publish","4":"has-post-thumbnail","6":"product_cat-deutsch-uben","7":"publisher-verlag-fur-deutsch","9":"first","10":"onbackorder","11":"taxable","12":"shipping-taxable","13":"purchasable","14":"product-type-simple"},"acf":[],"_links":{"self":[{"href":"https:\/\/exlibris.ee\/en\/wp-json\/wp\/v2\/product\/82617","targetHints":{"allow":["GET"]}}],"collection":[{"href":"https:\/\/exlibris.ee\/en\/wp-json\/wp\/v2\/product"}],"about":[{"href":"https:\/\/exlibris.ee\/en\/wp-json\/wp\/v2\/types\/product"}],"wp:featuredmedia":[{"embeddable":true,"href":"https:\/\/exlibris.ee\/en\/wp-json\/wp\/v2\/media\/424220"}],"wp:attachment":[{"href":"https:\/\/exlibris.ee\/en\/wp-json\/wp\/v2\/media?parent=82617"}],"wp:term":[{"taxonomy":"product_brand","embeddable":true,"href":"https:\/\/exlibris.ee\/en\/wp-json\/wp\/v2\/product_brand?post=82617"},{"taxonomy":"product_cat","embeddable":true,"href":"https:\/\/exlibris.ee\/en\/wp-json\/wp\/v2\/product_cat?post=82617"},{"taxonomy":"product_tag","embeddable":true,"href":"https:\/\/exlibris.ee\/en\/wp-json\/wp\/v2\/product_tag?post=82617"},{"taxonomy":"series","embeddable":true,"href":"https:\/\/exlibris.ee\/en\/wp-json\/wp\/v2\/series?post=82617"},{"taxonomy":"publisher","embeddable":true,"href":"https:\/\/exlibris.ee\/en\/wp-json\/wp\/v2\/publisher?post=82617"}],"curies":[{"name":"wp","href":"https:\/\/api.w.org\/{rel}","templated":true}]}}