{"id":82622,"date":"2023-07-11T10:48:15","date_gmt":"2023-07-11T07:48:15","guid":{"rendered":"https:\/\/exlibris.ee\/toode\/verbtabellen-deutsch-die-wichtigsten-regelmasigen-und-unregelmasigen-verben-im-uberblick-pdf-download\/"},"modified":"2026-04-05T17:25:02","modified_gmt":"2026-04-05T14:25:02","slug":"verbtabellen-deutsch-die-wichtigsten-regelmasigen-und-unregelmasigen-verben-im-uberblick-pdf-download","status":"publish","type":"product","link":"https:\/\/exlibris.ee\/en\/product\/verbtabellen-deutsch-die-wichtigsten-regelmasigen-und-unregelmasigen-verben-im-uberblick-pdf-download\/","title":{"rendered":"Verbtabellen Deutsch  Die wichtigsten regelm\u00e4\u00dfigen und unregelm\u00e4\u00dfigen Verben im \u00dcberblick \/ PDF-Download"},"content":{"rendered":"","protected":false},"excerpt":{"rendered":"","protected":false},"featured_media":82499,"template":"","meta":{"_acf_changed":false,"inline_featured_image":false},"product_brand":[],"product_cat":[480],"product_tag":[],"series":[{"id":1302,"name":"Verbtabellen Deutsch","slug":"verbtabellen-deutsch"}],"publisher":[{"id":497,"name":"Hueber Verlag","slug":"hueber-verlag"}],"class_list":{"0":"post-82622","1":"product","2":"type-product","3":"status-publish","4":"has-post-thumbnail","6":"product_cat-grammatiken","7":"series-verbtabellen-deutsch","8":"publisher-hueber-verlag","10":"first","11":"onbackorder","12":"taxable","13":"shipping-taxable","14":"purchasable","15":"product-type-simple"},"acf":[],"_links":{"self":[{"href":"https:\/\/exlibris.ee\/en\/wp-json\/wp\/v2\/product\/82622","targetHints":{"allow":["GET"]}}],"collection":[{"href":"https:\/\/exlibris.ee\/en\/wp-json\/wp\/v2\/product"}],"about":[{"href":"https:\/\/exlibris.ee\/en\/wp-json\/wp\/v2\/types\/product"}],"wp:featuredmedia":[{"embeddable":true,"href":"https:\/\/exlibris.ee\/en\/wp-json\/wp\/v2\/media\/82499"}],"wp:attachment":[{"href":"https:\/\/exlibris.ee\/en\/wp-json\/wp\/v2\/media?parent=82622"}],"wp:term":[{"taxonomy":"product_brand","embeddable":true,"href":"https:\/\/exlibris.ee\/en\/wp-json\/wp\/v2\/product_brand?post=82622"},{"taxonomy":"product_cat","embeddable":true,"href":"https:\/\/exlibris.ee\/en\/wp-json\/wp\/v2\/product_cat?post=82622"},{"taxonomy":"product_tag","embeddable":true,"href":"https:\/\/exlibris.ee\/en\/wp-json\/wp\/v2\/product_tag?post=82622"},{"taxonomy":"series","embeddable":true,"href":"https:\/\/exlibris.ee\/en\/wp-json\/wp\/v2\/series?post=82622"},{"taxonomy":"publisher","embeddable":true,"href":"https:\/\/exlibris.ee\/en\/wp-json\/wp\/v2\/publisher?post=82622"}],"curies":[{"name":"wp","href":"https:\/\/api.w.org\/{rel}","templated":true}]}}