{"id":82630,"date":"2023-07-11T10:48:16","date_gmt":"2023-07-11T07:48:16","guid":{"rendered":"https:\/\/exlibris.ee\/toode\/typisch-deutsch-sitten-brauche-und-andere-merkwurdigkeiten-sprach-und-reisespiel\/"},"modified":"2026-04-23T07:44:09","modified_gmt":"2026-04-23T04:44:09","slug":"typisch-deutsch-sitten-brauche-und-andere-merkwurdigkeiten-sprach-und-reisespiel","status":"publish","type":"product","link":"https:\/\/exlibris.ee\/en\/product\/typisch-deutsch-sitten-brauche-und-andere-merkwurdigkeiten-sprach-und-reisespiel\/","title":{"rendered":"Typisch Deutsch  Sitten, Br\u00e4uche und andere Merkw\u00fcrdigkeiten \/ Sprach- und Reisespiel"},"content":{"rendered":"<p>Typisch Deutsch \u2013 Das Spiel mit dem Fettnapf-Faktor L\u00e4nder und ihre Besonderheiten spielerisch entdecken \u2013 f\u00fcr Jung und Alt! Spielidee: Was bist du? Sprachgenie, Besserwisser, Witzbold, Improvisationstalent \u2013 oder doch ein notorischer \u201eIns-Fettn\u00e4pfchen-Treter\u201c? F\u00fcr jeden dieser Spielertypen gibt es Chips mit entsprechenden Symbolen. Ob und welche Chips du gewinnst, h\u00e4ngt davon ab, ob du Fragen richtig oder falsch beantwortest. Doch auch mit Improvisation und geschicktem \u201ezocken\u201c lassen sich Chips ergattern. Vorsicht aber bei den Fettnapf-Fragen! Bei den Fragen geht es um Sitten und Br\u00e4uche, um sprachliche, kulturelle und kulinarische Besonderheiten, sowie um Etikette. Wer die meisten Chips sammelt, gewinnt. Doch nicht nur der Gewinner wird gek\u00fcrt. Nach Spielende werden alle Spieler den genannten Typen zugeordnet. Hast du z.B. die meisten Fettnapf-Chips gesammelt, bist du der Fettnapf-Experte. Spa\u00df und angeregte Kommunikation sind garantiert. Gibt es eine bessere Art eine Fremdsprache zu \u00fcben? F\u00fcr 2 &#8211; 5 Spieler ab 12 Jahren Spieldauer ca. 30 Minuten Spielmaterial: &#8211; 64 Karten mit je 3 Aufgaben &#8211; 60 Chips &#8211; Spielanleitung.<\/p>\n","protected":false},"excerpt":{"rendered":"<p>Typisch Deutsch \u2013 Das Spiel mit dem Fettnapf-Faktor L\u00e4nder und ihre Besonderheiten spielerisch entdecken \u2013 f\u00fcr Jung und Alt! Spielidee: Was bist du? Sprachgenie, Besserwisser, Witzbold, Improvisationstalent \u2013 oder doch ein notorischer \u201eIns-Fettn\u00e4pfchen-Treter\u201c? F\u00fcr jeden dieser Spielertypen gibt es Chips&#8230;<\/p>\n","protected":false},"featured_media":424253,"template":"","meta":{"_acf_changed":false,"inline_featured_image":false},"product_brand":[],"product_cat":[503],"product_tag":[],"series":[],"publisher":[{"id":983,"name":"Grubbe Media","slug":"grubbe-media"}],"class_list":{"0":"post-82630","1":"product","2":"type-product","3":"status-publish","4":"has-post-thumbnail","6":"product_cat-lernen-mit-bildern-und-spielen","7":"publisher-grubbe-media","9":"first","10":"onbackorder","11":"taxable","12":"shipping-taxable","13":"purchasable","14":"product-type-simple"},"acf":[],"_links":{"self":[{"href":"https:\/\/exlibris.ee\/en\/wp-json\/wp\/v2\/product\/82630","targetHints":{"allow":["GET"]}}],"collection":[{"href":"https:\/\/exlibris.ee\/en\/wp-json\/wp\/v2\/product"}],"about":[{"href":"https:\/\/exlibris.ee\/en\/wp-json\/wp\/v2\/types\/product"}],"wp:featuredmedia":[{"embeddable":true,"href":"https:\/\/exlibris.ee\/en\/wp-json\/wp\/v2\/media\/424253"}],"wp:attachment":[{"href":"https:\/\/exlibris.ee\/en\/wp-json\/wp\/v2\/media?parent=82630"}],"wp:term":[{"taxonomy":"product_brand","embeddable":true,"href":"https:\/\/exlibris.ee\/en\/wp-json\/wp\/v2\/product_brand?post=82630"},{"taxonomy":"product_cat","embeddable":true,"href":"https:\/\/exlibris.ee\/en\/wp-json\/wp\/v2\/product_cat?post=82630"},{"taxonomy":"product_tag","embeddable":true,"href":"https:\/\/exlibris.ee\/en\/wp-json\/wp\/v2\/product_tag?post=82630"},{"taxonomy":"series","embeddable":true,"href":"https:\/\/exlibris.ee\/en\/wp-json\/wp\/v2\/series?post=82630"},{"taxonomy":"publisher","embeddable":true,"href":"https:\/\/exlibris.ee\/en\/wp-json\/wp\/v2\/publisher?post=82630"}],"curies":[{"name":"wp","href":"https:\/\/api.w.org\/{rel}","templated":true}]}}