{"id":82632,"date":"2023-07-11T10:48:16","date_gmt":"2023-07-11T07:48:16","guid":{"rendered":"https:\/\/exlibris.ee\/toode\/lehr-und-ubungsbuch-der-deutschen-grammatik-neubearbeitung-englische-ausgabe-pdf-download\/"},"modified":"2026-04-07T23:13:24","modified_gmt":"2026-04-07T20:13:24","slug":"lehr-und-ubungsbuch-der-deutschen-grammatik-neubearbeitung-englische-ausgabe-pdf-download","status":"publish","type":"product","link":"https:\/\/exlibris.ee\/en\/product\/lehr-und-ubungsbuch-der-deutschen-grammatik-neubearbeitung-englische-ausgabe-pdf-download\/","title":{"rendered":"Lehr- und \u00dcbungsbuch der deutschen Grammatik \u2013 Neubearbeitung  Englische Ausgabe \/ PDF-Download"},"content":{"rendered":"<p>Ist auch f\u00fcr Chinesisch, Franz\u00f6sisch, Italienisch, Polnisch, Russisch und Spanisch erh\u00e4ltlich.<\/p>\n","protected":false},"excerpt":{"rendered":"<p>Ist auch f\u00fcr Chinesisch, Franz\u00f6sisch, Italienisch, Polnisch, Russisch und Spanisch erh\u00e4ltlich.<\/p>\n","protected":false},"featured_media":82529,"template":"","meta":{"_acf_changed":false,"inline_featured_image":false},"product_brand":[],"product_cat":[480],"product_tag":[],"series":[{"id":1352,"name":"Lehr- und \u00dcbungsbuch","slug":"lehr-und-ubungsbuch"}],"publisher":[{"id":1315,"name":"Verlag f\u00fcr Deutsch","slug":"verlag-fur-deutsch"}],"class_list":{"0":"post-82632","1":"product","2":"type-product","3":"status-publish","4":"has-post-thumbnail","6":"product_cat-grammatiken","7":"series-lehr-und-ubungsbuch","8":"publisher-verlag-fur-deutsch","10":"first","11":"onbackorder","12":"taxable","13":"shipping-taxable","14":"purchasable","15":"product-type-simple"},"acf":[],"_links":{"self":[{"href":"https:\/\/exlibris.ee\/en\/wp-json\/wp\/v2\/product\/82632","targetHints":{"allow":["GET"]}}],"collection":[{"href":"https:\/\/exlibris.ee\/en\/wp-json\/wp\/v2\/product"}],"about":[{"href":"https:\/\/exlibris.ee\/en\/wp-json\/wp\/v2\/types\/product"}],"wp:featuredmedia":[{"embeddable":true,"href":"https:\/\/exlibris.ee\/en\/wp-json\/wp\/v2\/media\/82529"}],"wp:attachment":[{"href":"https:\/\/exlibris.ee\/en\/wp-json\/wp\/v2\/media?parent=82632"}],"wp:term":[{"taxonomy":"product_brand","embeddable":true,"href":"https:\/\/exlibris.ee\/en\/wp-json\/wp\/v2\/product_brand?post=82632"},{"taxonomy":"product_cat","embeddable":true,"href":"https:\/\/exlibris.ee\/en\/wp-json\/wp\/v2\/product_cat?post=82632"},{"taxonomy":"product_tag","embeddable":true,"href":"https:\/\/exlibris.ee\/en\/wp-json\/wp\/v2\/product_tag?post=82632"},{"taxonomy":"series","embeddable":true,"href":"https:\/\/exlibris.ee\/en\/wp-json\/wp\/v2\/series?post=82632"},{"taxonomy":"publisher","embeddable":true,"href":"https:\/\/exlibris.ee\/en\/wp-json\/wp\/v2\/publisher?post=82632"}],"curies":[{"name":"wp","href":"https:\/\/api.w.org\/{rel}","templated":true}]}}