{"id":82638,"date":"2023-07-11T10:48:17","date_gmt":"2023-07-11T07:48:17","guid":{"rendered":"https:\/\/exlibris.ee\/toode\/quick-buzz-das-sprachduell-deutsch-deutsch-lernen-mit-spas-und-action-sprachspiel\/"},"modified":"2026-04-23T07:44:10","modified_gmt":"2026-04-23T04:44:10","slug":"quick-buzz-das-sprachduell-deutsch-deutsch-lernen-mit-spas-und-action-sprachspiel","status":"publish","type":"product","link":"https:\/\/exlibris.ee\/en\/product\/quick-buzz-das-sprachduell-deutsch-deutsch-lernen-mit-spas-und-action-sprachspiel\/","title":{"rendered":"QUICK BUZZ \u2013 Das Sprachduell \u2013 Deutsch  Deutsch lernen mit Spa\u00df und Action \/ Sprachspiel"},"content":{"rendered":"<p>QUICK-BUZZ \u2013 Das Sprachduell ist die Erweiterung der erfolgreichen Reihe QUICK-BUZZ \u2013 Das Vokabelduell. Hier stehen nicht Vokabeln, sondern ganze S\u00e4tze im Mittelpunkt, sei es als Sprichwort, Redewendung, Zitat, Sinnspruch oder Metapher. Kennen Sie von einem Satz die Bedeutung \u2013 oder wissen bei einem unvollst\u00e4ndigen Satz das fehlende Wort \u2013 hauen Sie auf die Klingel und gewinnen die ausliegende Karte. K\u00f6nnen Sie die Aufgabe nicht l\u00f6sen, oder der Mitspieler ist schneller: Macht nichts, Sie haben trotzdem etwas gelernt und haben bei der n\u00e4chsten Karte eine neue Chance. So versucht jeder, m\u00f6glichst viele Karten zu sammeln. Der Spieler, der die meisten Karten sammelt, gewinnt. F\u00fcr 2 &#8211; 6 Spielende Spieldauer: ca. 20 Minuten Spielmaterial 1 Klingel 250 Karten mit Vokabeln und Bildern 1 Spielanleitung.<\/p>\n","protected":false},"excerpt":{"rendered":"<p>QUICK-BUZZ \u2013 Das Sprachduell ist die Erweiterung der erfolgreichen Reihe QUICK-BUZZ \u2013 Das Vokabelduell. Hier stehen nicht Vokabeln, sondern ganze S\u00e4tze im Mittelpunkt, sei es als Sprichwort, Redewendung, Zitat, Sinnspruch oder Metapher. Kennen Sie von einem Satz die Bedeutung \u2013&#8230;<\/p>\n","protected":false},"featured_media":424272,"template":"","meta":{"_acf_changed":false,"inline_featured_image":false},"product_brand":[],"product_cat":[503],"product_tag":[],"series":[],"publisher":[{"id":983,"name":"Grubbe Media","slug":"grubbe-media"}],"class_list":{"0":"post-82638","1":"product","2":"type-product","3":"status-publish","4":"has-post-thumbnail","6":"product_cat-lernen-mit-bildern-und-spielen","7":"publisher-grubbe-media","9":"first","10":"onbackorder","11":"taxable","12":"shipping-taxable","13":"purchasable","14":"product-type-simple"},"acf":[],"_links":{"self":[{"href":"https:\/\/exlibris.ee\/en\/wp-json\/wp\/v2\/product\/82638","targetHints":{"allow":["GET"]}}],"collection":[{"href":"https:\/\/exlibris.ee\/en\/wp-json\/wp\/v2\/product"}],"about":[{"href":"https:\/\/exlibris.ee\/en\/wp-json\/wp\/v2\/types\/product"}],"wp:featuredmedia":[{"embeddable":true,"href":"https:\/\/exlibris.ee\/en\/wp-json\/wp\/v2\/media\/424272"}],"wp:attachment":[{"href":"https:\/\/exlibris.ee\/en\/wp-json\/wp\/v2\/media?parent=82638"}],"wp:term":[{"taxonomy":"product_brand","embeddable":true,"href":"https:\/\/exlibris.ee\/en\/wp-json\/wp\/v2\/product_brand?post=82638"},{"taxonomy":"product_cat","embeddable":true,"href":"https:\/\/exlibris.ee\/en\/wp-json\/wp\/v2\/product_cat?post=82638"},{"taxonomy":"product_tag","embeddable":true,"href":"https:\/\/exlibris.ee\/en\/wp-json\/wp\/v2\/product_tag?post=82638"},{"taxonomy":"series","embeddable":true,"href":"https:\/\/exlibris.ee\/en\/wp-json\/wp\/v2\/series?post=82638"},{"taxonomy":"publisher","embeddable":true,"href":"https:\/\/exlibris.ee\/en\/wp-json\/wp\/v2\/publisher?post=82638"}],"curies":[{"name":"wp","href":"https:\/\/api.w.org\/{rel}","templated":true}]}}