{"id":82639,"date":"2023-07-11T10:48:17","date_gmt":"2023-07-11T07:48:17","guid":{"rendered":"https:\/\/exlibris.ee\/toode\/willkommen-in-deutschland-lieder-zum-deutschlernen-deutsch-als-zweitsprache-schulerheft\/"},"modified":"2026-04-15T15:35:21","modified_gmt":"2026-04-15T12:35:21","slug":"willkommen-in-deutschland-lieder-zum-deutschlernen-deutsch-als-zweitsprache-schulerheft","status":"publish","type":"product","link":"https:\/\/exlibris.ee\/en\/product\/willkommen-in-deutschland-lieder-zum-deutschlernen-deutsch-als-zweitsprache-schulerheft\/","title":{"rendered":"Willkommen in Deutschland &#8211; Lieder zum Deutschlernen  Deutsch als Zweitsprache \/ Sch\u00fclerheft"},"content":{"rendered":"<p>Mit dem Heft Willkommen in Deutschland \u2013 Lieder zum Deutschlernen gelingt mal ein ganz anderer Einstieg in die deutsche Sprache: Anhand von eing\u00e4ngigen und leicht zu erlernenden Liedern und darauf abgestimmten \u00dcbungen werden Wortschatz, Satzbau und Aussprache intensiv trainiert. Das gemeinsame Musizieren hilft beim Spracherwerb der deutschen Sprache und Schrift, vermittelt auf spielerische Weise Begriffe aus dem deutschen Grundwortschatz, unterst\u00fctzt den Integrationsprozess und erweckt Lebensfreude und Spa\u00df am gemeinschaftlichen Singen. Die Melodien der mit neuen Texten versehenen Lieder sind s\u00e4mtlich dem traditionellen europ\u00e4ischen Liedgut entnommen, sodass auch Fachfremde schnell einen Bezug zu der Musik finden. Als Hilfe zur Vorbereitung auf den Unterricht oder auch f\u00fcr die direkte Verwendung in der Klasse wird das Heft durch eine Audio-CD erg\u00e4nzt, auf der s\u00e4mtliche Lieder und deren Play-back-Versionen enthalten sind. Das Heft kann in direktem Zusammenhang mit dem \u201eWillkommen in Deutschland \u2013 \u00dcbungsheft I\u201c erarbeitet oder unabh\u00e4ngig davon als eigenst\u00e4ndiges Werk verwendet werden. Mit diesem musikalischen Konzept wird Ihr DaZ-Unterricht auf innovative und emotionale Weise bereichert!<\/p>\n","protected":false},"excerpt":{"rendered":"<p>Mit dem Heft Willkommen in Deutschland \u2013 Lieder zum Deutschlernen gelingt mal ein ganz anderer Einstieg in die deutsche Sprache: Anhand von eing\u00e4ngigen und leicht zu erlernenden Liedern und darauf abgestimmten \u00dcbungen werden Wortschatz, Satzbau und Aussprache intensiv trainiert. Das&#8230;<\/p>\n","protected":false},"featured_media":287223,"template":"","meta":{"_acf_changed":false,"inline_featured_image":false},"product_brand":[],"product_cat":[503],"product_tag":[],"series":[{"id":1346,"name":"Willkommen in Deutschland","slug":"willkommen-in-deutschland"}],"publisher":[{"id":1343,"name":"Mildenberger Verlag","slug":"mildenberger-verlag"}],"class_list":{"0":"post-82639","1":"product","2":"type-product","3":"status-publish","4":"has-post-thumbnail","6":"product_cat-lernen-mit-bildern-und-spielen","7":"series-willkommen-in-deutschland","8":"publisher-mildenberger-verlag","10":"first","11":"onbackorder","12":"taxable","13":"shipping-taxable","14":"purchasable","15":"product-type-simple"},"acf":[],"_links":{"self":[{"href":"https:\/\/exlibris.ee\/en\/wp-json\/wp\/v2\/product\/82639","targetHints":{"allow":["GET"]}}],"collection":[{"href":"https:\/\/exlibris.ee\/en\/wp-json\/wp\/v2\/product"}],"about":[{"href":"https:\/\/exlibris.ee\/en\/wp-json\/wp\/v2\/types\/product"}],"wp:featuredmedia":[{"embeddable":true,"href":"https:\/\/exlibris.ee\/en\/wp-json\/wp\/v2\/media\/287223"}],"wp:attachment":[{"href":"https:\/\/exlibris.ee\/en\/wp-json\/wp\/v2\/media?parent=82639"}],"wp:term":[{"taxonomy":"product_brand","embeddable":true,"href":"https:\/\/exlibris.ee\/en\/wp-json\/wp\/v2\/product_brand?post=82639"},{"taxonomy":"product_cat","embeddable":true,"href":"https:\/\/exlibris.ee\/en\/wp-json\/wp\/v2\/product_cat?post=82639"},{"taxonomy":"product_tag","embeddable":true,"href":"https:\/\/exlibris.ee\/en\/wp-json\/wp\/v2\/product_tag?post=82639"},{"taxonomy":"series","embeddable":true,"href":"https:\/\/exlibris.ee\/en\/wp-json\/wp\/v2\/series?post=82639"},{"taxonomy":"publisher","embeddable":true,"href":"https:\/\/exlibris.ee\/en\/wp-json\/wp\/v2\/publisher?post=82639"}],"curies":[{"name":"wp","href":"https:\/\/api.w.org\/{rel}","templated":true}]}}