{"id":87136,"date":"2023-07-17T15:29:15","date_gmt":"2023-07-17T12:29:15","guid":{"rendered":"https:\/\/exlibris.ee\/toode\/logisch-neu-b1-testheft-mit-audio-cd\/"},"modified":"2026-04-04T01:28:29","modified_gmt":"2026-04-03T22:28:29","slug":"logisch-neu-b1-testheft-mit-audio-cd","status":"publish","type":"product","link":"https:\/\/exlibris.ee\/en\/product\/logisch-neu-b1-testheft-mit-audio-cd\/","title":{"rendered":"Logisch neu, B1 Testheft mit Audio-CD"},"content":{"rendered":"<p>Lernfortschrittstests passend zu jedem Kapitel zu allen vier Fertigkeiten mit Audio-CD bzw. Download Pr\u00fcfungsvorbereitung mit n\u00fctzlichen Tipps Pr\u00fcfungsformate von Goethe-Zertifikat B1 f\u00fcr Jugendliche und DSD I L\u00f6sungen im Anhang, Transkripte und Modelltests im Internet.<\/p>\n","protected":false},"excerpt":{"rendered":"<p>Lernfortschrittstests passend zu jedem Kapitel zu allen vier Fertigkeiten mit Audio-CD bzw. Download Pr\u00fcfungsvorbereitung mit n\u00fctzlichen Tipps Pr\u00fcfungsformate von Goethe-Zertifikat B1 f\u00fcr Jugendliche und DSD I L\u00f6sungen im Anhang, Transkripte und Modelltests im Internet.<\/p>\n","protected":false},"featured_media":86971,"template":"","meta":{"_acf_changed":false,"inline_featured_image":false},"product_brand":[],"product_cat":[477],"product_tag":[],"series":[{"id":902,"name":"Logisch! neu","slug":"logisch-neu"}],"publisher":[{"id":473,"name":"Klett Verlag","slug":"klett-verlag"}],"class_list":{"0":"post-87136","1":"product","2":"type-product","3":"status-publish","4":"has-post-thumbnail","6":"product_cat-lehrwerke-fur-jugendliche","7":"series-logisch-neu","8":"publisher-klett-verlag","10":"first","11":"onbackorder","12":"taxable","13":"shipping-taxable","14":"purchasable","15":"product-type-simple"},"acf":[],"_links":{"self":[{"href":"https:\/\/exlibris.ee\/en\/wp-json\/wp\/v2\/product\/87136","targetHints":{"allow":["GET"]}}],"collection":[{"href":"https:\/\/exlibris.ee\/en\/wp-json\/wp\/v2\/product"}],"about":[{"href":"https:\/\/exlibris.ee\/en\/wp-json\/wp\/v2\/types\/product"}],"wp:featuredmedia":[{"embeddable":true,"href":"https:\/\/exlibris.ee\/en\/wp-json\/wp\/v2\/media\/86971"}],"wp:attachment":[{"href":"https:\/\/exlibris.ee\/en\/wp-json\/wp\/v2\/media?parent=87136"}],"wp:term":[{"taxonomy":"product_brand","embeddable":true,"href":"https:\/\/exlibris.ee\/en\/wp-json\/wp\/v2\/product_brand?post=87136"},{"taxonomy":"product_cat","embeddable":true,"href":"https:\/\/exlibris.ee\/en\/wp-json\/wp\/v2\/product_cat?post=87136"},{"taxonomy":"product_tag","embeddable":true,"href":"https:\/\/exlibris.ee\/en\/wp-json\/wp\/v2\/product_tag?post=87136"},{"taxonomy":"series","embeddable":true,"href":"https:\/\/exlibris.ee\/en\/wp-json\/wp\/v2\/series?post=87136"},{"taxonomy":"publisher","embeddable":true,"href":"https:\/\/exlibris.ee\/en\/wp-json\/wp\/v2\/publisher?post=87136"}],"curies":[{"name":"wp","href":"https:\/\/api.w.org\/{rel}","templated":true}]}}