{"id":87143,"date":"2023-07-17T15:29:16","date_gmt":"2023-07-17T12:29:16","guid":{"rendered":"https:\/\/exlibris.ee\/toode\/aspekte-junior-lehrerhandbuch-b2\/"},"modified":"2026-04-04T03:09:31","modified_gmt":"2026-04-04T00:09:31","slug":"aspekte-junior-lehrerhandbuch-b2","status":"publish","type":"product","link":"https:\/\/exlibris.ee\/en\/product\/aspekte-junior-lehrerhandbuch-b2\/","title":{"rendered":"Aspekte junior, Lehrerhandbuch B2"},"content":{"rendered":"<p>Das Lehrerhandbuch zu Aspekte junior B2 ist ein kompakter Leitfaden f\u00fcr das Unterrichten mit Aspekte junior macht Vorschl\u00e4ge f\u00fcr Erweiterungen und Varianten im Unterricht und gibt Tipps zur Binnendifferenzierung enth\u00e4lt Kopiervorlagen und L\u00f6sungen zum Kurs- und \u00dcbungsbuch.<\/p>\n","protected":false},"excerpt":{"rendered":"<p>Das Lehrerhandbuch zu Aspekte junior B2 ist ein kompakter Leitfaden f\u00fcr das Unterrichten mit Aspekte junior macht Vorschl\u00e4ge f\u00fcr Erweiterungen und Varianten im Unterricht und gibt Tipps zur Binnendifferenzierung enth\u00e4lt Kopiervorlagen und L\u00f6sungen zum Kurs- und \u00dcbungsbuch.<\/p>\n","protected":false},"featured_media":86992,"template":"","meta":{"_acf_changed":false,"inline_featured_image":false},"product_brand":[],"product_cat":[477],"product_tag":[],"series":[{"id":1385,"name":"Aspkete junior","slug":"aspkete-junior"}],"publisher":[{"id":473,"name":"Klett Verlag","slug":"klett-verlag"}],"class_list":{"0":"post-87143","1":"product","2":"type-product","3":"status-publish","4":"has-post-thumbnail","6":"product_cat-lehrwerke-fur-jugendliche","7":"series-aspkete-junior","8":"publisher-klett-verlag","10":"first","11":"onbackorder","12":"taxable","13":"shipping-taxable","14":"purchasable","15":"product-type-simple"},"acf":[],"_links":{"self":[{"href":"https:\/\/exlibris.ee\/en\/wp-json\/wp\/v2\/product\/87143","targetHints":{"allow":["GET"]}}],"collection":[{"href":"https:\/\/exlibris.ee\/en\/wp-json\/wp\/v2\/product"}],"about":[{"href":"https:\/\/exlibris.ee\/en\/wp-json\/wp\/v2\/types\/product"}],"wp:featuredmedia":[{"embeddable":true,"href":"https:\/\/exlibris.ee\/en\/wp-json\/wp\/v2\/media\/86992"}],"wp:attachment":[{"href":"https:\/\/exlibris.ee\/en\/wp-json\/wp\/v2\/media?parent=87143"}],"wp:term":[{"taxonomy":"product_brand","embeddable":true,"href":"https:\/\/exlibris.ee\/en\/wp-json\/wp\/v2\/product_brand?post=87143"},{"taxonomy":"product_cat","embeddable":true,"href":"https:\/\/exlibris.ee\/en\/wp-json\/wp\/v2\/product_cat?post=87143"},{"taxonomy":"product_tag","embeddable":true,"href":"https:\/\/exlibris.ee\/en\/wp-json\/wp\/v2\/product_tag?post=87143"},{"taxonomy":"series","embeddable":true,"href":"https:\/\/exlibris.ee\/en\/wp-json\/wp\/v2\/series?post=87143"},{"taxonomy":"publisher","embeddable":true,"href":"https:\/\/exlibris.ee\/en\/wp-json\/wp\/v2\/publisher?post=87143"}],"curies":[{"name":"wp","href":"https:\/\/api.w.org\/{rel}","templated":true}]}}