{"id":87148,"date":"2023-07-17T15:29:16","date_gmt":"2023-07-17T12:29:16","guid":{"rendered":"https:\/\/exlibris.ee\/toode\/aspekte-junior-medienpaket-c1-4-audio-cds-dvd\/"},"modified":"2026-04-04T03:09:31","modified_gmt":"2026-04-04T00:09:31","slug":"aspekte-junior-medienpaket-c1-4-audio-cds-dvd","status":"publish","type":"product","link":"https:\/\/exlibris.ee\/en\/product\/aspekte-junior-medienpaket-c1-4-audio-cds-dvd\/","title":{"rendered":"Aspekte junior, Medienpaket C1 (4 Audio-CDs + DVD)"},"content":{"rendered":"<p>Das Medienpaket zu Aspekte junior C1 enth\u00e4lt alle H\u00f6rtexte auf 4 Audio-CDs zum Kursbuch und zum \u00dcbungsbuch (Radiosendungen, Interviews, Nachrichten, Stra\u00dfenumfragen u.v.m.) sowie eine Video-DVD mit authentischen Filmen zu jedem Kapitel.<\/p>\n","protected":false},"excerpt":{"rendered":"<p>Das Medienpaket zu Aspekte junior C1 enth\u00e4lt alle H\u00f6rtexte auf 4 Audio-CDs zum Kursbuch und zum \u00dcbungsbuch (Radiosendungen, Interviews, Nachrichten, Stra\u00dfenumfragen u.v.m.) sowie eine Video-DVD mit authentischen Filmen zu jedem Kapitel.<\/p>\n","protected":false},"featured_media":87007,"template":"","meta":{"_acf_changed":false,"inline_featured_image":false},"product_brand":[],"product_cat":[477],"product_tag":[],"series":[{"id":1385,"name":"Aspkete junior","slug":"aspkete-junior"}],"publisher":[{"id":473,"name":"Klett Verlag","slug":"klett-verlag"}],"class_list":{"0":"post-87148","1":"product","2":"type-product","3":"status-publish","4":"has-post-thumbnail","6":"product_cat-lehrwerke-fur-jugendliche","7":"series-aspkete-junior","8":"publisher-klett-verlag","10":"first","11":"onbackorder","12":"taxable","13":"shipping-taxable","14":"purchasable","15":"product-type-simple"},"acf":[],"_links":{"self":[{"href":"https:\/\/exlibris.ee\/en\/wp-json\/wp\/v2\/product\/87148","targetHints":{"allow":["GET"]}}],"collection":[{"href":"https:\/\/exlibris.ee\/en\/wp-json\/wp\/v2\/product"}],"about":[{"href":"https:\/\/exlibris.ee\/en\/wp-json\/wp\/v2\/types\/product"}],"wp:featuredmedia":[{"embeddable":true,"href":"https:\/\/exlibris.ee\/en\/wp-json\/wp\/v2\/media\/87007"}],"wp:attachment":[{"href":"https:\/\/exlibris.ee\/en\/wp-json\/wp\/v2\/media?parent=87148"}],"wp:term":[{"taxonomy":"product_brand","embeddable":true,"href":"https:\/\/exlibris.ee\/en\/wp-json\/wp\/v2\/product_brand?post=87148"},{"taxonomy":"product_cat","embeddable":true,"href":"https:\/\/exlibris.ee\/en\/wp-json\/wp\/v2\/product_cat?post=87148"},{"taxonomy":"product_tag","embeddable":true,"href":"https:\/\/exlibris.ee\/en\/wp-json\/wp\/v2\/product_tag?post=87148"},{"taxonomy":"series","embeddable":true,"href":"https:\/\/exlibris.ee\/en\/wp-json\/wp\/v2\/series?post=87148"},{"taxonomy":"publisher","embeddable":true,"href":"https:\/\/exlibris.ee\/en\/wp-json\/wp\/v2\/publisher?post=87148"}],"curies":[{"name":"wp","href":"https:\/\/api.w.org\/{rel}","templated":true}]}}