{"id":87161,"date":"2023-07-17T15:29:18","date_gmt":"2023-07-17T12:29:18","guid":{"rendered":"https:\/\/exlibris.ee\/toode\/berliner-platz-neu-einstiegskurs-plus-bildkarten\/"},"modified":"2026-04-04T03:09:35","modified_gmt":"2026-04-04T00:09:35","slug":"berliner-platz-neu-einstiegskurs-plus-bildkarten","status":"publish","type":"product","link":"https:\/\/exlibris.ee\/en\/product\/berliner-platz-neu-einstiegskurs-plus-bildkarten\/","title":{"rendered":"Berliner Platz Neu, Einstiegskurs Plus, Bildkarten"},"content":{"rendered":"<p>Mit 138 Bildkarten k\u00f6nnen die wichtigsten Dinge und Situationen aus 10 Themenkreisen (Begr\u00fc\u00dfung, Familie, Essen und Trinken, K\u00f6rper, Kleidung usw.) gezeigt und benannt werden. Missverst\u00e4ndnisse werden so ausgeschlossen. Die Bildkarten helfen beim Sprachenlernen als Erkl\u00e4rung unbekannter W\u00f6rter und als Wiederholung von Gelerntem. Sie k\u00f6nnen in Form von spielerischen Aktivit\u00e4ten und als Basis von Aussprache\u00fcbungen gerade auch von Sprachbegleitern genutzt werden.<\/p>\n","protected":false},"excerpt":{"rendered":"<p>Mit 138 Bildkarten k\u00f6nnen die wichtigsten Dinge und Situationen aus 10 Themenkreisen (Begr\u00fc\u00dfung, Familie, Essen und Trinken, K\u00f6rper, Kleidung usw.) gezeigt und benannt werden. Missverst\u00e4ndnisse werden so ausgeschlossen. Die Bildkarten helfen beim Sprachenlernen als Erkl\u00e4rung unbekannter W\u00f6rter und als Wiederholung&#8230;<\/p>\n","protected":false},"featured_media":87031,"template":"","meta":{"_acf_changed":false,"inline_featured_image":false},"product_brand":[],"product_cat":[538],"product_tag":[],"series":[{"id":905,"name":"Berliner Platz NEU","slug":"berliner-platz-neu"}],"publisher":[{"id":473,"name":"Klett Verlag","slug":"klett-verlag"}],"class_list":{"0":"post-87161","1":"product","2":"type-product","3":"status-publish","4":"has-post-thumbnail","6":"product_cat-lehrwerke-fur-erwachsene","7":"series-berliner-platz-neu","8":"publisher-klett-verlag","10":"first","11":"onbackorder","12":"taxable","13":"shipping-taxable","14":"purchasable","15":"product-type-simple"},"acf":[],"_links":{"self":[{"href":"https:\/\/exlibris.ee\/en\/wp-json\/wp\/v2\/product\/87161","targetHints":{"allow":["GET"]}}],"collection":[{"href":"https:\/\/exlibris.ee\/en\/wp-json\/wp\/v2\/product"}],"about":[{"href":"https:\/\/exlibris.ee\/en\/wp-json\/wp\/v2\/types\/product"}],"wp:featuredmedia":[{"embeddable":true,"href":"https:\/\/exlibris.ee\/en\/wp-json\/wp\/v2\/media\/87031"}],"wp:attachment":[{"href":"https:\/\/exlibris.ee\/en\/wp-json\/wp\/v2\/media?parent=87161"}],"wp:term":[{"taxonomy":"product_brand","embeddable":true,"href":"https:\/\/exlibris.ee\/en\/wp-json\/wp\/v2\/product_brand?post=87161"},{"taxonomy":"product_cat","embeddable":true,"href":"https:\/\/exlibris.ee\/en\/wp-json\/wp\/v2\/product_cat?post=87161"},{"taxonomy":"product_tag","embeddable":true,"href":"https:\/\/exlibris.ee\/en\/wp-json\/wp\/v2\/product_tag?post=87161"},{"taxonomy":"series","embeddable":true,"href":"https:\/\/exlibris.ee\/en\/wp-json\/wp\/v2\/series?post=87161"},{"taxonomy":"publisher","embeddable":true,"href":"https:\/\/exlibris.ee\/en\/wp-json\/wp\/v2\/publisher?post=87161"}],"curies":[{"name":"wp","href":"https:\/\/api.w.org\/{rel}","templated":true}]}}