{"id":87171,"date":"2023-07-17T15:29:19","date_gmt":"2023-07-17T12:29:19","guid":{"rendered":"https:\/\/exlibris.ee\/toode\/berliner-platz-2-neu-glossar-d-e\/"},"modified":"2026-04-04T03:09:37","modified_gmt":"2026-04-04T00:09:37","slug":"berliner-platz-2-neu-glossar-d-e","status":"publish","type":"product","link":"https:\/\/exlibris.ee\/en\/product\/berliner-platz-2-neu-glossar-d-e\/","title":{"rendered":"Berliner Platz 2 NEU, Glossar D-E"},"content":{"rendered":"<p>Das Glossar Englisch zu Berliner Platz NEU A2 (Kapitel 13\u201324) enth\u00e4lt den Wortschatz zum Lehrbuch nach Kapiteln geordnet die englische \u00dcbersetzung zu jedem Wort zahlreiche Beispiels\u00e4tze grammatische Informationen Hinweise zur Aussprache.<\/p>\n","protected":false},"excerpt":{"rendered":"<p>Das Glossar Englisch zu Berliner Platz NEU A2 (Kapitel 13\u201324) enth\u00e4lt den Wortschatz zum Lehrbuch nach Kapiteln geordnet die englische \u00dcbersetzung zu jedem Wort zahlreiche Beispiels\u00e4tze grammatische Informationen Hinweise zur Aussprache.<\/p>\n","protected":false},"featured_media":87079,"template":"","meta":{"_acf_changed":false,"inline_featured_image":false},"product_brand":[],"product_cat":[538],"product_tag":[],"series":[{"id":905,"name":"Berliner Platz NEU","slug":"berliner-platz-neu"}],"publisher":[{"id":473,"name":"Klett Verlag","slug":"klett-verlag"}],"class_list":{"0":"post-87171","1":"product","2":"type-product","3":"status-publish","4":"has-post-thumbnail","6":"product_cat-lehrwerke-fur-erwachsene","7":"series-berliner-platz-neu","8":"publisher-klett-verlag","10":"first","11":"onbackorder","12":"taxable","13":"shipping-taxable","14":"purchasable","15":"product-type-simple"},"acf":[],"_links":{"self":[{"href":"https:\/\/exlibris.ee\/en\/wp-json\/wp\/v2\/product\/87171","targetHints":{"allow":["GET"]}}],"collection":[{"href":"https:\/\/exlibris.ee\/en\/wp-json\/wp\/v2\/product"}],"about":[{"href":"https:\/\/exlibris.ee\/en\/wp-json\/wp\/v2\/types\/product"}],"wp:featuredmedia":[{"embeddable":true,"href":"https:\/\/exlibris.ee\/en\/wp-json\/wp\/v2\/media\/87079"}],"wp:attachment":[{"href":"https:\/\/exlibris.ee\/en\/wp-json\/wp\/v2\/media?parent=87171"}],"wp:term":[{"taxonomy":"product_brand","embeddable":true,"href":"https:\/\/exlibris.ee\/en\/wp-json\/wp\/v2\/product_brand?post=87171"},{"taxonomy":"product_cat","embeddable":true,"href":"https:\/\/exlibris.ee\/en\/wp-json\/wp\/v2\/product_cat?post=87171"},{"taxonomy":"product_tag","embeddable":true,"href":"https:\/\/exlibris.ee\/en\/wp-json\/wp\/v2\/product_tag?post=87171"},{"taxonomy":"series","embeddable":true,"href":"https:\/\/exlibris.ee\/en\/wp-json\/wp\/v2\/series?post=87171"},{"taxonomy":"publisher","embeddable":true,"href":"https:\/\/exlibris.ee\/en\/wp-json\/wp\/v2\/publisher?post=87171"}],"curies":[{"name":"wp","href":"https:\/\/api.w.org\/{rel}","templated":true}]}}