{"id":87172,"date":"2023-07-17T15:29:19","date_gmt":"2023-07-17T12:29:19","guid":{"rendered":"https:\/\/exlibris.ee\/toode\/berliner-platz-2-neu-treffp-d-a-ch\/"},"modified":"2026-04-04T03:09:37","modified_gmt":"2026-04-04T00:09:37","slug":"berliner-platz-2-neu-treffp-d-a-ch","status":"publish","type":"product","link":"https:\/\/exlibris.ee\/en\/product\/berliner-platz-2-neu-treffp-d-a-ch\/","title":{"rendered":"Berliner Platz 2 NEU, Treffp. D-A-CH"},"content":{"rendered":"<p>Treffpunkt D-A-CH A2 bietet eine bunte F\u00fclle facettenreicher Informationen \u00fcber die deutschsprachigen L\u00e4nder vermittelt Landeskunde in vielf\u00e4ltigen Textsorten und unterschiedlichen \u00dcbungsformen regt zu selbstst\u00e4ndiger Recherche und interkulturellem Vergleich an macht sprachliche Varianten in Deutschland, \u00d6sterreich und der Schweiz bewusst erg\u00e4nzt hervorragend jedes Grundstufenlehrwerk lehnt sich an die Themen in Berliner Platz NEU an.<\/p>\n","protected":false},"excerpt":{"rendered":"<p>Treffpunkt D-A-CH A2 bietet eine bunte F\u00fclle facettenreicher Informationen \u00fcber die deutschsprachigen L\u00e4nder vermittelt Landeskunde in vielf\u00e4ltigen Textsorten und unterschiedlichen \u00dcbungsformen regt zu selbstst\u00e4ndiger Recherche und interkulturellem Vergleich an macht sprachliche Varianten in Deutschland, \u00d6sterreich und der Schweiz bewusst erg\u00e4nzt&#8230;<\/p>\n","protected":false},"featured_media":87082,"template":"","meta":{"_acf_changed":false,"inline_featured_image":false},"product_brand":[],"product_cat":[538],"product_tag":[],"series":[{"id":905,"name":"Berliner Platz NEU","slug":"berliner-platz-neu"}],"publisher":[{"id":473,"name":"Klett Verlag","slug":"klett-verlag"}],"class_list":{"0":"post-87172","1":"product","2":"type-product","3":"status-publish","4":"has-post-thumbnail","6":"product_cat-lehrwerke-fur-erwachsene","7":"series-berliner-platz-neu","8":"publisher-klett-verlag","10":"first","11":"onbackorder","12":"taxable","13":"shipping-taxable","14":"purchasable","15":"product-type-simple"},"acf":[],"_links":{"self":[{"href":"https:\/\/exlibris.ee\/en\/wp-json\/wp\/v2\/product\/87172","targetHints":{"allow":["GET"]}}],"collection":[{"href":"https:\/\/exlibris.ee\/en\/wp-json\/wp\/v2\/product"}],"about":[{"href":"https:\/\/exlibris.ee\/en\/wp-json\/wp\/v2\/types\/product"}],"wp:featuredmedia":[{"embeddable":true,"href":"https:\/\/exlibris.ee\/en\/wp-json\/wp\/v2\/media\/87082"}],"wp:attachment":[{"href":"https:\/\/exlibris.ee\/en\/wp-json\/wp\/v2\/media?parent=87172"}],"wp:term":[{"taxonomy":"product_brand","embeddable":true,"href":"https:\/\/exlibris.ee\/en\/wp-json\/wp\/v2\/product_brand?post=87172"},{"taxonomy":"product_cat","embeddable":true,"href":"https:\/\/exlibris.ee\/en\/wp-json\/wp\/v2\/product_cat?post=87172"},{"taxonomy":"product_tag","embeddable":true,"href":"https:\/\/exlibris.ee\/en\/wp-json\/wp\/v2\/product_tag?post=87172"},{"taxonomy":"series","embeddable":true,"href":"https:\/\/exlibris.ee\/en\/wp-json\/wp\/v2\/series?post=87172"},{"taxonomy":"publisher","embeddable":true,"href":"https:\/\/exlibris.ee\/en\/wp-json\/wp\/v2\/publisher?post=87172"}],"curies":[{"name":"wp","href":"https:\/\/api.w.org\/{rel}","templated":true}]}}