{"id":87173,"date":"2023-07-17T15:29:19","date_gmt":"2023-07-17T12:29:19","guid":{"rendered":"https:\/\/exlibris.ee\/toode\/berliner-platz-2-neutreffp-berufcd\/"},"modified":"2026-04-04T03:09:37","modified_gmt":"2026-04-04T00:09:37","slug":"berliner-platz-2-neutreffp-berufcd","status":"publish","type":"product","link":"https:\/\/exlibris.ee\/en\/product\/berliner-platz-2-neutreffp-berufcd\/","title":{"rendered":"Berliner Platz 2 Neu,Treffp.Beruf+CD"},"content":{"rendered":"<p>Treffpunkt Beruf kann zus\u00e4tzlich zu Berliner Platz 2 und 3 NEU, aber auch lehrwerksunabh\u00e4ngig verwendet werden. Treffpunkt Beruf \u00fcbt wichtige Skills f\u00fcr das Berufsleben: \u2022 das monologische Sprechen (z.B. etwas pr\u00e4sentieren, Nachrichten auf dem Anrufbeantworter hinterlassen etc.) \u2022 das dialogische Sprechen (z.B. Teambesprechung, Beratungs- und Termingespr\u00e4che, Gespr\u00e4che mit Vorgesetzten, Telefonate etc.) \u2022 das H\u00f6ren (z.B. An- und Durchsagen sowie Auftr\u00e4ge, Bestellungen, Anweisungen, Zust\u00e4ndigkeiten etc. verstehen, Kernaussagen auffassen, Register erkennen etc.) \u2022 das Schreiben f\u00fcr sich (z.B. Stichworte) oder f\u00fcr andere (z.B. Notizen, E-Mails, Briefe, SMS, Formulare, Protokolle, Karten, Lebensl\u00e4ufe, Bewerbungen etc.) \u2022 das Lesen (z.B. Notizen, Protokolle, Anweisungen, Formulare, Arbeitsvertr\u00e4ge und Produktbeschreibungen verstehen, Stellenanzeigen entschl\u00fcsseln etc.) Der Wortschatz zu konkreten beruflichen Themenfeldern wird in zus\u00e4tzlichen Online-Materialien angeboten.<\/p>\n","protected":false},"excerpt":{"rendered":"<p>Treffpunkt Beruf kann zus\u00e4tzlich zu Berliner Platz 2 und 3 NEU, aber auch lehrwerksunabh\u00e4ngig verwendet werden. Treffpunkt Beruf \u00fcbt wichtige Skills f\u00fcr das Berufsleben: \u2022 das monologische Sprechen (z.B. etwas pr\u00e4sentieren, Nachrichten auf dem Anrufbeantworter hinterlassen etc.) \u2022 das dialogische&#8230;<\/p>\n","protected":false},"featured_media":87085,"template":"","meta":{"_acf_changed":false,"inline_featured_image":false},"product_brand":[],"product_cat":[538],"product_tag":[],"series":[{"id":905,"name":"Berliner Platz NEU","slug":"berliner-platz-neu"}],"publisher":[{"id":473,"name":"Klett Verlag","slug":"klett-verlag"}],"class_list":{"0":"post-87173","1":"product","2":"type-product","3":"status-publish","4":"has-post-thumbnail","6":"product_cat-lehrwerke-fur-erwachsene","7":"series-berliner-platz-neu","8":"publisher-klett-verlag","10":"first","11":"onbackorder","12":"taxable","13":"shipping-taxable","14":"purchasable","15":"product-type-simple"},"acf":[],"_links":{"self":[{"href":"https:\/\/exlibris.ee\/en\/wp-json\/wp\/v2\/product\/87173","targetHints":{"allow":["GET"]}}],"collection":[{"href":"https:\/\/exlibris.ee\/en\/wp-json\/wp\/v2\/product"}],"about":[{"href":"https:\/\/exlibris.ee\/en\/wp-json\/wp\/v2\/types\/product"}],"wp:featuredmedia":[{"embeddable":true,"href":"https:\/\/exlibris.ee\/en\/wp-json\/wp\/v2\/media\/87085"}],"wp:attachment":[{"href":"https:\/\/exlibris.ee\/en\/wp-json\/wp\/v2\/media?parent=87173"}],"wp:term":[{"taxonomy":"product_brand","embeddable":true,"href":"https:\/\/exlibris.ee\/en\/wp-json\/wp\/v2\/product_brand?post=87173"},{"taxonomy":"product_cat","embeddable":true,"href":"https:\/\/exlibris.ee\/en\/wp-json\/wp\/v2\/product_cat?post=87173"},{"taxonomy":"product_tag","embeddable":true,"href":"https:\/\/exlibris.ee\/en\/wp-json\/wp\/v2\/product_tag?post=87173"},{"taxonomy":"series","embeddable":true,"href":"https:\/\/exlibris.ee\/en\/wp-json\/wp\/v2\/series?post=87173"},{"taxonomy":"publisher","embeddable":true,"href":"https:\/\/exlibris.ee\/en\/wp-json\/wp\/v2\/publisher?post=87173"}],"curies":[{"name":"wp","href":"https:\/\/api.w.org\/{rel}","templated":true}]}}