{"id":87439,"date":"2023-07-17T15:30:44","date_gmt":"2023-07-17T12:30:44","guid":{"rendered":"https:\/\/exlibris.ee\/toode\/netzwerk-a1-kursbuch-arbeitsbuch-teil-2-cd-dvd\/"},"modified":"2026-04-04T21:14:10","modified_gmt":"2026-04-04T18:14:10","slug":"netzwerk-a1-kursbuch-arbeitsbuch-teil-2-cd-dvd","status":"publish","type":"product","link":"https:\/\/exlibris.ee\/en\/product\/netzwerk-a1-kursbuch-arbeitsbuch-teil-2-cd-dvd\/","title":{"rendered":"Netzwerk A1, Kursbuch\/Arbeitsbuch Teil 2 + CD + DVD"},"content":{"rendered":"<p>Das Kurs- und Arbeitsbuch zu Netzwerk A1 (Kapitel 7\u201312) stellt die Lernenden ins Zentrum des Sprachenlernens vermittelt Redemittel, Wortschatz und Grammatik kleinschrittig, kontextgebunden und kommunikationsrelevant ber\u00fccksichtigt Mehrsprachigkeit, Muttersprache und gesprochene Sprache von Anfang an bereitet auf die Pr\u00fcfung \u201eStart Deutsch 1\u201c und das \u00d6sterreichische Sprachdiplom vor enth\u00e4lt zwei Audio-CDs mit H\u00f6rtexten und Aussprache\u00fcbungen trainiert das H\u00f6r-Seh-Verstehen mit einer Soap auf DVDs.<\/p>\n","protected":false},"excerpt":{"rendered":"<p>Das Kurs- und Arbeitsbuch zu Netzwerk A1 (Kapitel 7\u201312) stellt die Lernenden ins Zentrum des Sprachenlernens vermittelt Redemittel, Wortschatz und Grammatik kleinschrittig, kontextgebunden und kommunikationsrelevant ber\u00fccksichtigt Mehrsprachigkeit, Muttersprache und gesprochene Sprache von Anfang an bereitet auf die Pr\u00fcfung \u201eStart Deutsch&#8230;<\/p>\n","protected":false},"featured_media":87215,"template":"","meta":{"_acf_changed":false,"inline_featured_image":false},"product_brand":[],"product_cat":[538],"product_tag":[],"series":[{"id":1388,"name":"Netzwerk","slug":"netzwerk"}],"publisher":[{"id":473,"name":"Klett Verlag","slug":"klett-verlag"}],"class_list":{"0":"post-87439","1":"product","2":"type-product","3":"status-publish","4":"has-post-thumbnail","6":"product_cat-lehrwerke-fur-erwachsene","7":"series-netzwerk","8":"publisher-klett-verlag","10":"first","11":"onbackorder","12":"taxable","13":"shipping-taxable","14":"purchasable","15":"product-type-simple"},"acf":[],"_links":{"self":[{"href":"https:\/\/exlibris.ee\/en\/wp-json\/wp\/v2\/product\/87439","targetHints":{"allow":["GET"]}}],"collection":[{"href":"https:\/\/exlibris.ee\/en\/wp-json\/wp\/v2\/product"}],"about":[{"href":"https:\/\/exlibris.ee\/en\/wp-json\/wp\/v2\/types\/product"}],"wp:featuredmedia":[{"embeddable":true,"href":"https:\/\/exlibris.ee\/en\/wp-json\/wp\/v2\/media\/87215"}],"wp:attachment":[{"href":"https:\/\/exlibris.ee\/en\/wp-json\/wp\/v2\/media?parent=87439"}],"wp:term":[{"taxonomy":"product_brand","embeddable":true,"href":"https:\/\/exlibris.ee\/en\/wp-json\/wp\/v2\/product_brand?post=87439"},{"taxonomy":"product_cat","embeddable":true,"href":"https:\/\/exlibris.ee\/en\/wp-json\/wp\/v2\/product_cat?post=87439"},{"taxonomy":"product_tag","embeddable":true,"href":"https:\/\/exlibris.ee\/en\/wp-json\/wp\/v2\/product_tag?post=87439"},{"taxonomy":"series","embeddable":true,"href":"https:\/\/exlibris.ee\/en\/wp-json\/wp\/v2\/series?post=87439"},{"taxonomy":"publisher","embeddable":true,"href":"https:\/\/exlibris.ee\/en\/wp-json\/wp\/v2\/publisher?post=87439"}],"curies":[{"name":"wp","href":"https:\/\/api.w.org\/{rel}","templated":true}]}}