{"id":87441,"date":"2023-07-17T15:30:44","date_gmt":"2023-07-17T12:30:44","guid":{"rendered":"https:\/\/exlibris.ee\/toode\/netzwerk-a1-intensivtrainer\/"},"modified":"2026-04-06T09:07:59","modified_gmt":"2026-04-06T06:07:59","slug":"netzwerk-a1-intensivtrainer","status":"publish","type":"product","link":"https:\/\/exlibris.ee\/en\/product\/netzwerk-a1-intensivtrainer\/","title":{"rendered":"Netzwerk A1, Intensivtrainer"},"content":{"rendered":"<p>Der Intensivtrainer zu Netzwerk A1 (Kapitel 1\u201312) erm\u00f6glicht auf 5 Seiten pro Kapitel zus\u00e4tzliches \u00dcben von Wortschatz, Redemitteln und Grammatik eignet sich insbesondere zur Wiederholung und zur Vertiefung zu Hause kann zur Binnendifferenzierung eingesetzt werden enth\u00e4lt alle L\u00f6sungen im Anhang.<\/p>\n","protected":false},"excerpt":{"rendered":"<p>Der Intensivtrainer zu Netzwerk A1 (Kapitel 1\u201312) erm\u00f6glicht auf 5 Seiten pro Kapitel zus\u00e4tzliches \u00dcben von Wortschatz, Redemitteln und Grammatik eignet sich insbesondere zur Wiederholung und zur Vertiefung zu Hause kann zur Binnendifferenzierung eingesetzt werden enth\u00e4lt alle L\u00f6sungen im Anhang.<\/p>\n","protected":false},"featured_media":87221,"template":"","meta":{"_acf_changed":false,"inline_featured_image":false},"product_brand":[],"product_cat":[538],"product_tag":[],"series":[{"id":1388,"name":"Netzwerk","slug":"netzwerk"}],"publisher":[{"id":473,"name":"Klett Verlag","slug":"klett-verlag"}],"class_list":{"0":"post-87441","1":"product","2":"type-product","3":"status-publish","4":"has-post-thumbnail","6":"product_cat-lehrwerke-fur-erwachsene","7":"series-netzwerk","8":"publisher-klett-verlag","10":"first","11":"onbackorder","12":"taxable","13":"shipping-taxable","14":"purchasable","15":"product-type-simple"},"acf":[],"_links":{"self":[{"href":"https:\/\/exlibris.ee\/en\/wp-json\/wp\/v2\/product\/87441","targetHints":{"allow":["GET"]}}],"collection":[{"href":"https:\/\/exlibris.ee\/en\/wp-json\/wp\/v2\/product"}],"about":[{"href":"https:\/\/exlibris.ee\/en\/wp-json\/wp\/v2\/types\/product"}],"wp:featuredmedia":[{"embeddable":true,"href":"https:\/\/exlibris.ee\/en\/wp-json\/wp\/v2\/media\/87221"}],"wp:attachment":[{"href":"https:\/\/exlibris.ee\/en\/wp-json\/wp\/v2\/media?parent=87441"}],"wp:term":[{"taxonomy":"product_brand","embeddable":true,"href":"https:\/\/exlibris.ee\/en\/wp-json\/wp\/v2\/product_brand?post=87441"},{"taxonomy":"product_cat","embeddable":true,"href":"https:\/\/exlibris.ee\/en\/wp-json\/wp\/v2\/product_cat?post=87441"},{"taxonomy":"product_tag","embeddable":true,"href":"https:\/\/exlibris.ee\/en\/wp-json\/wp\/v2\/product_tag?post=87441"},{"taxonomy":"series","embeddable":true,"href":"https:\/\/exlibris.ee\/en\/wp-json\/wp\/v2\/series?post=87441"},{"taxonomy":"publisher","embeddable":true,"href":"https:\/\/exlibris.ee\/en\/wp-json\/wp\/v2\/publisher?post=87441"}],"curies":[{"name":"wp","href":"https:\/\/api.w.org\/{rel}","templated":true}]}}